{"id":11538,"date":"2025-06-29T13:56:25","date_gmt":"2025-06-29T11:56:25","guid":{"rendered":"https:\/\/uj.adatbank.ro\/lexikon\/termek\/keltz-simon-looki-es-fulentici\/"},"modified":"2025-06-29T13:56:25","modified_gmt":"2025-06-29T11:56:25","slug":"keltz-simon-looki-es-fulentici","status":"publish","type":"product","link":"https:\/\/uj.adatbank.ro\/lexikon\/termek\/keltz-simon-looki-es-fulentici\/","title":{"rendered":"KELTZ Simon, lo\u00f3ki \u00e9s fulentici"},"content":{"rendered":"<p>Cseho., 1901. j\u00fal. 15., \u2020 ?: f\u00f6ldbirtokos. \u2013 K. Gyula \u00e9s Szilvia fia. Feles\u00e9ge: zaguzsini Jakabffy M\u00e1ria. Fi\u00fak Gyula. \u2013 \u00c9retts\u00e9gizett. Az Erd\u00e9lyi M. P\u00e1rt tagja. 370 hold f\u00f6ldj\u00e9t kisaj\u00e1t\u00edtott\u00e1k. K\u00e9nyszerlakhelye Mv. (1949. m\u00e1rc.). A securitate megfigyeltette. A Mv.-en k\u00e9nyszerlakhelyen \u00e9l\u0151 volt m. f\u00f6ldbirtokosok k\u00e9t nagyobb csoportba t\u00f6m\u00f6r\u00fcltek \u00e9s heti gyakoris\u00e1ggal tal\u00e1lkoztak. A Rozsnyai Gy\u00f6rgyh\u00f6z tartoz\u00f3 csoport tagja (1951), valamint a Torma Mikl\u00f3s melletti r. k. vonal\u00e9. <br \/><strong>Irod.:<\/strong> Bartos 2012; Mik\u00f3<\/br><\/p>\n","protected":false},"excerpt":{"rendered":"<p>Cseho., 1901. j\u00fal. 15., \u2020 ?: f\u00f6ldbirtokos. \u2013 K. Gyula \u00e9s Szilvia fia. Feles\u00e9ge: zaguzsini Jakabffy M\u00e1ria. Fi\u00fak Gyula. \u2013 \u00c9retts\u00e9gizett. Az Erd\u00e9lyi M. P\u00e1rt tagja. 370 hold f\u00f6ldj\u00e9t kisaj\u00e1t\u00edtott\u00e1k. K\u00e9nyszerlakhelye Mv. (1949. m\u00e1rc.). A securitate megfigyeltette. A Mv.-en k\u00e9nyszerlakhelyen \u00e9l\u0151 volt m. f\u00f6ldbirtokosok k\u00e9t nagyobb csoportba t\u00f6m\u00f6r\u00fcltek \u00e9s heti gyakoris\u00e1ggal tal\u00e1lkoztak. A Rozsnyai Gy\u00f6rgyh\u00f6z [&hellip;]<\/p>\n","protected":false},"featured_media":0,"comment_status":"open","ping_status":"closed","template":"","meta":[],"product_brand":[],"product_cat":[137],"product_tag":[],"class_list":{"0":"post-11538","1":"product","2":"type-product","3":"status-publish","5":"product_cat-maros-megyei-eletrajzi-lexikon","7":"first","8":"instock","9":"shipping-taxable","10":"product-type-simple"},"_links":{"self":[{"href":"https:\/\/uj.adatbank.ro\/lexikon\/wp-json\/wp\/v2\/product\/11538","targetHints":{"allow":["GET"]}}],"collection":[{"href":"https:\/\/uj.adatbank.ro\/lexikon\/wp-json\/wp\/v2\/product"}],"about":[{"href":"https:\/\/uj.adatbank.ro\/lexikon\/wp-json\/wp\/v2\/types\/product"}],"replies":[{"embeddable":true,"href":"https:\/\/uj.adatbank.ro\/lexikon\/wp-json\/wp\/v2\/comments?post=11538"}],"wp:attachment":[{"href":"https:\/\/uj.adatbank.ro\/lexikon\/wp-json\/wp\/v2\/media?parent=11538"}],"wp:term":[{"taxonomy":"product_brand","embeddable":true,"href":"https:\/\/uj.adatbank.ro\/lexikon\/wp-json\/wp\/v2\/product_brand?post=11538"},{"taxonomy":"product_cat","embeddable":true,"href":"https:\/\/uj.adatbank.ro\/lexikon\/wp-json\/wp\/v2\/product_cat?post=11538"},{"taxonomy":"product_tag","embeddable":true,"href":"https:\/\/uj.adatbank.ro\/lexikon\/wp-json\/wp\/v2\/product_tag?post=11538"}],"curies":[{"name":"wp","href":"https:\/\/api.w.org\/{rel}","templated":true}]}}