{"id":11541,"date":"2025-06-29T13:56:30","date_gmt":"2025-06-29T11:56:30","guid":{"rendered":"https:\/\/uj.adatbank.ro\/lexikon\/termek\/kemenes-mor\/"},"modified":"2025-06-29T13:56:30","modified_gmt":"2025-06-29T11:56:30","slug":"kemenes-mor","status":"publish","type":"product","link":"https:\/\/uj.adatbank.ro\/lexikon\/termek\/kemenes-mor\/","title":{"rendered":"KEMENES M\u00f3r"},"content":{"rendered":"<p>? 1891, \u2020 1915. \u00e1pr. 22.: tan\u00edt\u00f3. \u2013 A mv.-i izraelita N\u00e9piskol\u00e1ban tan\u00edtott \u00f6t \u00e9vig. A polg\u00e1ri fi\u00faiskola tornaterm\u00e9ben 21 taggal beind\u00edtotta szertorna szakoszt\u00e1ly edz\u00e9seit (1910). A sportegyletnek lend\u00fcletet ad\u00f3 vez\u00e9ralakja, az antialkoholista egylet megszervez\u0151je. A filharmonikusok zenekar\u00e1ban is m\u0171k\u00f6d\u00f6tt. R\u00e9szt vett az I. vh.-ban, a 22. honv\u00e9d gyalogezred hadapr\u00f3dja, az \u00e9szaki harct\u00e9ren halt h\u0151si hal\u00e1lt. <br \/><strong>Irod.:<\/strong> Kl\u00f3sz-Tolok\u00e1n; Mv. \u00e9s a h\u00e1bor\u00fa 2.; Mv.-i zsid\u00f3 temet\u0151 dok; Ol\u00e1h.<\/br><\/p>\n","protected":false},"excerpt":{"rendered":"<p>? 1891, \u2020 1915. \u00e1pr. 22.: tan\u00edt\u00f3. \u2013 A mv.-i izraelita N\u00e9piskol\u00e1ban tan\u00edtott \u00f6t \u00e9vig. A polg\u00e1ri fi\u00faiskola tornaterm\u00e9ben 21 taggal beind\u00edtotta szertorna szakoszt\u00e1ly edz\u00e9seit (1910). A sportegyletnek lend\u00fcletet ad\u00f3 vez\u00e9ralakja, az antialkoholista egylet megszervez\u0151je. A filharmonikusok zenekar\u00e1ban is m\u0171k\u00f6d\u00f6tt. R\u00e9szt vett az I. vh.-ban, a 22. honv\u00e9d gyalogezred hadapr\u00f3dja, az \u00e9szaki harct\u00e9ren halt h\u0151si [&hellip;]<\/p>\n","protected":false},"featured_media":0,"comment_status":"open","ping_status":"closed","template":"","meta":[],"product_brand":[],"product_cat":[137],"product_tag":[],"class_list":{"0":"post-11541","1":"product","2":"type-product","3":"status-publish","5":"product_cat-maros-megyei-eletrajzi-lexikon","7":"first","8":"instock","9":"shipping-taxable","10":"product-type-simple"},"_links":{"self":[{"href":"https:\/\/uj.adatbank.ro\/lexikon\/wp-json\/wp\/v2\/product\/11541","targetHints":{"allow":["GET"]}}],"collection":[{"href":"https:\/\/uj.adatbank.ro\/lexikon\/wp-json\/wp\/v2\/product"}],"about":[{"href":"https:\/\/uj.adatbank.ro\/lexikon\/wp-json\/wp\/v2\/types\/product"}],"replies":[{"embeddable":true,"href":"https:\/\/uj.adatbank.ro\/lexikon\/wp-json\/wp\/v2\/comments?post=11541"}],"wp:attachment":[{"href":"https:\/\/uj.adatbank.ro\/lexikon\/wp-json\/wp\/v2\/media?parent=11541"}],"wp:term":[{"taxonomy":"product_brand","embeddable":true,"href":"https:\/\/uj.adatbank.ro\/lexikon\/wp-json\/wp\/v2\/product_brand?post=11541"},{"taxonomy":"product_cat","embeddable":true,"href":"https:\/\/uj.adatbank.ro\/lexikon\/wp-json\/wp\/v2\/product_cat?post=11541"},{"taxonomy":"product_tag","embeddable":true,"href":"https:\/\/uj.adatbank.ro\/lexikon\/wp-json\/wp\/v2\/product_tag?post=11541"}],"curies":[{"name":"wp","href":"https:\/\/api.w.org\/{rel}","templated":true}]}}