{"id":11542,"date":"2025-06-29T13:56:32","date_gmt":"2025-06-29T11:56:32","guid":{"rendered":"https:\/\/uj.adatbank.ro\/lexikon\/termek\/kemenes-tamas\/"},"modified":"2025-06-29T13:56:32","modified_gmt":"2025-06-29T11:56:32","slug":"kemenes-tamas","status":"publish","type":"product","link":"https:\/\/uj.adatbank.ro\/lexikon\/termek\/kemenes-tamas\/","title":{"rendered":"K\u00c9MENES Tam\u00e1s"},"content":{"rendered":"<p>Ditr\u00f3, 1911. dec. 24., \u2020 1966. szept. 2.: r. k. pap. \u2013 Cs\u00edszered\u00e1ban \u00e9s Gyulafeh\u00e9rv\u00e1ron v\u00e9gezte. Papp\u00e1 szentelt\u00e9k (Ditr\u00f3, 1937. m\u00e1rc. 21.). K\u00e1pl\u00e1n K\u00e9zdiszentkereszten (1937), Sz\u00e1rhegyen \u00e9s Cs\u00edkszentm\u00e1rtonban (1938), Mv.-en (1940), Gyergy\u00f3szentmikl\u00f3son (1941). Lelkip\u00e1sztor Vasl\u00e1bon (1943) \u00e9s G\u00f6demesterh\u00e1z\u00e1n (1948\u2013). &#8211;<br \/><strong>Irod.:<\/strong> Ferenczi S\u00e1ndor 2009; Ferenczi S\u00e1ndor 2012; (Szabad Sz\u00f3, 1948. m\u00e1rc. 17.)<\/br><\/p>\n","protected":false},"excerpt":{"rendered":"<p>Ditr\u00f3, 1911. dec. 24., \u2020 1966. szept. 2.: r. k. pap. \u2013 Cs\u00edszered\u00e1ban \u00e9s Gyulafeh\u00e9rv\u00e1ron v\u00e9gezte. Papp\u00e1 szentelt\u00e9k (Ditr\u00f3, 1937. m\u00e1rc. 21.). K\u00e1pl\u00e1n K\u00e9zdiszentkereszten (1937), Sz\u00e1rhegyen \u00e9s Cs\u00edkszentm\u00e1rtonban (1938), Mv.-en (1940), Gyergy\u00f3szentmikl\u00f3son (1941). Lelkip\u00e1sztor Vasl\u00e1bon (1943) \u00e9s G\u00f6demesterh\u00e1z\u00e1n (1948\u2013). &#8211;Irod.: Ferenczi S\u00e1ndor 2009; Ferenczi S\u00e1ndor 2012; (Szabad Sz\u00f3, 1948. m\u00e1rc. 17.)<\/p>\n","protected":false},"featured_media":0,"comment_status":"open","ping_status":"closed","template":"","meta":[],"product_brand":[],"product_cat":[137],"product_tag":[],"class_list":{"0":"post-11542","1":"product","2":"type-product","3":"status-publish","5":"product_cat-maros-megyei-eletrajzi-lexikon","7":"first","8":"instock","9":"shipping-taxable","10":"product-type-simple"},"_links":{"self":[{"href":"https:\/\/uj.adatbank.ro\/lexikon\/wp-json\/wp\/v2\/product\/11542","targetHints":{"allow":["GET"]}}],"collection":[{"href":"https:\/\/uj.adatbank.ro\/lexikon\/wp-json\/wp\/v2\/product"}],"about":[{"href":"https:\/\/uj.adatbank.ro\/lexikon\/wp-json\/wp\/v2\/types\/product"}],"replies":[{"embeddable":true,"href":"https:\/\/uj.adatbank.ro\/lexikon\/wp-json\/wp\/v2\/comments?post=11542"}],"wp:attachment":[{"href":"https:\/\/uj.adatbank.ro\/lexikon\/wp-json\/wp\/v2\/media?parent=11542"}],"wp:term":[{"taxonomy":"product_brand","embeddable":true,"href":"https:\/\/uj.adatbank.ro\/lexikon\/wp-json\/wp\/v2\/product_brand?post=11542"},{"taxonomy":"product_cat","embeddable":true,"href":"https:\/\/uj.adatbank.ro\/lexikon\/wp-json\/wp\/v2\/product_cat?post=11542"},{"taxonomy":"product_tag","embeddable":true,"href":"https:\/\/uj.adatbank.ro\/lexikon\/wp-json\/wp\/v2\/product_tag?post=11542"}],"curies":[{"name":"wp","href":"https:\/\/api.w.org\/{rel}","templated":true}]}}