{"id":11544,"date":"2025-06-29T13:56:38","date_gmt":"2025-06-29T11:56:38","guid":{"rendered":"https:\/\/uj.adatbank.ro\/lexikon\/termek\/kemeny-adam-magyargyeromonostori\/"},"modified":"2025-06-29T13:56:38","modified_gmt":"2025-06-29T11:56:38","slug":"kemeny-adam-magyargyeromonostori","status":"publish","type":"product","link":"https:\/\/uj.adatbank.ro\/lexikon\/termek\/kemeny-adam-magyargyeromonostori\/","title":{"rendered":"KEM\u00c9NY \u00c1d\u00e1m, magyargyer\u0151monostori"},"content":{"rendered":"<p>? \u2020 1753: f\u00f6ldbirtokos. \u2013 K. Simon \u00e9s Vay Anna fia. Feles\u00e9ge: kisr\u00e9dei gr. Rh\u00e9dey Druzsina. Fiaik: Istv\u00e1n (\u2020 Cremona); III. Simon (1736\u20131789) II. feles\u00e9ge (1760. \u00e1pr. 21. t\u00f3l \u2013 1764) Wessel\u00e9nyi Polix\u00e9nia (1743. j\u00fal. 6. \u2013 1764. m\u00e1j. 1.), aki n\u00e9gy \u00e9v ut\u00e1n elhunyt. III. feles\u00e9ge cegei gr. Wass Kata (\u20201783), sz\u00fcletett \u00f6t gyermek\u00fck: IV. Simon (1774\u20131826). Als\u00f3feh\u00e9r vm. f\u0151isp\u00e1nja, a III. J\u00e1nos, aki homor\u00f3dszentp\u00e1li Szentp\u00e1li \u00c1gnest (1782\u20131802) vette feles\u00e9g\u00fcl. Als\u00f3feh\u00e9rv\u00e1r \u00e9s Kolozs vm. -\u00e9k f\u0151isp\u00e1nja. A marosv\u00e9csi uradalom \u00e9s kast\u00e9ly tulajdonosa. Tov\u00e1bb \u00e9p\u00edtette \u00e9s d\u00edsz\u00edtette a marosv\u00e9csi templomot. <br \/><strong>Irod.:<\/strong> Bicsok-Orb\u00e1n; Maros megyei m. t\u00f6rt. 5.<\/br><\/p>\n","protected":false},"excerpt":{"rendered":"<p>? \u2020 1753: f\u00f6ldbirtokos. \u2013 K. Simon \u00e9s Vay Anna fia. Feles\u00e9ge: kisr\u00e9dei gr. Rh\u00e9dey Druzsina. Fiaik: Istv\u00e1n (\u2020 Cremona); III. Simon (1736\u20131789) II. feles\u00e9ge (1760. \u00e1pr. 21. t\u00f3l \u2013 1764) Wessel\u00e9nyi Polix\u00e9nia (1743. j\u00fal. 6. \u2013 1764. m\u00e1j. 1.), aki n\u00e9gy \u00e9v ut\u00e1n elhunyt. III. feles\u00e9ge cegei gr. Wass Kata (\u20201783), sz\u00fcletett \u00f6t gyermek\u00fck: [&hellip;]<\/p>\n","protected":false},"featured_media":0,"comment_status":"open","ping_status":"closed","template":"","meta":[],"product_brand":[],"product_cat":[137],"product_tag":[],"class_list":{"0":"post-11544","1":"product","2":"type-product","3":"status-publish","5":"product_cat-maros-megyei-eletrajzi-lexikon","7":"first","8":"instock","9":"shipping-taxable","10":"product-type-simple"},"_links":{"self":[{"href":"https:\/\/uj.adatbank.ro\/lexikon\/wp-json\/wp\/v2\/product\/11544","targetHints":{"allow":["GET"]}}],"collection":[{"href":"https:\/\/uj.adatbank.ro\/lexikon\/wp-json\/wp\/v2\/product"}],"about":[{"href":"https:\/\/uj.adatbank.ro\/lexikon\/wp-json\/wp\/v2\/types\/product"}],"replies":[{"embeddable":true,"href":"https:\/\/uj.adatbank.ro\/lexikon\/wp-json\/wp\/v2\/comments?post=11544"}],"wp:attachment":[{"href":"https:\/\/uj.adatbank.ro\/lexikon\/wp-json\/wp\/v2\/media?parent=11544"}],"wp:term":[{"taxonomy":"product_brand","embeddable":true,"href":"https:\/\/uj.adatbank.ro\/lexikon\/wp-json\/wp\/v2\/product_brand?post=11544"},{"taxonomy":"product_cat","embeddable":true,"href":"https:\/\/uj.adatbank.ro\/lexikon\/wp-json\/wp\/v2\/product_cat?post=11544"},{"taxonomy":"product_tag","embeddable":true,"href":"https:\/\/uj.adatbank.ro\/lexikon\/wp-json\/wp\/v2\/product_tag?post=11544"}],"curies":[{"name":"wp","href":"https:\/\/api.w.org\/{rel}","templated":true}]}}