{"id":11545,"date":"2025-06-29T13:56:41","date_gmt":"2025-06-29T11:56:41","guid":{"rendered":"https:\/\/uj.adatbank.ro\/lexikon\/termek\/kemeny-agnes-magyargyeromonostori-br-banffy-sandorne\/"},"modified":"2025-06-29T13:56:41","modified_gmt":"2025-06-29T11:56:41","slug":"kemeny-agnes-magyargyeromonostori-br-banffy-sandorne","status":"publish","type":"product","link":"https:\/\/uj.adatbank.ro\/lexikon\/termek\/kemeny-agnes-magyargyeromonostori-br-banffy-sandorne\/","title":{"rendered":"KEM\u00c9NY \u00c1gnes, magyargyer\u0151monostori br.; B\u00e1nffy S\u00e1ndorn\u00e9"},"content":{"rendered":"<p>? \u2020 1802.: f\u00f6ldbirtokos. \u2013 K. J\u00e1nos \u00e9s Brugier Carolina Vilma le\u00e1nya. F\u00e9rje losonczi gr. B\u00e1nffy S\u00e1ndor. Fia L\u00e1szl\u00f3. (\u2020 1784) <br \/><strong>Irod.:<\/strong> Gudenus; Pap Mih\u00e1ly Az igaz \u00e9s Isten el\u0151tt kedves isteni f\u00e9lelemmenek..: Halotti besz\u00e9d fia B\u00e1nffy L\u00e1szl\u00f3 temet\u00e9s\u00e9n (Mv., 1784)<\/br><\/p>\n","protected":false},"excerpt":{"rendered":"<p>? \u2020 1802.: f\u00f6ldbirtokos. \u2013 K. J\u00e1nos \u00e9s Brugier Carolina Vilma le\u00e1nya. F\u00e9rje losonczi gr. B\u00e1nffy S\u00e1ndor. Fia L\u00e1szl\u00f3. (\u2020 1784) Irod.: Gudenus; Pap Mih\u00e1ly Az igaz \u00e9s Isten el\u0151tt kedves isteni f\u00e9lelemmenek..: Halotti besz\u00e9d fia B\u00e1nffy L\u00e1szl\u00f3 temet\u00e9s\u00e9n (Mv., 1784)<\/p>\n","protected":false},"featured_media":0,"comment_status":"open","ping_status":"closed","template":"","meta":[],"product_brand":[],"product_cat":[137],"product_tag":[],"class_list":{"0":"post-11545","1":"product","2":"type-product","3":"status-publish","5":"product_cat-maros-megyei-eletrajzi-lexikon","7":"first","8":"instock","9":"shipping-taxable","10":"product-type-simple"},"_links":{"self":[{"href":"https:\/\/uj.adatbank.ro\/lexikon\/wp-json\/wp\/v2\/product\/11545","targetHints":{"allow":["GET"]}}],"collection":[{"href":"https:\/\/uj.adatbank.ro\/lexikon\/wp-json\/wp\/v2\/product"}],"about":[{"href":"https:\/\/uj.adatbank.ro\/lexikon\/wp-json\/wp\/v2\/types\/product"}],"replies":[{"embeddable":true,"href":"https:\/\/uj.adatbank.ro\/lexikon\/wp-json\/wp\/v2\/comments?post=11545"}],"wp:attachment":[{"href":"https:\/\/uj.adatbank.ro\/lexikon\/wp-json\/wp\/v2\/media?parent=11545"}],"wp:term":[{"taxonomy":"product_brand","embeddable":true,"href":"https:\/\/uj.adatbank.ro\/lexikon\/wp-json\/wp\/v2\/product_brand?post=11545"},{"taxonomy":"product_cat","embeddable":true,"href":"https:\/\/uj.adatbank.ro\/lexikon\/wp-json\/wp\/v2\/product_cat?post=11545"},{"taxonomy":"product_tag","embeddable":true,"href":"https:\/\/uj.adatbank.ro\/lexikon\/wp-json\/wp\/v2\/product_tag?post=11545"}],"curies":[{"name":"wp","href":"https:\/\/api.w.org\/{rel}","templated":true}]}}