{"id":11546,"date":"2025-06-29T13:56:44","date_gmt":"2025-06-29T11:56:44","guid":{"rendered":"https:\/\/uj.adatbank.ro\/lexikon\/termek\/kemeny-akos-magyargyeromonostori-br\/"},"modified":"2025-06-29T13:56:44","modified_gmt":"2025-06-29T11:56:44","slug":"kemeny-akos-magyargyeromonostori-br","status":"publish","type":"product","link":"https:\/\/uj.adatbank.ro\/lexikon\/termek\/kemeny-akos-magyargyeromonostori-br\/","title":{"rendered":"KEM\u00c9NY \u00c1kos, magyargyer\u0151monostori br."},"content":{"rendered":"<p>Kv., 1866. m\u00e1j. 23., \u2020 Balatonf\u00fcred, 1922. j\u00fan. 10., temetve Kv.: f\u0151isp\u00e1n, ogy. k\u00e9pvisel\u0151, p\u00e1rteln\u00f6k. \u2013 \u00d6d\u00f6n (1837\u20131921) \u00e9s ka\u00e1li Nagy Gizella (1839\u20131898) fia. Feles\u00e9ge: 1. Bethlen Zs\u00f3fia (1868\u20131934) (esk\u00fcv\u0151 Mez\u0151szak\u00e1ll); 2. Zeykfalvi Zeyk Cecilia (1876-?) (esk\u00fcv\u0151 Kv. 1902). Fogadott fia \u00e9s hitbizom\u00e1nyi \u00f6r\u00f6k\u00f6se K. J\u00e1nos. \u2013 K\u00f6z\u00e9piskol\u00e1t B\u00e9csben a Therezianumban v\u00e9gzett, majd jogot hallgatott B\u00e9csben \u00e9s Bp.-en, ahol \u00e1llamtudom\u00e1nyi doktori oklevelet szerzett. Marostorda megy\u00e9ben mint k\u00f6zigazgat\u00e1si alkalmazott dolgozott (1890\u2013), f\u0151isp\u00e1ni titk\u00e1r lett Torda-Aranyos megy\u00e9ben (1891). A sz\u00e1szr\u00e9geni v\u00e1laszt\u00f3ker. k\u00e9pvisel\u0151v\u00e9 v\u00e1lasztotta (1892). A Szabadelv\u0171 P\u00e1rt tagja, a K\u00e9rv\u00e9nyi \u00e9s Napl\u00f3\u00edr\u00f3i bizotts\u00e1gban tev\u00e9kenykedett. Mint korjegyz\u0151 szerepelt az ogy. megnyit\u00e1sakor (1892). Dics\u0151szentm\u00e1rton f\u0151isp\u00e1nja (1902\u20131905). Folytatta S\u00e1ndor J\u00e1nos f\u0151isp\u00e1n v\u00e1rosfejleszt\u0151- \u00e9p\u00edt\u0151 tev\u00e9kenys\u00e9g\u00e9t: befejezt\u00e9k a P\u00e9nz\u00fcgyigazgat\u00f3s\u00e1g \u00e9p\u00fclet\u00e9t, fel\u00e9p\u00edtett\u00e9k az \u00c1llami Elemi iskol\u00e1t (tervezte K\u00f3s K\u00e1roly), a G\u00e1zgy\u00e1rat \u00e9s a Nitrog\u00e9ngy\u00e1rat, bevezettette a v\u00e1rosba a g\u00e1zvil\u00e1g\u00edt\u00e1st, fel\u00e9p\u00edtett\u00e9k a Herkules T\u00e9glagy\u00e1rat \u00e9s az Elmegy\u00f3gyint\u00e9zetet, amelyet azonban a h\u00e1bor\u00fa miatt m\u00e1r nem tudtak befejezni. Kisk\u00fck\u00fcll\u0151 v\u00e1rmegye f\u0151isp\u00e1nja (1913\u201315). Az Erd\u00e9lyi Sz\u00f6vets\u00e9g helyi tagozat\u00e1nak vezet\u0151je (1921), Az EMKE aleln\u00f6ke, a M. Sz\u00f6vets\u00e9g mv.-i tagozat\u00e1nak eln\u00f6ke (\u20131922), a Mv.-i Agr\u00e1rbank rt. eln\u00f6ke, a Sz\u00e1szr\u00e9gen \u00e9s vid\u00e9ke Takar\u00e9k \u00e9s K\u00f6lcs\u00f6np\u00e9nzt\u00e1ra igazgat\u00f3tan\u00e1cs\u00e1nak tagja. A marosv\u00e9csi kast\u00e9ly tulajdonosa. <br \/><strong>Irod.:<\/strong> Dics\u0151szentm\u00e1rton r\u00e9gi arca; D\u00f3zsa Endre cs. k. kamar\u00e1s alisp\u00e1n inditv\u00e1nya. (Kv., 1913); Gr. Tisza Istv\u00e1n \u00f6sszes munk\u00e1i (Bp., 1927); Gudenus; Guly\u00e1s; Id\u0151t\u00e1r 3; Lev\u00e9lt\u00e1ri gz\u00e1szj.; Ogy.-i almanach; P\u00e1l Judit: Erd\u00e9lyi f\u0151isp\u00e1nok a Tisza-\u00e9ra v\u00e9g\u00e9n (1890\u201391) (II.) (Korunk, 4. sz., 2009); Pan\u0103\u00ad<\/br><\/p>\n","protected":false},"excerpt":{"rendered":"<p>Kv., 1866. m\u00e1j. 23., \u2020 Balatonf\u00fcred, 1922. j\u00fan. 10., temetve Kv.: f\u0151isp\u00e1n, ogy. k\u00e9pvisel\u0151, p\u00e1rteln\u00f6k. \u2013 \u00d6d\u00f6n (1837\u20131921) \u00e9s ka\u00e1li Nagy Gizella (1839\u20131898) fia. Feles\u00e9ge: 1. Bethlen Zs\u00f3fia (1868\u20131934) (esk\u00fcv\u0151 Mez\u0151szak\u00e1ll); 2. Zeykfalvi Zeyk Cecilia (1876-?) (esk\u00fcv\u0151 Kv. 1902). Fogadott fia \u00e9s hitbizom\u00e1nyi \u00f6r\u00f6k\u00f6se K. J\u00e1nos. \u2013 K\u00f6z\u00e9piskol\u00e1t B\u00e9csben a Therezianumban v\u00e9gzett, majd jogot hallgatott [&hellip;]<\/p>\n","protected":false},"featured_media":0,"comment_status":"open","ping_status":"closed","template":"","meta":[],"product_brand":[],"product_cat":[137],"product_tag":[],"class_list":{"0":"post-11546","1":"product","2":"type-product","3":"status-publish","5":"product_cat-maros-megyei-eletrajzi-lexikon","7":"first","8":"instock","9":"shipping-taxable","10":"product-type-simple"},"_links":{"self":[{"href":"https:\/\/uj.adatbank.ro\/lexikon\/wp-json\/wp\/v2\/product\/11546","targetHints":{"allow":["GET"]}}],"collection":[{"href":"https:\/\/uj.adatbank.ro\/lexikon\/wp-json\/wp\/v2\/product"}],"about":[{"href":"https:\/\/uj.adatbank.ro\/lexikon\/wp-json\/wp\/v2\/types\/product"}],"replies":[{"embeddable":true,"href":"https:\/\/uj.adatbank.ro\/lexikon\/wp-json\/wp\/v2\/comments?post=11546"}],"wp:attachment":[{"href":"https:\/\/uj.adatbank.ro\/lexikon\/wp-json\/wp\/v2\/media?parent=11546"}],"wp:term":[{"taxonomy":"product_brand","embeddable":true,"href":"https:\/\/uj.adatbank.ro\/lexikon\/wp-json\/wp\/v2\/product_brand?post=11546"},{"taxonomy":"product_cat","embeddable":true,"href":"https:\/\/uj.adatbank.ro\/lexikon\/wp-json\/wp\/v2\/product_cat?post=11546"},{"taxonomy":"product_tag","embeddable":true,"href":"https:\/\/uj.adatbank.ro\/lexikon\/wp-json\/wp\/v2\/product_tag?post=11546"}],"curies":[{"name":"wp","href":"https:\/\/api.w.org\/{rel}","templated":true}]}}