{"id":11548,"date":"2025-06-29T13:56:48","date_gmt":"2025-06-29T11:56:48","guid":{"rendered":"https:\/\/uj.adatbank.ro\/lexikon\/termek\/kemeny-anna-magyargyeromonostori-br-petki-ferencne\/"},"modified":"2025-06-29T13:56:48","modified_gmt":"2025-06-29T11:56:48","slug":"kemeny-anna-magyargyeromonostori-br-petki-ferencne","status":"publish","type":"product","link":"https:\/\/uj.adatbank.ro\/lexikon\/termek\/kemeny-anna-magyargyeromonostori-br-petki-ferencne\/","title":{"rendered":"KEM\u00c9NY Anna, magyargyer\u0151monostori br., Petki Ferencn\u00e9,"},"content":{"rendered":"<p>Kv., 1849. szept. 3. \u2020 Kv.-on m\u00e9g \u00e9lt az 1900-as \u00e9vek elej\u00e9n: b\u00e1r\u00f3n\u0151, marosszentgy\u00f6rgyi f\u00f6ldbirtokos. &#8211; Gy\u00f6rgy (1812\u20131896) \u00e9s Bethlen M\u00e1ria (1814\u20131895) l\u00e1nya. F\u00e9rje kir\u00e1lyhalmi Petki Ferenc (1845\u20131888) (esk. 1875). Marosszentgy\u00f6rgy\u00f6n f\u00f6ldbirtokos. <br \/><strong>Irod.:<\/strong> Gudenus<\/br><\/p>\n","protected":false},"excerpt":{"rendered":"<p>Kv., 1849. szept. 3. \u2020 Kv.-on m\u00e9g \u00e9lt az 1900-as \u00e9vek elej\u00e9n: b\u00e1r\u00f3n\u0151, marosszentgy\u00f6rgyi f\u00f6ldbirtokos. &#8211; Gy\u00f6rgy (1812\u20131896) \u00e9s Bethlen M\u00e1ria (1814\u20131895) l\u00e1nya. F\u00e9rje kir\u00e1lyhalmi Petki Ferenc (1845\u20131888) (esk. 1875). Marosszentgy\u00f6rgy\u00f6n f\u00f6ldbirtokos. Irod.: Gudenus<\/p>\n","protected":false},"featured_media":0,"comment_status":"open","ping_status":"closed","template":"","meta":[],"product_brand":[],"product_cat":[137],"product_tag":[],"class_list":{"0":"post-11548","1":"product","2":"type-product","3":"status-publish","5":"product_cat-maros-megyei-eletrajzi-lexikon","7":"first","8":"instock","9":"shipping-taxable","10":"product-type-simple"},"_links":{"self":[{"href":"https:\/\/uj.adatbank.ro\/lexikon\/wp-json\/wp\/v2\/product\/11548","targetHints":{"allow":["GET"]}}],"collection":[{"href":"https:\/\/uj.adatbank.ro\/lexikon\/wp-json\/wp\/v2\/product"}],"about":[{"href":"https:\/\/uj.adatbank.ro\/lexikon\/wp-json\/wp\/v2\/types\/product"}],"replies":[{"embeddable":true,"href":"https:\/\/uj.adatbank.ro\/lexikon\/wp-json\/wp\/v2\/comments?post=11548"}],"wp:attachment":[{"href":"https:\/\/uj.adatbank.ro\/lexikon\/wp-json\/wp\/v2\/media?parent=11548"}],"wp:term":[{"taxonomy":"product_brand","embeddable":true,"href":"https:\/\/uj.adatbank.ro\/lexikon\/wp-json\/wp\/v2\/product_brand?post=11548"},{"taxonomy":"product_cat","embeddable":true,"href":"https:\/\/uj.adatbank.ro\/lexikon\/wp-json\/wp\/v2\/product_cat?post=11548"},{"taxonomy":"product_tag","embeddable":true,"href":"https:\/\/uj.adatbank.ro\/lexikon\/wp-json\/wp\/v2\/product_tag?post=11548"}],"curies":[{"name":"wp","href":"https:\/\/api.w.org\/{rel}","templated":true}]}}