{"id":11549,"date":"2025-06-29T13:56:49","date_gmt":"2025-06-29T11:56:49","guid":{"rendered":"https:\/\/uj.adatbank.ro\/lexikon\/termek\/kemeny-anna-magyargyeromonostori-br-ugron-jozsefne\/"},"modified":"2025-06-29T13:56:49","modified_gmt":"2025-06-29T11:56:49","slug":"kemeny-anna-magyargyeromonostori-br-ugron-jozsefne","status":"publish","type":"product","link":"https:\/\/uj.adatbank.ro\/lexikon\/termek\/kemeny-anna-magyargyeromonostori-br-ugron-jozsefne\/","title":{"rendered":"KEM\u00c9NY Anna, magyargyer\u0151monostori br., Ugron J\u00f3zsefn\u00e9"},"content":{"rendered":"<p>? \u2020 ?: b\u00e1r\u00f3n\u0151. \u2013 A tan\u00e1cs megtiltotta hogy a h\u00e1za el\u0151tt egy kutat betemessen (1805), azzal az indokkal hogy az k\u00f6zter\u00fcleten van, m\u00e1sr\u00e9szt sz\u00fcks\u00e9g van r\u00e1 t\u0171zv\u00e9sz eset\u00e9n. <br \/><strong>Irod.:<\/strong> P\u00e1l-Antal 2009<\/br><\/p>\n","protected":false},"excerpt":{"rendered":"<p>? \u2020 ?: b\u00e1r\u00f3n\u0151. \u2013 A tan\u00e1cs megtiltotta hogy a h\u00e1za el\u0151tt egy kutat betemessen (1805), azzal az indokkal hogy az k\u00f6zter\u00fcleten van, m\u00e1sr\u00e9szt sz\u00fcks\u00e9g van r\u00e1 t\u0171zv\u00e9sz eset\u00e9n. Irod.: P\u00e1l-Antal 2009<\/p>\n","protected":false},"featured_media":0,"comment_status":"open","ping_status":"closed","template":"","meta":[],"product_brand":[],"product_cat":[137],"product_tag":[],"class_list":{"0":"post-11549","1":"product","2":"type-product","3":"status-publish","5":"product_cat-maros-megyei-eletrajzi-lexikon","7":"first","8":"instock","9":"shipping-taxable","10":"product-type-simple"},"_links":{"self":[{"href":"https:\/\/uj.adatbank.ro\/lexikon\/wp-json\/wp\/v2\/product\/11549","targetHints":{"allow":["GET"]}}],"collection":[{"href":"https:\/\/uj.adatbank.ro\/lexikon\/wp-json\/wp\/v2\/product"}],"about":[{"href":"https:\/\/uj.adatbank.ro\/lexikon\/wp-json\/wp\/v2\/types\/product"}],"replies":[{"embeddable":true,"href":"https:\/\/uj.adatbank.ro\/lexikon\/wp-json\/wp\/v2\/comments?post=11549"}],"wp:attachment":[{"href":"https:\/\/uj.adatbank.ro\/lexikon\/wp-json\/wp\/v2\/media?parent=11549"}],"wp:term":[{"taxonomy":"product_brand","embeddable":true,"href":"https:\/\/uj.adatbank.ro\/lexikon\/wp-json\/wp\/v2\/product_brand?post=11549"},{"taxonomy":"product_cat","embeddable":true,"href":"https:\/\/uj.adatbank.ro\/lexikon\/wp-json\/wp\/v2\/product_cat?post=11549"},{"taxonomy":"product_tag","embeddable":true,"href":"https:\/\/uj.adatbank.ro\/lexikon\/wp-json\/wp\/v2\/product_tag?post=11549"}],"curies":[{"name":"wp","href":"https:\/\/api.w.org\/{rel}","templated":true}]}}