{"id":11551,"date":"2025-06-29T13:56:56","date_gmt":"2025-06-29T11:56:56","guid":{"rendered":"https:\/\/uj.adatbank.ro\/lexikon\/termek\/kemeny-anna-nani-magyargyeromonostori-br-orosz-lajosne\/"},"modified":"2025-06-29T13:56:56","modified_gmt":"2025-06-29T11:56:56","slug":"kemeny-anna-nani-magyargyeromonostori-br-orosz-lajosne","status":"publish","type":"product","link":"https:\/\/uj.adatbank.ro\/lexikon\/termek\/kemeny-anna-nani-magyargyeromonostori-br-orosz-lajosne\/","title":{"rendered":"KEM\u00c9NY Anna, N\u00e1ni, magyargyer\u0151monostori br., Orosz Lajosn\u00e9"},"content":{"rendered":"<p>Sz\u00e9kelyszenterzs\u00e9bet, 1874. j\u00fal. 10. \u2020 Szov\u00e1ta, 1969. m\u00e1rc. 14: b\u00e1r\u00f3n\u0151. \u2013 Sz\u00fclei : B\u00e9la (1844\u20131902) \u00e9s Haller Berta (1851\u201329). F\u00e9rje csicseri Orosz Lajos (1867\u20131907) cs. k. kamar\u00e1s, husz\u00e1rkapit\u00e1ny (1895. okt. 23\u2013). <br \/><strong>Irod.:<\/strong> Gudenus<\/br><\/p>\n","protected":false},"excerpt":{"rendered":"<p>Sz\u00e9kelyszenterzs\u00e9bet, 1874. j\u00fal. 10. \u2020 Szov\u00e1ta, 1969. m\u00e1rc. 14: b\u00e1r\u00f3n\u0151. \u2013 Sz\u00fclei : B\u00e9la (1844\u20131902) \u00e9s Haller Berta (1851\u201329). F\u00e9rje csicseri Orosz Lajos (1867\u20131907) cs. k. kamar\u00e1s, husz\u00e1rkapit\u00e1ny (1895. okt. 23\u2013). Irod.: Gudenus<\/p>\n","protected":false},"featured_media":0,"comment_status":"open","ping_status":"closed","template":"","meta":[],"product_brand":[],"product_cat":[137],"product_tag":[],"class_list":{"0":"post-11551","1":"product","2":"type-product","3":"status-publish","5":"product_cat-maros-megyei-eletrajzi-lexikon","7":"first","8":"instock","9":"shipping-taxable","10":"product-type-simple"},"_links":{"self":[{"href":"https:\/\/uj.adatbank.ro\/lexikon\/wp-json\/wp\/v2\/product\/11551","targetHints":{"allow":["GET"]}}],"collection":[{"href":"https:\/\/uj.adatbank.ro\/lexikon\/wp-json\/wp\/v2\/product"}],"about":[{"href":"https:\/\/uj.adatbank.ro\/lexikon\/wp-json\/wp\/v2\/types\/product"}],"replies":[{"embeddable":true,"href":"https:\/\/uj.adatbank.ro\/lexikon\/wp-json\/wp\/v2\/comments?post=11551"}],"wp:attachment":[{"href":"https:\/\/uj.adatbank.ro\/lexikon\/wp-json\/wp\/v2\/media?parent=11551"}],"wp:term":[{"taxonomy":"product_brand","embeddable":true,"href":"https:\/\/uj.adatbank.ro\/lexikon\/wp-json\/wp\/v2\/product_brand?post=11551"},{"taxonomy":"product_cat","embeddable":true,"href":"https:\/\/uj.adatbank.ro\/lexikon\/wp-json\/wp\/v2\/product_cat?post=11551"},{"taxonomy":"product_tag","embeddable":true,"href":"https:\/\/uj.adatbank.ro\/lexikon\/wp-json\/wp\/v2\/product_tag?post=11551"}],"curies":[{"name":"wp","href":"https:\/\/api.w.org\/{rel}","templated":true}]}}