{"id":11552,"date":"2025-06-29T13:56:59","date_gmt":"2025-06-29T11:56:59","guid":{"rendered":"https:\/\/uj.adatbank.ro\/lexikon\/termek\/kemeny-arpad-magyargyeromonostori-br\/"},"modified":"2025-06-29T13:56:59","modified_gmt":"2025-06-29T11:56:59","slug":"kemeny-arpad-magyargyeromonostori-br","status":"publish","type":"product","link":"https:\/\/uj.adatbank.ro\/lexikon\/termek\/kemeny-arpad-magyargyeromonostori-br\/","title":{"rendered":"KEM\u00c9NY \u00c1rp\u00e1d, magyargyer\u0151monostori br."},"content":{"rendered":"<p>Szil\u00e1gyk\u00f6vesd, 1866. dec. 24., \u2020 Bp., 1941. j\u00fan 1.: dics\u0151szentm\u00e1rtoni f\u00f6ldbirtokos, f\u0151isp\u00e1n. \u2013 Albert (1814\u20131876) \u00e9s als\u00f3drask\u00f3czi Morvay Zs\u00f3fia (1834\u20131904) fia. Feles\u00e9ge Szil\u00e1rd Zs\u00f3fia \/Szentirmay Arabelle n\u00e9ven sz\u00edn\u00e9szn\u0151 (1870\u20131955). A k\u00f6z\u00e9piskol\u00e1t \u00e9s a jogot Kv.-on v\u00e9gezte. Als\u00f3feh\u00e9rmegye f\u0151isp\u00e1nja, a f\u0151rendih\u00e1z tagja (1894\u2013) \u00e9s aleln\u00f6ke. A csombordi kast\u00e9ly tulajdonjog\u00e1t az I. vh. ut\u00e1n \u00e1truh\u00e1zta a nagyenyedi Bethlen Koll. ra, az als\u00f3g\u00e1ldi kast\u00e9lyt eladta. Aurel Albini Nagyenyed polg\u00e1rmester\u00e9nek. <br \/><strong>Irod.:<\/strong> A IV. Orsz\u00e1gos Patronage Kongresszus (Kv., 1914); Bicsok-Orb\u00e1n; Gudenus; MNZsK<\/br><\/p>\n","protected":false},"excerpt":{"rendered":"<p>Szil\u00e1gyk\u00f6vesd, 1866. dec. 24., \u2020 Bp., 1941. j\u00fan 1.: dics\u0151szentm\u00e1rtoni f\u00f6ldbirtokos, f\u0151isp\u00e1n. \u2013 Albert (1814\u20131876) \u00e9s als\u00f3drask\u00f3czi Morvay Zs\u00f3fia (1834\u20131904) fia. Feles\u00e9ge Szil\u00e1rd Zs\u00f3fia \/Szentirmay Arabelle n\u00e9ven sz\u00edn\u00e9szn\u0151 (1870\u20131955). A k\u00f6z\u00e9piskol\u00e1t \u00e9s a jogot Kv.-on v\u00e9gezte. Als\u00f3feh\u00e9rmegye f\u0151isp\u00e1nja, a f\u0151rendih\u00e1z tagja (1894\u2013) \u00e9s aleln\u00f6ke. A csombordi kast\u00e9ly tulajdonjog\u00e1t az I. vh. ut\u00e1n \u00e1truh\u00e1zta a nagyenyedi [&hellip;]<\/p>\n","protected":false},"featured_media":0,"comment_status":"open","ping_status":"closed","template":"","meta":[],"product_brand":[],"product_cat":[137],"product_tag":[],"class_list":{"0":"post-11552","1":"product","2":"type-product","3":"status-publish","5":"product_cat-maros-megyei-eletrajzi-lexikon","7":"first","8":"instock","9":"shipping-taxable","10":"product-type-simple"},"_links":{"self":[{"href":"https:\/\/uj.adatbank.ro\/lexikon\/wp-json\/wp\/v2\/product\/11552","targetHints":{"allow":["GET"]}}],"collection":[{"href":"https:\/\/uj.adatbank.ro\/lexikon\/wp-json\/wp\/v2\/product"}],"about":[{"href":"https:\/\/uj.adatbank.ro\/lexikon\/wp-json\/wp\/v2\/types\/product"}],"replies":[{"embeddable":true,"href":"https:\/\/uj.adatbank.ro\/lexikon\/wp-json\/wp\/v2\/comments?post=11552"}],"wp:attachment":[{"href":"https:\/\/uj.adatbank.ro\/lexikon\/wp-json\/wp\/v2\/media?parent=11552"}],"wp:term":[{"taxonomy":"product_brand","embeddable":true,"href":"https:\/\/uj.adatbank.ro\/lexikon\/wp-json\/wp\/v2\/product_brand?post=11552"},{"taxonomy":"product_cat","embeddable":true,"href":"https:\/\/uj.adatbank.ro\/lexikon\/wp-json\/wp\/v2\/product_cat?post=11552"},{"taxonomy":"product_tag","embeddable":true,"href":"https:\/\/uj.adatbank.ro\/lexikon\/wp-json\/wp\/v2\/product_tag?post=11552"}],"curies":[{"name":"wp","href":"https:\/\/api.w.org\/{rel}","templated":true}]}}