{"id":11554,"date":"2025-06-29T13:57:05","date_gmt":"2025-06-29T11:57:05","guid":{"rendered":"https:\/\/uj.adatbank.ro\/lexikon\/termek\/kemeny-bela-magyargyeromonostori-br\/"},"modified":"2025-06-29T13:57:05","modified_gmt":"2025-06-29T11:57:05","slug":"kemeny-bela-magyargyeromonostori-br","status":"publish","type":"product","link":"https:\/\/uj.adatbank.ro\/lexikon\/termek\/kemeny-bela-magyargyeromonostori-br\/","title":{"rendered":"KEM\u00c9NY B\u00e9la, magyargyer\u0151monostori br."},"content":{"rendered":"<p>Diodv\u00e1ralja, 1844, \u2020 Szil\u00e1gysomly\u00f3, 1902. m\u00e1j. 12. Sz\u00e9kelyszenterzs\u00e9beten temett\u00e9k el: birtokos. \u2013 Domokos (Mv., 1806\u20131885) \u00e9s Zeyk Borb\u00e1la (Mv., 1807\u20131848) fia Feles\u00e9ge gr. Haller Berta (1851\u20131929). Gyermekei: J\u00f3zsef (1873\u20131925), Anna\/N\u00e1ni (1874-Szov\u00e1ta, 1969). <br \/><strong>Irod.:<\/strong> Gudenus; Kornis<\/br><\/p>\n","protected":false},"excerpt":{"rendered":"<p>Diodv\u00e1ralja, 1844, \u2020 Szil\u00e1gysomly\u00f3, 1902. m\u00e1j. 12. Sz\u00e9kelyszenterzs\u00e9beten temett\u00e9k el: birtokos. \u2013 Domokos (Mv., 1806\u20131885) \u00e9s Zeyk Borb\u00e1la (Mv., 1807\u20131848) fia Feles\u00e9ge gr. Haller Berta (1851\u20131929). Gyermekei: J\u00f3zsef (1873\u20131925), Anna\/N\u00e1ni (1874-Szov\u00e1ta, 1969). Irod.: Gudenus; Kornis<\/p>\n","protected":false},"featured_media":0,"comment_status":"open","ping_status":"closed","template":"","meta":[],"product_brand":[],"product_cat":[137],"product_tag":[],"class_list":{"0":"post-11554","1":"product","2":"type-product","3":"status-publish","5":"product_cat-maros-megyei-eletrajzi-lexikon","7":"first","8":"instock","9":"shipping-taxable","10":"product-type-simple"},"_links":{"self":[{"href":"https:\/\/uj.adatbank.ro\/lexikon\/wp-json\/wp\/v2\/product\/11554","targetHints":{"allow":["GET"]}}],"collection":[{"href":"https:\/\/uj.adatbank.ro\/lexikon\/wp-json\/wp\/v2\/product"}],"about":[{"href":"https:\/\/uj.adatbank.ro\/lexikon\/wp-json\/wp\/v2\/types\/product"}],"replies":[{"embeddable":true,"href":"https:\/\/uj.adatbank.ro\/lexikon\/wp-json\/wp\/v2\/comments?post=11554"}],"wp:attachment":[{"href":"https:\/\/uj.adatbank.ro\/lexikon\/wp-json\/wp\/v2\/media?parent=11554"}],"wp:term":[{"taxonomy":"product_brand","embeddable":true,"href":"https:\/\/uj.adatbank.ro\/lexikon\/wp-json\/wp\/v2\/product_brand?post=11554"},{"taxonomy":"product_cat","embeddable":true,"href":"https:\/\/uj.adatbank.ro\/lexikon\/wp-json\/wp\/v2\/product_cat?post=11554"},{"taxonomy":"product_tag","embeddable":true,"href":"https:\/\/uj.adatbank.ro\/lexikon\/wp-json\/wp\/v2\/product_tag?post=11554"}],"curies":[{"name":"wp","href":"https:\/\/api.w.org\/{rel}","templated":true}]}}