{"id":11555,"date":"2025-06-29T13:57:07","date_gmt":"2025-06-29T11:57:07","guid":{"rendered":"https:\/\/uj.adatbank.ro\/lexikon\/termek\/kemeny-berenice-%c2%a7-magyargyeromonostori-br-ifj-gr-bethleni-bethlen-balazsne\/"},"modified":"2025-06-29T13:57:07","modified_gmt":"2025-06-29T11:57:07","slug":"kemeny-berenice-%c2%a7-magyargyeromonostori-br-ifj-gr-bethleni-bethlen-balazsne","status":"publish","type":"product","link":"https:\/\/uj.adatbank.ro\/lexikon\/termek\/kemeny-berenice-%c2%a7-magyargyeromonostori-br-ifj-gr-bethleni-bethlen-balazsne\/","title":{"rendered":"KEM\u00c9NY Berenice, \u00a7 magyargyer\u0151monostori br., ifj. gr. bethleni Bethlen Bal\u00e1zsn\u00e9"},"content":{"rendered":"<p>Pittsburg (USA), 1900. \u00e1pr. 18., \u2020 Maross\u00e1rpatak, 1981. j\u00fal 10, temett\u00e9k Mv., 1981. j\u00fal. 13.: f\u00f6ldbirtokos, b\u00e1r\u00f3n\u0151. \u2013 K. Istv\u00e1n (1863\u20131904) \u00e9s Mitchell Ida Berenice (1871-Mv., 1956) le\u00e1nya. F\u00e9rjhez ment Bethlen Bal\u00e1zs G\u00e9z\u00e1hoz (1901- Mv., 1981). Esk\u00fcv\u0151, Kv., 1923. aug. 15. K\u00e9nyszerlakhelyre Mv. -re telep\u00edtett\u00e9k (1949 m\u00e1rc.), angol \u00f3r\u00e1kat adott, l\u00e9v\u00e9n anyanyelve az angol. <br \/><strong>Irod.:<\/strong> Gudenus; Kornis; Marosi Ildik\u00f3; [Nekrol\u00f3g] (V. Z., 1981. j\u00fal. 12.)<\/br><\/p>\n","protected":false},"excerpt":{"rendered":"<p>Pittsburg (USA), 1900. \u00e1pr. 18., \u2020 Maross\u00e1rpatak, 1981. j\u00fal 10, temett\u00e9k Mv., 1981. j\u00fal. 13.: f\u00f6ldbirtokos, b\u00e1r\u00f3n\u0151. \u2013 K. Istv\u00e1n (1863\u20131904) \u00e9s Mitchell Ida Berenice (1871-Mv., 1956) le\u00e1nya. F\u00e9rjhez ment Bethlen Bal\u00e1zs G\u00e9z\u00e1hoz (1901- Mv., 1981). Esk\u00fcv\u0151, Kv., 1923. aug. 15. K\u00e9nyszerlakhelyre Mv. -re telep\u00edtett\u00e9k (1949 m\u00e1rc.), angol \u00f3r\u00e1kat adott, l\u00e9v\u00e9n anyanyelve az angol. Irod.: [&hellip;]<\/p>\n","protected":false},"featured_media":0,"comment_status":"open","ping_status":"closed","template":"","meta":[],"product_brand":[],"product_cat":[137],"product_tag":[],"class_list":{"0":"post-11555","1":"product","2":"type-product","3":"status-publish","5":"product_cat-maros-megyei-eletrajzi-lexikon","7":"first","8":"instock","9":"shipping-taxable","10":"product-type-simple"},"_links":{"self":[{"href":"https:\/\/uj.adatbank.ro\/lexikon\/wp-json\/wp\/v2\/product\/11555","targetHints":{"allow":["GET"]}}],"collection":[{"href":"https:\/\/uj.adatbank.ro\/lexikon\/wp-json\/wp\/v2\/product"}],"about":[{"href":"https:\/\/uj.adatbank.ro\/lexikon\/wp-json\/wp\/v2\/types\/product"}],"replies":[{"embeddable":true,"href":"https:\/\/uj.adatbank.ro\/lexikon\/wp-json\/wp\/v2\/comments?post=11555"}],"wp:attachment":[{"href":"https:\/\/uj.adatbank.ro\/lexikon\/wp-json\/wp\/v2\/media?parent=11555"}],"wp:term":[{"taxonomy":"product_brand","embeddable":true,"href":"https:\/\/uj.adatbank.ro\/lexikon\/wp-json\/wp\/v2\/product_brand?post=11555"},{"taxonomy":"product_cat","embeddable":true,"href":"https:\/\/uj.adatbank.ro\/lexikon\/wp-json\/wp\/v2\/product_cat?post=11555"},{"taxonomy":"product_tag","embeddable":true,"href":"https:\/\/uj.adatbank.ro\/lexikon\/wp-json\/wp\/v2\/product_tag?post=11555"}],"curies":[{"name":"wp","href":"https:\/\/api.w.org\/{rel}","templated":true}]}}