{"id":11557,"date":"2025-06-29T13:57:10","date_gmt":"2025-06-29T11:57:10","guid":{"rendered":"https:\/\/uj.adatbank.ro\/lexikon\/termek\/kemeny-boldizsar-magyargyeromonostori-2\/"},"modified":"2025-06-29T13:57:10","modified_gmt":"2025-06-29T11:57:10","slug":"kemeny-boldizsar-magyargyeromonostori-2","status":"publish","type":"product","link":"https:\/\/uj.adatbank.ro\/lexikon\/termek\/kemeny-boldizsar-magyargyeromonostori-2\/","title":{"rendered":"KEM\u00c9NY Boldizs\u00e1r, magyargyer\u0151monostori"},"content":{"rendered":"<p>? \u2020 Zombor (Lengyelo), 1657. febr. 16.: f\u00f6ldbirtokos, f\u0151isp\u00e1n. \u2013 K. Boldizs\u00e1r (1576\u20131630) \u00e9s Tornyi Zs\u00f3fia fia. Feles\u00e9ge Bornemisza Zsuzsa (\u2020 1673). B\u00fckk\u00f6si birtokos. Doboka (1642\u2013), majd Kolozs vm. f\u0151isp\u00e1nja (1649\u201357), Kornis Ferenccel egy\u00fctt. Udvarhelysz\u00e9ki f\u00f6kapit\u00e1ny (1654\u2013), II. R\u00e1k\u00f3czi Gy\u00f6rgy fejedelemnek f\u0151 lov\u00e1sz-mestere, hatalmas vad\u00e1sz ember. Elkis\u00e9rte R\u00e1k\u00f3czit lengyelorsz\u00e1gi hadj\u00e1rat\u00e1ba, a harct\u00e9ren halt meg. \u2013 mint b\u00e1tyja J\u00e1nos, a fejedelem irja \u2013 \u201e1657-ki febr. 16-\u00e1n a lengyelorsz\u00e1gi hadakoz\u00e1skor homlokba kapott l\u00f6v\u00e9s folyt\u00e1n elv\u00e9rzett\u201d. A magyarg\u00e1ldi renesz\u00e1nsz udvarh\u00e1z \u00e9p\u00edttet\u0151je <br \/><strong>Irod.:<\/strong> Bicsok-Orb\u00e1n; Documente privitoare la istoria Ardealului, Moldovei \u015fi \u0162\u0103rii Rom\u00e2ne\u015fti 9. (Buc., 1929\u201338); Kiss G\u00e1bor; K\u0151v\u00e1ry 1866; Kraus: Erd\u00e9lyi kr\u00f3nika; Mo. F\u0151isp\u00e1njai; Nagy Iv\u00e1n<\/br><\/p>\n","protected":false},"excerpt":{"rendered":"<p>? \u2020 Zombor (Lengyelo), 1657. febr. 16.: f\u00f6ldbirtokos, f\u0151isp\u00e1n. \u2013 K. Boldizs\u00e1r (1576\u20131630) \u00e9s Tornyi Zs\u00f3fia fia. Feles\u00e9ge Bornemisza Zsuzsa (\u2020 1673). B\u00fckk\u00f6si birtokos. Doboka (1642\u2013), majd Kolozs vm. f\u0151isp\u00e1nja (1649\u201357), Kornis Ferenccel egy\u00fctt. Udvarhelysz\u00e9ki f\u00f6kapit\u00e1ny (1654\u2013), II. R\u00e1k\u00f3czi Gy\u00f6rgy fejedelemnek f\u0151 lov\u00e1sz-mestere, hatalmas vad\u00e1sz ember. Elkis\u00e9rte R\u00e1k\u00f3czit lengyelorsz\u00e1gi hadj\u00e1rat\u00e1ba, a harct\u00e9ren halt meg. \u2013 [&hellip;]<\/p>\n","protected":false},"featured_media":0,"comment_status":"open","ping_status":"closed","template":"","meta":[],"product_brand":[],"product_cat":[137],"product_tag":[],"class_list":{"0":"post-11557","1":"product","2":"type-product","3":"status-publish","5":"product_cat-maros-megyei-eletrajzi-lexikon","7":"first","8":"instock","9":"shipping-taxable","10":"product-type-simple"},"_links":{"self":[{"href":"https:\/\/uj.adatbank.ro\/lexikon\/wp-json\/wp\/v2\/product\/11557","targetHints":{"allow":["GET"]}}],"collection":[{"href":"https:\/\/uj.adatbank.ro\/lexikon\/wp-json\/wp\/v2\/product"}],"about":[{"href":"https:\/\/uj.adatbank.ro\/lexikon\/wp-json\/wp\/v2\/types\/product"}],"replies":[{"embeddable":true,"href":"https:\/\/uj.adatbank.ro\/lexikon\/wp-json\/wp\/v2\/comments?post=11557"}],"wp:attachment":[{"href":"https:\/\/uj.adatbank.ro\/lexikon\/wp-json\/wp\/v2\/media?parent=11557"}],"wp:term":[{"taxonomy":"product_brand","embeddable":true,"href":"https:\/\/uj.adatbank.ro\/lexikon\/wp-json\/wp\/v2\/product_brand?post=11557"},{"taxonomy":"product_cat","embeddable":true,"href":"https:\/\/uj.adatbank.ro\/lexikon\/wp-json\/wp\/v2\/product_cat?post=11557"},{"taxonomy":"product_tag","embeddable":true,"href":"https:\/\/uj.adatbank.ro\/lexikon\/wp-json\/wp\/v2\/product_tag?post=11557"}],"curies":[{"name":"wp","href":"https:\/\/api.w.org\/{rel}","templated":true}]}}