{"id":11558,"date":"2025-06-29T13:57:13","date_gmt":"2025-06-29T11:57:13","guid":{"rendered":"https:\/\/uj.adatbank.ro\/lexikon\/termek\/kemeny-boldizsar-magyargyeromonostori-3\/"},"modified":"2025-06-29T13:57:13","modified_gmt":"2025-06-29T11:57:13","slug":"kemeny-boldizsar-magyargyeromonostori-3","status":"publish","type":"product","link":"https:\/\/uj.adatbank.ro\/lexikon\/termek\/kemeny-boldizsar-magyargyeromonostori-3\/","title":{"rendered":"KEM\u00c9NY Boldizs\u00e1r, magyargyer\u0151monostori"},"content":{"rendered":"<p>? \u2020 ?: f\u0151isp\u00e1n. \u2013 Feles\u00e9ge: br. B\u00e1nffy \u00c1gnes. Le\u00e1nyuk: K. Anna, Ugron J\u00f3zsefn\u00e9. \u2013 F\u0151 commissarus (1694). <br \/><strong>Irod.:<\/strong> P\u00e1lmay; Szaniszl\u00f3<\/br><\/p>\n","protected":false},"excerpt":{"rendered":"<p>? \u2020 ?: f\u0151isp\u00e1n. \u2013 Feles\u00e9ge: br. B\u00e1nffy \u00c1gnes. Le\u00e1nyuk: K. Anna, Ugron J\u00f3zsefn\u00e9. \u2013 F\u0151 commissarus (1694). Irod.: P\u00e1lmay; Szaniszl\u00f3<\/p>\n","protected":false},"featured_media":0,"comment_status":"open","ping_status":"closed","template":"","meta":[],"product_brand":[],"product_cat":[137],"product_tag":[],"class_list":{"0":"post-11558","1":"product","2":"type-product","3":"status-publish","5":"product_cat-maros-megyei-eletrajzi-lexikon","7":"first","8":"instock","9":"shipping-taxable","10":"product-type-simple"},"_links":{"self":[{"href":"https:\/\/uj.adatbank.ro\/lexikon\/wp-json\/wp\/v2\/product\/11558","targetHints":{"allow":["GET"]}}],"collection":[{"href":"https:\/\/uj.adatbank.ro\/lexikon\/wp-json\/wp\/v2\/product"}],"about":[{"href":"https:\/\/uj.adatbank.ro\/lexikon\/wp-json\/wp\/v2\/types\/product"}],"replies":[{"embeddable":true,"href":"https:\/\/uj.adatbank.ro\/lexikon\/wp-json\/wp\/v2\/comments?post=11558"}],"wp:attachment":[{"href":"https:\/\/uj.adatbank.ro\/lexikon\/wp-json\/wp\/v2\/media?parent=11558"}],"wp:term":[{"taxonomy":"product_brand","embeddable":true,"href":"https:\/\/uj.adatbank.ro\/lexikon\/wp-json\/wp\/v2\/product_brand?post=11558"},{"taxonomy":"product_cat","embeddable":true,"href":"https:\/\/uj.adatbank.ro\/lexikon\/wp-json\/wp\/v2\/product_cat?post=11558"},{"taxonomy":"product_tag","embeddable":true,"href":"https:\/\/uj.adatbank.ro\/lexikon\/wp-json\/wp\/v2\/product_tag?post=11558"}],"curies":[{"name":"wp","href":"https:\/\/api.w.org\/{rel}","templated":true}]}}