{"id":11560,"date":"2025-06-29T13:57:18","date_gmt":"2025-06-29T11:57:18","guid":{"rendered":"https:\/\/uj.adatbank.ro\/lexikon\/termek\/kemeny-denes-pal-magyargyeromonostori-br\/"},"modified":"2025-06-29T13:57:18","modified_gmt":"2025-06-29T11:57:18","slug":"kemeny-denes-pal-magyargyeromonostori-br","status":"publish","type":"product","link":"https:\/\/uj.adatbank.ro\/lexikon\/termek\/kemeny-denes-pal-magyargyeromonostori-br\/","title":{"rendered":"KEM\u00c9NY D\u00e9nes P\u00e1l, magyargyer\u0151monostori br.,"},"content":{"rendered":"<p>Cintos, 1912. szept. 16. \u2020 Dumfries (Sk\u00f3cia), 1978. nov. 12.: technol\u00f3gus. \u2013 P\u00e1l (1867\u20131934) \u00e9s Petrichevich Horv\u00e1th Eszter (1880\u20131952) fia, feles\u00e9ge Burnett of Powis Alison, elv\u00e1ltak (1959). Gyermekei: Ilona Mary., P\u00e1l J\u00e1nos. A malomfalvi udvarh\u00e1z utols\u00f3 tulajdonosa. <br \/><strong>Irod.:<\/strong> Gudenus, Keresztes; Maros megye<\/br><\/p>\n","protected":false},"excerpt":{"rendered":"<p>Cintos, 1912. szept. 16. \u2020 Dumfries (Sk\u00f3cia), 1978. nov. 12.: technol\u00f3gus. \u2013 P\u00e1l (1867\u20131934) \u00e9s Petrichevich Horv\u00e1th Eszter (1880\u20131952) fia, feles\u00e9ge Burnett of Powis Alison, elv\u00e1ltak (1959). Gyermekei: Ilona Mary., P\u00e1l J\u00e1nos. A malomfalvi udvarh\u00e1z utols\u00f3 tulajdonosa. Irod.: Gudenus, Keresztes; Maros megye<\/p>\n","protected":false},"featured_media":0,"comment_status":"open","ping_status":"closed","template":"","meta":[],"product_brand":[],"product_cat":[137],"product_tag":[],"class_list":{"0":"post-11560","1":"product","2":"type-product","3":"status-publish","5":"product_cat-maros-megyei-eletrajzi-lexikon","7":"first","8":"instock","9":"shipping-taxable","10":"product-type-simple"},"_links":{"self":[{"href":"https:\/\/uj.adatbank.ro\/lexikon\/wp-json\/wp\/v2\/product\/11560","targetHints":{"allow":["GET"]}}],"collection":[{"href":"https:\/\/uj.adatbank.ro\/lexikon\/wp-json\/wp\/v2\/product"}],"about":[{"href":"https:\/\/uj.adatbank.ro\/lexikon\/wp-json\/wp\/v2\/types\/product"}],"replies":[{"embeddable":true,"href":"https:\/\/uj.adatbank.ro\/lexikon\/wp-json\/wp\/v2\/comments?post=11560"}],"wp:attachment":[{"href":"https:\/\/uj.adatbank.ro\/lexikon\/wp-json\/wp\/v2\/media?parent=11560"}],"wp:term":[{"taxonomy":"product_brand","embeddable":true,"href":"https:\/\/uj.adatbank.ro\/lexikon\/wp-json\/wp\/v2\/product_brand?post=11560"},{"taxonomy":"product_cat","embeddable":true,"href":"https:\/\/uj.adatbank.ro\/lexikon\/wp-json\/wp\/v2\/product_cat?post=11560"},{"taxonomy":"product_tag","embeddable":true,"href":"https:\/\/uj.adatbank.ro\/lexikon\/wp-json\/wp\/v2\/product_tag?post=11560"}],"curies":[{"name":"wp","href":"https:\/\/api.w.org\/{rel}","templated":true}]}}