{"id":11561,"date":"2025-06-29T13:57:21","date_gmt":"2025-06-29T11:57:21","guid":{"rendered":"https:\/\/uj.adatbank.ro\/lexikon\/termek\/kemeny-denes-magyargyeromonostori-br\/"},"modified":"2025-06-29T13:57:21","modified_gmt":"2025-06-29T11:57:21","slug":"kemeny-denes-magyargyeromonostori-br","status":"publish","type":"product","link":"https:\/\/uj.adatbank.ro\/lexikon\/termek\/kemeny-denes-magyargyeromonostori-br\/","title":{"rendered":"KEM\u00c9NY D\u00e9nes, magyargyer\u0151monostori br."},"content":{"rendered":"<p>Csekelaka, 1803., \u2020 Buda, 1849. febr. 17: f\u00f6ldbirtokos, jog\u00e1sz, politikus, \u00e1llamtitk\u00e1r, k\u00e9pvisel\u0151. \u2013 Andr\u00e1s (\u2020 1823) \u00e9s Kendeffy R\u00f3za (1781\u20131809) fia. Feles\u00e9ge: Kem\u00e9ny Katalin (1804\u20131895). Gyermekei: G\u00e1bor (1830. jan. 19. \u2013 1888. okt. 23.), a MTA l. tagja, G\u00e9za (1832\u20131910), Ger\u0151, Ilona (1832\u20131883), Berta, Sarolta (\u2020 1836), Emma, D\u00e9nes. Tanulm\u00e1nyait Nagyenyeden kezdte, a k\u00f6z\u00e9piskol\u00e1t bev\u00e9gezve Mv.-en a Kir\u00e1lyi T\u00e1bl\u00e1n folytatott joggyakorlatot (1822). H\u00edres sz\u00f3nok volt, Bethlen J\u00e1nos, Wessel\u00e9nyi Mikl\u00f3s \u00e9s Sz\u00e1sz K\u00e1rolylyal egy\u00fctt az ellenz\u00e9k \u00e9l\u00e9n \u00e1llott (1827\u2013). Als\u00f3feh\u00e9rmegy\u00e9ben t. f\u0151jegyz\u0151 (\u20131834), az ellenz\u00e9ki vez\u00e9rsz\u00f3noka volt, k\u00e9pvisel\u0151 a Di\u00e9t\u00e1n (1834\u2013), majd a pesti orsz\u00e1ggy\u0171l\u00e9sen mint Gyulafeh\u00e9rv\u00e1r k\u00fcld\u00f6tte jelent meg (1848). Bel\u00fcgyminiszt\u00e9riumi \u00e1llamtitk\u00e1r. Cikke a Nemzet\u0151rben. A MTA l. tagja \u2013 <strong>F. m.:<\/strong> Ad\u00f3rendszer (Bp., 1848); Honegys\u00e9g (B\u00e9cs, 1861). <br \/><strong>Irod.:<\/strong> Csisz\u00e1r; Gudenus; Egyed \u00c1kos 2004, Kazinczy G\u00e1bor: Eml\u00e9kbesz\u00e9d Kem\u00e9ny D\u00e9nes f\u00f6l\u00f6tt (Debrecen, 1849); M\u00e9sz\u00e1ros L\u00e1z\u00e1r: Eszm\u00e9k \u00e9s jellemrajzok az 1848\u201349 forradalom esem\u00e9nyei \u00e9s szerepl\u0151ir\u0151l (Bp., 1871); Mik\u00f3 Imre: Nemzetis\u00e9gi jog \u00e9s nemzetis\u00e9gi politika (Kv., 1944); P\u00e1lffy; Sikl\u00f3ssy L\u00e1szl\u00f3: Az orsz\u00e1ggy\u0171l\u00e9si besz\u00e9d \u00fatja (Bp., 1939); Szinnyei; T\u00e1bori Korn\u00e9l: Titkosrend\u0151rs\u00e9g \u00e9s kamarilla (Bp., 1921)<\/br><\/p>\n","protected":false},"excerpt":{"rendered":"<p>Csekelaka, 1803., \u2020 Buda, 1849. febr. 17: f\u00f6ldbirtokos, jog\u00e1sz, politikus, \u00e1llamtitk\u00e1r, k\u00e9pvisel\u0151. \u2013 Andr\u00e1s (\u2020 1823) \u00e9s Kendeffy R\u00f3za (1781\u20131809) fia. Feles\u00e9ge: Kem\u00e9ny Katalin (1804\u20131895). Gyermekei: G\u00e1bor (1830. jan. 19. \u2013 1888. okt. 23.), a MTA l. tagja, G\u00e9za (1832\u20131910), Ger\u0151, Ilona (1832\u20131883), Berta, Sarolta (\u2020 1836), Emma, D\u00e9nes. Tanulm\u00e1nyait Nagyenyeden kezdte, a k\u00f6z\u00e9piskol\u00e1t bev\u00e9gezve [&hellip;]<\/p>\n","protected":false},"featured_media":0,"comment_status":"open","ping_status":"closed","template":"","meta":[],"product_brand":[],"product_cat":[137],"product_tag":[],"class_list":{"0":"post-11561","1":"product","2":"type-product","3":"status-publish","5":"product_cat-maros-megyei-eletrajzi-lexikon","7":"first","8":"instock","9":"shipping-taxable","10":"product-type-simple"},"_links":{"self":[{"href":"https:\/\/uj.adatbank.ro\/lexikon\/wp-json\/wp\/v2\/product\/11561","targetHints":{"allow":["GET"]}}],"collection":[{"href":"https:\/\/uj.adatbank.ro\/lexikon\/wp-json\/wp\/v2\/product"}],"about":[{"href":"https:\/\/uj.adatbank.ro\/lexikon\/wp-json\/wp\/v2\/types\/product"}],"replies":[{"embeddable":true,"href":"https:\/\/uj.adatbank.ro\/lexikon\/wp-json\/wp\/v2\/comments?post=11561"}],"wp:attachment":[{"href":"https:\/\/uj.adatbank.ro\/lexikon\/wp-json\/wp\/v2\/media?parent=11561"}],"wp:term":[{"taxonomy":"product_brand","embeddable":true,"href":"https:\/\/uj.adatbank.ro\/lexikon\/wp-json\/wp\/v2\/product_brand?post=11561"},{"taxonomy":"product_cat","embeddable":true,"href":"https:\/\/uj.adatbank.ro\/lexikon\/wp-json\/wp\/v2\/product_cat?post=11561"},{"taxonomy":"product_tag","embeddable":true,"href":"https:\/\/uj.adatbank.ro\/lexikon\/wp-json\/wp\/v2\/product_tag?post=11561"}],"curies":[{"name":"wp","href":"https:\/\/api.w.org\/{rel}","templated":true}]}}