{"id":11564,"date":"2025-06-29T13:57:26","date_gmt":"2025-06-29T11:57:26","guid":{"rendered":"https:\/\/uj.adatbank.ro\/lexikon\/termek\/kemeny-domokos-magyargyeromonostori-br-2\/"},"modified":"2025-06-29T13:57:26","modified_gmt":"2025-06-29T11:57:26","slug":"kemeny-domokos-magyargyeromonostori-br-2","status":"publish","type":"product","link":"https:\/\/uj.adatbank.ro\/lexikon\/termek\/kemeny-domokos-magyargyeromonostori-br-2\/","title":{"rendered":"KEM\u00c9NY Domokos, magyargyer\u0151monostori br."},"content":{"rendered":"<p>Malomfalva, 1835 1833. j\u00fal. 10., \u2020 Nagyenyed, 1902. okt. 16., Malomfalv\u00e1ra temett\u00e9k.: f\u00f6ldbirtokos, ogy. k\u00e9pvisel\u0151. \u2013 P\u00e1l (1793\u20131854) \u00e9s Teleki R\u00e1chel (Gernyeszeg, 1794-Mv., 1868) fia. Testv\u00e9rei: br. K. Erzs\u00e9bet; br. Kem\u00e9ny Ilona; Polix\u00e9nia Gy\u00e1rf\u00e1s Domokosn\u00e9; Juli\u00e1nna Zeyk Domokosn\u00e9; Katalin (1826 \u2013 Malomfalva, 1877. nov. 3.), K\u00e1rolina. Feles\u00e9ge: br. Kem\u00e9ny Ilona (Csekelaka, 1832. m\u00e1j. 12- Nagyenyed, 1883. dec. 29.). Esk\u00fcv\u0151: 1861. Gyermekeik: K. Kata, Ida \u00e9s P\u00e1l (1867\u20131934). Birtokai: Malomfalva, Als\u00f3- \u00e9s Fels\u0151-Derehen, Cintos, Istv\u00e1nh\u00e1za, P\u00e9terlaka, Ozd, B\u00fckk\u00f6s, Magyar-Gyer\u0151-Monostor, Ol\u00e1h-Gyer\u0151-Monostor, P. Szent-Mikl\u00f3s, Viszolya, Budatelke. Az EMKE alap\u00edt\u00f3 \u00e9s \u00f6r\u00f6k\u00f6s tagja, a mv.-i v\u00e1rosi v\u00e1lasztm\u00e1ny\u00e1nak alap\u00edt\u00f3tagja (1885). A Mv.-i Ref. Koll. f\u0151gondnoka (1878\u201395), de betegs\u00e9ge miatt m\u00e1r nem tudta ell\u00e1tni tiszt\u00e9t, ez\u00e9rt birtok\u00e1ra, Malomfalv\u00e1ra, h\u00edvatta a koll. igazgat\u00f3j\u00e1t, \u00e1tny\u00fajtotta neki lemond\u00e1s\u00e1t \u00e9s n\u00e9h\u00e1ny iskolai jutalomd\u00edj t\u0151kefedezet\u00e9t (1895. j\u00fan. 2.). K\u00e9r\u00e9s\u00e9re a koll. t. b. f\u0151gondnoka hal\u00e1l\u00e1ig. <br \/><strong>Irod.:<\/strong> Bisztray Gyula: \u00cdr\u00f3 \u00e9s nemzet (Bp., 1943); EMKE120; Eml\u00e9kk\u00f6nyv a K. M. Term\u00e9szettudom\u00e1nyi T\u00e1rsulat f\u00e9lsz\u00e1zados jubileum\u00e1n (Bp., 1892); Az erd\u00e9lyi Ev. Ref. Egyh\u00e1zker\u00fclet Kv. -t 1888 szept. 29-okt. 2. tartott k\u00f6zgy\u0171l\u00e9s\u00e9nek jegyz\u0151k\u00f6nyve (Kv., 1888); Gudenus; Gy\u00e1szjelent\u0151; Horv\u00e1th Mih\u00e1ly: Huszon\u00f6t\u00e9v Mo. t\u00f6rt\u00e9net\u00e9b\u0151l (Genf, 1864\u201365; Pest, 1868); MNZS; S\u00e1ndor; Sebesty\u00e9n; Sz\u00e9chenyi Istv\u00e1n levelei (Bp., 1889); Szinnyei J.<\/br><\/p>\n","protected":false},"excerpt":{"rendered":"<p>Malomfalva, 1835 1833. j\u00fal. 10., \u2020 Nagyenyed, 1902. okt. 16., Malomfalv\u00e1ra temett\u00e9k.: f\u00f6ldbirtokos, ogy. k\u00e9pvisel\u0151. \u2013 P\u00e1l (1793\u20131854) \u00e9s Teleki R\u00e1chel (Gernyeszeg, 1794-Mv., 1868) fia. Testv\u00e9rei: br. K. Erzs\u00e9bet; br. Kem\u00e9ny Ilona; Polix\u00e9nia Gy\u00e1rf\u00e1s Domokosn\u00e9; Juli\u00e1nna Zeyk Domokosn\u00e9; Katalin (1826 \u2013 Malomfalva, 1877. nov. 3.), K\u00e1rolina. Feles\u00e9ge: br. Kem\u00e9ny Ilona (Csekelaka, 1832. m\u00e1j. 12- Nagyenyed, [&hellip;]<\/p>\n","protected":false},"featured_media":0,"comment_status":"open","ping_status":"closed","template":"","meta":[],"product_brand":[],"product_cat":[137],"product_tag":[],"class_list":{"0":"post-11564","1":"product","2":"type-product","3":"status-publish","5":"product_cat-maros-megyei-eletrajzi-lexikon","7":"first","8":"instock","9":"shipping-taxable","10":"product-type-simple"},"_links":{"self":[{"href":"https:\/\/uj.adatbank.ro\/lexikon\/wp-json\/wp\/v2\/product\/11564","targetHints":{"allow":["GET"]}}],"collection":[{"href":"https:\/\/uj.adatbank.ro\/lexikon\/wp-json\/wp\/v2\/product"}],"about":[{"href":"https:\/\/uj.adatbank.ro\/lexikon\/wp-json\/wp\/v2\/types\/product"}],"replies":[{"embeddable":true,"href":"https:\/\/uj.adatbank.ro\/lexikon\/wp-json\/wp\/v2\/comments?post=11564"}],"wp:attachment":[{"href":"https:\/\/uj.adatbank.ro\/lexikon\/wp-json\/wp\/v2\/media?parent=11564"}],"wp:term":[{"taxonomy":"product_brand","embeddable":true,"href":"https:\/\/uj.adatbank.ro\/lexikon\/wp-json\/wp\/v2\/product_brand?post=11564"},{"taxonomy":"product_cat","embeddable":true,"href":"https:\/\/uj.adatbank.ro\/lexikon\/wp-json\/wp\/v2\/product_cat?post=11564"},{"taxonomy":"product_tag","embeddable":true,"href":"https:\/\/uj.adatbank.ro\/lexikon\/wp-json\/wp\/v2\/product_tag?post=11564"}],"curies":[{"name":"wp","href":"https:\/\/api.w.org\/{rel}","templated":true}]}}