{"id":11565,"date":"2025-06-29T13:57:28","date_gmt":"2025-06-29T11:57:28","guid":{"rendered":"https:\/\/uj.adatbank.ro\/lexikon\/termek\/kemeny-domonkos-magyargyeromonostori-br\/"},"modified":"2025-06-29T13:57:28","modified_gmt":"2025-06-29T11:57:28","slug":"kemeny-domonkos-magyargyeromonostori-br","status":"publish","type":"product","link":"https:\/\/uj.adatbank.ro\/lexikon\/termek\/kemeny-domonkos-magyargyeromonostori-br\/","title":{"rendered":"KEM\u00c9NY Domonkos, magyargyer\u0151monostori br."},"content":{"rendered":"<p>Malomfalva, 1905. okt. 22. \u2020 Mv.,., 1972. febr. 4; 1974. nov. 3.: f\u00f6ldbirtokos. \u2013 P\u00e1l (1867\u20131934) \u00e9s sz\u00e9plaki Petrichevich Horv\u00e1th Eszter (1880\u20131952) fia. A malomfalvi volt Wessel\u00e9nyi udvarh\u00e1z egyik \u00f6r\u00f6k\u00f6se. <br \/><strong>Irod.:<\/strong> Gudenus<\/br><\/p>\n","protected":false},"excerpt":{"rendered":"<p>Malomfalva, 1905. okt. 22. \u2020 Mv.,., 1972. febr. 4; 1974. nov. 3.: f\u00f6ldbirtokos. \u2013 P\u00e1l (1867\u20131934) \u00e9s sz\u00e9plaki Petrichevich Horv\u00e1th Eszter (1880\u20131952) fia. A malomfalvi volt Wessel\u00e9nyi udvarh\u00e1z egyik \u00f6r\u00f6k\u00f6se. Irod.: Gudenus<\/p>\n","protected":false},"featured_media":0,"comment_status":"open","ping_status":"closed","template":"","meta":[],"product_brand":[],"product_cat":[137],"product_tag":[],"class_list":{"0":"post-11565","1":"product","2":"type-product","3":"status-publish","5":"product_cat-maros-megyei-eletrajzi-lexikon","7":"first","8":"instock","9":"shipping-taxable","10":"product-type-simple"},"_links":{"self":[{"href":"https:\/\/uj.adatbank.ro\/lexikon\/wp-json\/wp\/v2\/product\/11565","targetHints":{"allow":["GET"]}}],"collection":[{"href":"https:\/\/uj.adatbank.ro\/lexikon\/wp-json\/wp\/v2\/product"}],"about":[{"href":"https:\/\/uj.adatbank.ro\/lexikon\/wp-json\/wp\/v2\/types\/product"}],"replies":[{"embeddable":true,"href":"https:\/\/uj.adatbank.ro\/lexikon\/wp-json\/wp\/v2\/comments?post=11565"}],"wp:attachment":[{"href":"https:\/\/uj.adatbank.ro\/lexikon\/wp-json\/wp\/v2\/media?parent=11565"}],"wp:term":[{"taxonomy":"product_brand","embeddable":true,"href":"https:\/\/uj.adatbank.ro\/lexikon\/wp-json\/wp\/v2\/product_brand?post=11565"},{"taxonomy":"product_cat","embeddable":true,"href":"https:\/\/uj.adatbank.ro\/lexikon\/wp-json\/wp\/v2\/product_cat?post=11565"},{"taxonomy":"product_tag","embeddable":true,"href":"https:\/\/uj.adatbank.ro\/lexikon\/wp-json\/wp\/v2\/product_tag?post=11565"}],"curies":[{"name":"wp","href":"https:\/\/api.w.org\/{rel}","templated":true}]}}