{"id":11566,"date":"2025-06-29T13:57:29","date_gmt":"2025-06-29T11:57:29","guid":{"rendered":"https:\/\/uj.adatbank.ro\/lexikon\/termek\/kemeny-endre-magyargyeromonostori-br\/"},"modified":"2025-06-29T13:57:29","modified_gmt":"2025-06-29T11:57:29","slug":"kemeny-endre-magyargyeromonostori-br","status":"publish","type":"product","link":"https:\/\/uj.adatbank.ro\/lexikon\/termek\/kemeny-endre-magyargyeromonostori-br\/","title":{"rendered":"KEM\u00c9NY Endre, magyargyer\u0151monostori br."},"content":{"rendered":"<p>Kv., Magyarb\u00fckk\u00f6s, 1845. nov. 28., \u2020 Magyarb\u00fckk\u00f6s, 1898. okt. 5 : ogy.-i k\u00e9pvisel\u0151, \u00edr\u00f3. \u2013 Gy\u00f6rgy (1812\u20131896) \u00e9s Bethlen M\u00e1ria (1814\u20131895) fia. Feles\u00e9ge nagybarcsai Barcsay Irma (1849\u20131895) (esk. Kv., 1869 szept. 14). Gyermekei: Gy\u00f6rgy(1872\u20131895), Zolt\u00e1n (\u2020 1889), Olga (\u2020 1953), M\u00e1ria R\u00f3za (1883\u20131929). Tanult Kv.-on, majd Bp.-en jogot v\u00e9gzett. Als\u00f3feh\u00e9rmegye virilist\u00e1ja volt, valamint tagja a k\u00f6zigazgat\u00e1si bizotts\u00e1gnak \u00e9s az \u00e1lland\u00f3 v\u00e1lasztm\u00e1nynak; szabadelv\u0171k\u00e9nt a maros\u00fajv\u00e1ri ker\u00fcletet k\u00e9pviselte a k\u00e9pvisel\u0151h\u00e1zban (1875), a k\u00f6zoktat\u00e1si bizotts\u00e1g tagja. Sokat utazott k\u00fcl\u00f6n\u00f6sen Kelet\u00e1zsi\u00e1ban (India, Ceylon, Jap\u00e1n). Magyarb\u00fckk\u00f6s\u00f6n volt birtoka, 24 hold sz\u0151l\u0151je is volt, a kast\u00e9ly tulajdonosa. K\u00f6ltem\u00e9nyei, elbesz\u00e9l\u00e9sei, politikai cikkei : Korunk, Igazmond\u00f3, Vas\u00e1rnapi \u00dajs\u00e1g (1869. 3. sz. G\u00f6rg\u00e9nyi medvevad\u00e1szatok), Magyar H\u00edrlap, Ellenz\u00e9k, A H\u00e9t, -ben. \u2013 <strong>F. m.:<\/strong> Egy k\u00f6lt\u0151i besz\u00e9ly (Pest, 1868); K\u00e9t k\u00f6l\u0151i besz\u00e9ly (Pest, 1868); Az \u00e1ldozat. Eszm\u00e9nyi szerelem (Pest, 1868); A tenger fiai (Pest, 1878); Fiv\u00e9rek. Gyilkosok (Pest, 1879); B\u00e1nffy Gy\u00f6rgy : A g\u00f3lyakir\u00e1ly c. operettj\u00e9nek a sz\u00f6vege, Orsz\u00e1ggy\u0171l\u00e9si besz\u00e9dei a Napl\u00f3k-ban vannak; <strong>antol\u00f3g.:<\/strong> R\u00e9szv\u00e9t-album a kv.-i \u00e9s mv.-i \u00e1rvah\u00e1zak jav\u00e1ra (Kv., 1872). <br \/><strong>Irod.:<\/strong> Bicsok-Orb\u00e1n; Cs\u00e1vossy; F\u00fcl\u00f6p\u2013Ferencz; Gudenus; Guly\u00e1s; Keresztes; Marosi-KZST; RNL; Szinnyei<\/br><\/p>\n","protected":false},"excerpt":{"rendered":"<p>Kv., Magyarb\u00fckk\u00f6s, 1845. nov. 28., \u2020 Magyarb\u00fckk\u00f6s, 1898. okt. 5 : ogy.-i k\u00e9pvisel\u0151, \u00edr\u00f3. \u2013 Gy\u00f6rgy (1812\u20131896) \u00e9s Bethlen M\u00e1ria (1814\u20131895) fia. Feles\u00e9ge nagybarcsai Barcsay Irma (1849\u20131895) (esk. Kv., 1869 szept. 14). Gyermekei: Gy\u00f6rgy(1872\u20131895), Zolt\u00e1n (\u2020 1889), Olga (\u2020 1953), M\u00e1ria R\u00f3za (1883\u20131929). Tanult Kv.-on, majd Bp.-en jogot v\u00e9gzett. Als\u00f3feh\u00e9rmegye virilist\u00e1ja volt, valamint tagja a [&hellip;]<\/p>\n","protected":false},"featured_media":0,"comment_status":"open","ping_status":"closed","template":"","meta":[],"product_brand":[],"product_cat":[137],"product_tag":[],"class_list":{"0":"post-11566","1":"product","2":"type-product","3":"status-publish","5":"product_cat-maros-megyei-eletrajzi-lexikon","7":"first","8":"instock","9":"shipping-taxable","10":"product-type-simple"},"_links":{"self":[{"href":"https:\/\/uj.adatbank.ro\/lexikon\/wp-json\/wp\/v2\/product\/11566","targetHints":{"allow":["GET"]}}],"collection":[{"href":"https:\/\/uj.adatbank.ro\/lexikon\/wp-json\/wp\/v2\/product"}],"about":[{"href":"https:\/\/uj.adatbank.ro\/lexikon\/wp-json\/wp\/v2\/types\/product"}],"replies":[{"embeddable":true,"href":"https:\/\/uj.adatbank.ro\/lexikon\/wp-json\/wp\/v2\/comments?post=11566"}],"wp:attachment":[{"href":"https:\/\/uj.adatbank.ro\/lexikon\/wp-json\/wp\/v2\/media?parent=11566"}],"wp:term":[{"taxonomy":"product_brand","embeddable":true,"href":"https:\/\/uj.adatbank.ro\/lexikon\/wp-json\/wp\/v2\/product_brand?post=11566"},{"taxonomy":"product_cat","embeddable":true,"href":"https:\/\/uj.adatbank.ro\/lexikon\/wp-json\/wp\/v2\/product_cat?post=11566"},{"taxonomy":"product_tag","embeddable":true,"href":"https:\/\/uj.adatbank.ro\/lexikon\/wp-json\/wp\/v2\/product_tag?post=11566"}],"curies":[{"name":"wp","href":"https:\/\/api.w.org\/{rel}","templated":true}]}}