{"id":11567,"date":"2025-06-29T13:57:30","date_gmt":"2025-06-29T11:57:30","guid":{"rendered":"https:\/\/uj.adatbank.ro\/lexikon\/termek\/kemeny-erzsebet-br\/"},"modified":"2025-06-29T13:57:30","modified_gmt":"2025-06-29T11:57:30","slug":"kemeny-erzsebet-br","status":"publish","type":"product","link":"https:\/\/uj.adatbank.ro\/lexikon\/termek\/kemeny-erzsebet-br\/","title":{"rendered":"KEM\u00c9NY Erzs\u00e9bet, br."},"content":{"rendered":"<p>1829.? \u2020 Malomfalva, 1876. dec. 18.: f\u00f6ldbirtokos. \u2013 Testv\u00e9rei: K. Domokos, feles\u00e9ge br. Kem\u00e9ny Ilka; Polix\u00e9nia Gy\u00e1rf\u00e1s Domokosn\u00e9; Juli\u00e1nna Zeyk Domokosn\u00e9; Katalin, K\u00e1rolina. <br \/><strong>Irod.:<\/strong> Gy\u00e1szjelent\u0151<\/br><\/p>\n","protected":false},"excerpt":{"rendered":"<p>1829.? \u2020 Malomfalva, 1876. dec. 18.: f\u00f6ldbirtokos. \u2013 Testv\u00e9rei: K. Domokos, feles\u00e9ge br. Kem\u00e9ny Ilka; Polix\u00e9nia Gy\u00e1rf\u00e1s Domokosn\u00e9; Juli\u00e1nna Zeyk Domokosn\u00e9; Katalin, K\u00e1rolina. Irod.: Gy\u00e1szjelent\u0151<\/p>\n","protected":false},"featured_media":0,"comment_status":"open","ping_status":"closed","template":"","meta":[],"product_brand":[],"product_cat":[137],"product_tag":[],"class_list":{"0":"post-11567","1":"product","2":"type-product","3":"status-publish","5":"product_cat-maros-megyei-eletrajzi-lexikon","7":"first","8":"instock","9":"shipping-taxable","10":"product-type-simple"},"_links":{"self":[{"href":"https:\/\/uj.adatbank.ro\/lexikon\/wp-json\/wp\/v2\/product\/11567","targetHints":{"allow":["GET"]}}],"collection":[{"href":"https:\/\/uj.adatbank.ro\/lexikon\/wp-json\/wp\/v2\/product"}],"about":[{"href":"https:\/\/uj.adatbank.ro\/lexikon\/wp-json\/wp\/v2\/types\/product"}],"replies":[{"embeddable":true,"href":"https:\/\/uj.adatbank.ro\/lexikon\/wp-json\/wp\/v2\/comments?post=11567"}],"wp:attachment":[{"href":"https:\/\/uj.adatbank.ro\/lexikon\/wp-json\/wp\/v2\/media?parent=11567"}],"wp:term":[{"taxonomy":"product_brand","embeddable":true,"href":"https:\/\/uj.adatbank.ro\/lexikon\/wp-json\/wp\/v2\/product_brand?post=11567"},{"taxonomy":"product_cat","embeddable":true,"href":"https:\/\/uj.adatbank.ro\/lexikon\/wp-json\/wp\/v2\/product_cat?post=11567"},{"taxonomy":"product_tag","embeddable":true,"href":"https:\/\/uj.adatbank.ro\/lexikon\/wp-json\/wp\/v2\/product_tag?post=11567"}],"curies":[{"name":"wp","href":"https:\/\/api.w.org\/{rel}","templated":true}]}}