{"id":11569,"date":"2025-06-29T13:57:34","date_gmt":"2025-06-29T11:57:34","guid":{"rendered":"https:\/\/uj.adatbank.ro\/lexikon\/termek\/kemeny-etelka-magyargyeromonostori-br\/"},"modified":"2025-06-29T13:57:34","modified_gmt":"2025-06-29T11:57:34","slug":"kemeny-etelka-magyargyeromonostori-br","status":"publish","type":"product","link":"https:\/\/uj.adatbank.ro\/lexikon\/termek\/kemeny-etelka-magyargyeromonostori-br\/","title":{"rendered":"KEM\u00c9NY Etelka, magyargyer\u0151monostori br."},"content":{"rendered":"<p>Kv, 1868. m\u00e1j. 19. \u2020 Mv., 1950. dec. 4.: f\u00f6ldbirtokos. \u2013 \u00d6d\u00f6n (1837\u20131921) \u00e9s ka\u00e1li Nagy Gizella (1839\u20131898) l\u00e1nya. <br \/><strong>Irod.:<\/strong> Gudenus<\/br><\/p>\n","protected":false},"excerpt":{"rendered":"<p>Kv, 1868. m\u00e1j. 19. \u2020 Mv., 1950. dec. 4.: f\u00f6ldbirtokos. \u2013 \u00d6d\u00f6n (1837\u20131921) \u00e9s ka\u00e1li Nagy Gizella (1839\u20131898) l\u00e1nya. Irod.: Gudenus<\/p>\n","protected":false},"featured_media":0,"comment_status":"open","ping_status":"closed","template":"","meta":[],"product_brand":[],"product_cat":[137],"product_tag":[],"class_list":{"0":"post-11569","1":"product","2":"type-product","3":"status-publish","5":"product_cat-maros-megyei-eletrajzi-lexikon","7":"first","8":"instock","9":"shipping-taxable","10":"product-type-simple"},"_links":{"self":[{"href":"https:\/\/uj.adatbank.ro\/lexikon\/wp-json\/wp\/v2\/product\/11569","targetHints":{"allow":["GET"]}}],"collection":[{"href":"https:\/\/uj.adatbank.ro\/lexikon\/wp-json\/wp\/v2\/product"}],"about":[{"href":"https:\/\/uj.adatbank.ro\/lexikon\/wp-json\/wp\/v2\/types\/product"}],"replies":[{"embeddable":true,"href":"https:\/\/uj.adatbank.ro\/lexikon\/wp-json\/wp\/v2\/comments?post=11569"}],"wp:attachment":[{"href":"https:\/\/uj.adatbank.ro\/lexikon\/wp-json\/wp\/v2\/media?parent=11569"}],"wp:term":[{"taxonomy":"product_brand","embeddable":true,"href":"https:\/\/uj.adatbank.ro\/lexikon\/wp-json\/wp\/v2\/product_brand?post=11569"},{"taxonomy":"product_cat","embeddable":true,"href":"https:\/\/uj.adatbank.ro\/lexikon\/wp-json\/wp\/v2\/product_cat?post=11569"},{"taxonomy":"product_tag","embeddable":true,"href":"https:\/\/uj.adatbank.ro\/lexikon\/wp-json\/wp\/v2\/product_tag?post=11569"}],"curies":[{"name":"wp","href":"https:\/\/api.w.org\/{rel}","templated":true}]}}