{"id":11570,"date":"2025-06-29T13:57:36","date_gmt":"2025-06-29T11:57:36","guid":{"rendered":"https:\/\/uj.adatbank.ro\/lexikon\/termek\/kemeny-farkas-magyargyeromonostori-br\/"},"modified":"2025-06-29T13:57:36","modified_gmt":"2025-06-29T11:57:36","slug":"kemeny-farkas-magyargyeromonostori-br","status":"publish","type":"product","link":"https:\/\/uj.adatbank.ro\/lexikon\/termek\/kemeny-farkas-magyargyeromonostori-br\/","title":{"rendered":"KEM\u00c9NY Farkas, magyargyer\u0151monostori br."},"content":{"rendered":"<p>Magyarb\u00fckk\u00f6s, 1796., \u2020 London, 1852. jan. 4.: honv\u00e9dezredes, t\u00e1bornok. \u2013 K. Lajos (\u2020 1809) \u00e9s Wessel\u00e9nyi Julianna (1773\u20131809) fia. Testv\u00e9re K. Ferenc. Feles\u00e9ge Seethal Karolina. L\u00e1nya Karolina. Nagyenyeden tanult. Honv\u00e9dezredes \u00e9s dand\u00e1rvez\u00e9r volt (1849), k\u00fcl\u00f6n\u00f6sen a piski csat\u00e1ban t\u0171ntette ki mag\u00e1t; a szabads\u00e1gharc ut\u00e1n Londonba emigr\u00e1lt, \u00e9s ott is halt meg. A Kensall-greeni s\u00edrja f\u00f6l\u00e9 n\u00e9gy honfit\u00e1rsa emelt s\u00edreml\u00e9ket (1856). Nyilt levele Erd\u00e9lyb\u0151l \u00e9s erre Petrichevich Horv\u00e1th L\u00e1z\u00e1r v\u00e1lasza a Honder\u0171, 1844 I. sz.-ban jelent meg. A magyarb\u00fckk\u00f6si udvarh\u00e1z tzlajdonosa. <br \/><strong>Irod.:<\/strong> Breit J\u00f3zsef: Mo. 1848\u201349. \u00e9vi f\u00fcgggetlens\u00e9gi harc\u00e1nak katonai t\u00f6rt\u00e9nete (Bp., 1897\u201398); Kornis, Nagy Iv\u00e1n; P\u00e1lffy; Politikai Mo. (Bp., 1912\u201314) 2; A szabads\u00e1gharc t\u00f6rt\u00e9nete (Bp., s. a.); Szeremlei S\u00e1muel : Mo. kr\u00f3nik\u00e1ka az 1848. 49 \u00e9vi forradalom idej\u00e9b\u0151l (Bp., 1867); Szinnyei<\/br><\/p>\n","protected":false},"excerpt":{"rendered":"<p>Magyarb\u00fckk\u00f6s, 1796., \u2020 London, 1852. jan. 4.: honv\u00e9dezredes, t\u00e1bornok. \u2013 K. Lajos (\u2020 1809) \u00e9s Wessel\u00e9nyi Julianna (1773\u20131809) fia. Testv\u00e9re K. Ferenc. Feles\u00e9ge Seethal Karolina. L\u00e1nya Karolina. Nagyenyeden tanult. Honv\u00e9dezredes \u00e9s dand\u00e1rvez\u00e9r volt (1849), k\u00fcl\u00f6n\u00f6sen a piski csat\u00e1ban t\u0171ntette ki mag\u00e1t; a szabads\u00e1gharc ut\u00e1n Londonba emigr\u00e1lt, \u00e9s ott is halt meg. A Kensall-greeni s\u00edrja f\u00f6l\u00e9 [&hellip;]<\/p>\n","protected":false},"featured_media":0,"comment_status":"open","ping_status":"closed","template":"","meta":[],"product_brand":[],"product_cat":[137],"product_tag":[],"class_list":{"0":"post-11570","1":"product","2":"type-product","3":"status-publish","5":"product_cat-maros-megyei-eletrajzi-lexikon","7":"first","8":"instock","9":"shipping-taxable","10":"product-type-simple"},"_links":{"self":[{"href":"https:\/\/uj.adatbank.ro\/lexikon\/wp-json\/wp\/v2\/product\/11570","targetHints":{"allow":["GET"]}}],"collection":[{"href":"https:\/\/uj.adatbank.ro\/lexikon\/wp-json\/wp\/v2\/product"}],"about":[{"href":"https:\/\/uj.adatbank.ro\/lexikon\/wp-json\/wp\/v2\/types\/product"}],"replies":[{"embeddable":true,"href":"https:\/\/uj.adatbank.ro\/lexikon\/wp-json\/wp\/v2\/comments?post=11570"}],"wp:attachment":[{"href":"https:\/\/uj.adatbank.ro\/lexikon\/wp-json\/wp\/v2\/media?parent=11570"}],"wp:term":[{"taxonomy":"product_brand","embeddable":true,"href":"https:\/\/uj.adatbank.ro\/lexikon\/wp-json\/wp\/v2\/product_brand?post=11570"},{"taxonomy":"product_cat","embeddable":true,"href":"https:\/\/uj.adatbank.ro\/lexikon\/wp-json\/wp\/v2\/product_cat?post=11570"},{"taxonomy":"product_tag","embeddable":true,"href":"https:\/\/uj.adatbank.ro\/lexikon\/wp-json\/wp\/v2\/product_tag?post=11570"}],"curies":[{"name":"wp","href":"https:\/\/api.w.org\/{rel}","templated":true}]}}