{"id":11571,"date":"2025-06-29T13:57:37","date_gmt":"2025-06-29T11:57:37","guid":{"rendered":"https:\/\/uj.adatbank.ro\/lexikon\/termek\/kemeny-farkas-magyargyeromonostori-gr\/"},"modified":"2025-06-29T13:57:37","modified_gmt":"2025-06-29T11:57:37","slug":"kemeny-farkas-magyargyeromonostori-gr","status":"publish","type":"product","link":"https:\/\/uj.adatbank.ro\/lexikon\/termek\/kemeny-farkas-magyargyeromonostori-gr\/","title":{"rendered":"KEM\u00c9NY Farkas, magyargyer\u0151monostori gr."},"content":{"rendered":"<p>1744., \u2020 Kv., 1805. B\u00f6jt hava, 22.: cs. k. kamar\u00e1s, korm\u00e1nysz\u00e9ki tan\u00e1csos, kir\u00e1lyi biztos. \u2013 K. L\u00e1szl\u00f3 (\u2020 1744 k.) korm\u00e1nyz\u00f3 \u00e9s Pekry Katalin fia. Feles\u00e9ge g\u00f6ncruszkai gr. Kornis M\u00e1ria. Le\u00e1nyuk Anna, B\u00e1nffy Gy\u00f6rgyn\u00e9. \u2013 Gr\u00f3fi c\u00edmet nyert (1744. nov. 13). A kir. arany kulcsos h\u00edve, v. t. b. t., f\u0151pincemester., a szt. Istv\u00e1n apostoli kir. jeles rendje k\u00f6z\u00e9p rend\u0171 keresztes vit\u00e9ze. Aranyossz\u00e9k f\u0151kir\u00e1lyb\u00edr\u00f3ja volt (1764\u201370). \u0150t b\u00edzt\u00e1k meg, br. B\u00e1nffy Farkassal, a II. J\u00f6zsef korm\u00e1nya \u00e1ltal kidolgozott ter\u00fcleti \u00e1tszervez\u00e9s (megy\u00e9s\u00edt\u00e9s) lebonyol\u00edt\u00e1s\u00e1val \u00e9s Marossz\u00e9k \u00e9s K\u00fck\u00fcll\u0151 vm egyes\u00edt\u00e9s\u00e9ve (1784). Mv.-en tulajdonnal rendelkezett (1786). Mint kir. biztos Mv.-en a Magisztr\u00e1tus \u00fajrav\u00e1laszt\u00e1sakor k\u00e9t tan\u00e1csost kiejtett \u00e9s helyette k\u00e9t a v\u00e1rosiak sz\u00e1m\u00e1ra idegent csemp\u00e9szett be: Aranka D\u00e1nielt \u00e9s G\u00e1l P\u00e1lt (1787). \u00d6r\u00f6k\u00f6lte a csombordi birtokot. \u2013 <strong>F. m.:<\/strong> Positiones ex jure universo quas \u2026 in Ducali Sabaudica Nobilium Academia praeside Paulo Josepho Riegger \u2026 disquisitioni subiecit \u2026 (Viennae, 1762). <br \/><strong>Irod.:<\/strong> Bozac-Pavel; Bicsok-Orb\u00e1n; Bir\u00f3 J\u00f3zsef. A bonchidai B\u00e1nffy-kast\u00e9ly csal\u00e1di arck\u00e9pei  =  Lyka eml\u00e9kk.; De\u00e9 Nagy Anik\u00f3 2001; Id\u0151t\u00e1r 1; Lev\u00e9lt\u00e1ri gy\u00e1szj.; P\u00e1l-Antal 2002; P\u00e1l-Antal 2006; P\u00e1l-Antal 2009; RMK III\/18. sz; Veress Endre<\/br><\/p>\n","protected":false},"excerpt":{"rendered":"<p>1744., \u2020 Kv., 1805. B\u00f6jt hava, 22.: cs. k. kamar\u00e1s, korm\u00e1nysz\u00e9ki tan\u00e1csos, kir\u00e1lyi biztos. \u2013 K. L\u00e1szl\u00f3 (\u2020 1744 k.) korm\u00e1nyz\u00f3 \u00e9s Pekry Katalin fia. Feles\u00e9ge g\u00f6ncruszkai gr. Kornis M\u00e1ria. Le\u00e1nyuk Anna, B\u00e1nffy Gy\u00f6rgyn\u00e9. \u2013 Gr\u00f3fi c\u00edmet nyert (1744. nov. 13). A kir. arany kulcsos h\u00edve, v. t. b. t., f\u0151pincemester., a szt. Istv\u00e1n apostoli [&hellip;]<\/p>\n","protected":false},"featured_media":0,"comment_status":"open","ping_status":"closed","template":"","meta":[],"product_brand":[],"product_cat":[137],"product_tag":[],"class_list":{"0":"post-11571","1":"product","2":"type-product","3":"status-publish","5":"product_cat-maros-megyei-eletrajzi-lexikon","7":"first","8":"instock","9":"shipping-taxable","10":"product-type-simple"},"_links":{"self":[{"href":"https:\/\/uj.adatbank.ro\/lexikon\/wp-json\/wp\/v2\/product\/11571","targetHints":{"allow":["GET"]}}],"collection":[{"href":"https:\/\/uj.adatbank.ro\/lexikon\/wp-json\/wp\/v2\/product"}],"about":[{"href":"https:\/\/uj.adatbank.ro\/lexikon\/wp-json\/wp\/v2\/types\/product"}],"replies":[{"embeddable":true,"href":"https:\/\/uj.adatbank.ro\/lexikon\/wp-json\/wp\/v2\/comments?post=11571"}],"wp:attachment":[{"href":"https:\/\/uj.adatbank.ro\/lexikon\/wp-json\/wp\/v2\/media?parent=11571"}],"wp:term":[{"taxonomy":"product_brand","embeddable":true,"href":"https:\/\/uj.adatbank.ro\/lexikon\/wp-json\/wp\/v2\/product_brand?post=11571"},{"taxonomy":"product_cat","embeddable":true,"href":"https:\/\/uj.adatbank.ro\/lexikon\/wp-json\/wp\/v2\/product_cat?post=11571"},{"taxonomy":"product_tag","embeddable":true,"href":"https:\/\/uj.adatbank.ro\/lexikon\/wp-json\/wp\/v2\/product_tag?post=11571"}],"curies":[{"name":"wp","href":"https:\/\/api.w.org\/{rel}","templated":true}]}}