{"id":11572,"date":"2025-06-29T13:57:40","date_gmt":"2025-06-29T11:57:40","guid":{"rendered":"https:\/\/uj.adatbank.ro\/lexikon\/termek\/kemeny-farkas-magyargyeromonostori-gr-2\/"},"modified":"2025-06-29T13:57:40","modified_gmt":"2025-06-29T11:57:40","slug":"kemeny-farkas-magyargyeromonostori-gr-2","status":"publish","type":"product","link":"https:\/\/uj.adatbank.ro\/lexikon\/termek\/kemeny-farkas-magyargyeromonostori-gr-2\/","title":{"rendered":"KEM\u00c9NY Farkas, magyargyer\u0151monostori gr."},"content":{"rendered":"<p>? \u2020 ? : Gergely fia volt. \u2013 \u0150 is gr\u00f3fi c\u00edmert nyert (1886). <br \/><strong>Irod.:<\/strong> Kornis; A volt erd\u00e9lyi kir\u00e1lyi f\u0151korm\u00e1nysz\u00e9k kebel\u00e9ben fenn\u00e1llott kat. bizotts\u00e1g hat\u00e1sk\u00f6r\u00e9b\u0151l \u00e9s az Erd\u00e9lyi Kat. St\u00e1tusgy\u0171l\u00e9s \u00e9s Igazgat\u00f3tan\u00e1cs \u00e1ltal k\u00f6vetend\u0151 elj\u00e1r\u00e1si m\u00f3dozatr\u00f3l eredeti okm\u00e1nyok alapj\u00e1n (Gyulafeh\u00e9rv\u00e1r, 1876)<\/br><\/p>\n","protected":false},"excerpt":{"rendered":"<p>? \u2020 ? : Gergely fia volt. \u2013 \u0150 is gr\u00f3fi c\u00edmert nyert (1886). Irod.: Kornis; A volt erd\u00e9lyi kir\u00e1lyi f\u0151korm\u00e1nysz\u00e9k kebel\u00e9ben fenn\u00e1llott kat. bizotts\u00e1g hat\u00e1sk\u00f6r\u00e9b\u0151l \u00e9s az Erd\u00e9lyi Kat. St\u00e1tusgy\u0171l\u00e9s \u00e9s Igazgat\u00f3tan\u00e1cs \u00e1ltal k\u00f6vetend\u0151 elj\u00e1r\u00e1si m\u00f3dozatr\u00f3l eredeti okm\u00e1nyok alapj\u00e1n (Gyulafeh\u00e9rv\u00e1r, 1876)<\/p>\n","protected":false},"featured_media":0,"comment_status":"open","ping_status":"closed","template":"","meta":[],"product_brand":[],"product_cat":[137],"product_tag":[],"class_list":{"0":"post-11572","1":"product","2":"type-product","3":"status-publish","5":"product_cat-maros-megyei-eletrajzi-lexikon","7":"first","8":"instock","9":"shipping-taxable","10":"product-type-simple"},"_links":{"self":[{"href":"https:\/\/uj.adatbank.ro\/lexikon\/wp-json\/wp\/v2\/product\/11572","targetHints":{"allow":["GET"]}}],"collection":[{"href":"https:\/\/uj.adatbank.ro\/lexikon\/wp-json\/wp\/v2\/product"}],"about":[{"href":"https:\/\/uj.adatbank.ro\/lexikon\/wp-json\/wp\/v2\/types\/product"}],"replies":[{"embeddable":true,"href":"https:\/\/uj.adatbank.ro\/lexikon\/wp-json\/wp\/v2\/comments?post=11572"}],"wp:attachment":[{"href":"https:\/\/uj.adatbank.ro\/lexikon\/wp-json\/wp\/v2\/media?parent=11572"}],"wp:term":[{"taxonomy":"product_brand","embeddable":true,"href":"https:\/\/uj.adatbank.ro\/lexikon\/wp-json\/wp\/v2\/product_brand?post=11572"},{"taxonomy":"product_cat","embeddable":true,"href":"https:\/\/uj.adatbank.ro\/lexikon\/wp-json\/wp\/v2\/product_cat?post=11572"},{"taxonomy":"product_tag","embeddable":true,"href":"https:\/\/uj.adatbank.ro\/lexikon\/wp-json\/wp\/v2\/product_tag?post=11572"}],"curies":[{"name":"wp","href":"https:\/\/api.w.org\/{rel}","templated":true}]}}