{"id":11573,"date":"2025-06-29T13:57:41","date_gmt":"2025-06-29T11:57:41","guid":{"rendered":"https:\/\/uj.adatbank.ro\/lexikon\/termek\/kemeny-farkas-mgyeromonostori-gr\/"},"modified":"2025-06-29T13:57:41","modified_gmt":"2025-06-29T11:57:41","slug":"kemeny-farkas-mgyeromonostori-gr","status":"publish","type":"product","link":"https:\/\/uj.adatbank.ro\/lexikon\/termek\/kemeny-farkas-mgyeromonostori-gr\/","title":{"rendered":"KEM\u00c9NY Farkas, mgyer\u0151monostori gr."},"content":{"rendered":"<p>? \u2020 1830.: cs. k. kamar\u00e1s, magyarb\u00fckk\u00f6si f\u00f6ldbirtokos, \u2013 Gergely (\u2020 1769) \u00e9s B\u00e1nffy M\u00e1ria fia. Feles\u00e9ge: Batty\u00e1nyi Ter\u00e9z gr. -n\u0151. Gyermekei J\u00f3zsef (1795\u20131855), a t\u00f6rt\u00e9n\u00e9sz \u00e9s Polix\u00e9nia, gr\u00f3fi rangot kapott (1808. aug. 12.). B\u00fckk\u00f6s\u00f6n ferences papok szolg\u00e1ltak (1809\u201324). <br \/><strong>Irod.:<\/strong> Castellum \u00c9rtes\u00edt\u0151 (2002. 7. sz.), Ferenczi Zolt\u00e1n: A kv.-i magyar sz\u00edn\u00e9szet \u00e9s sz\u00ednh\u00e1z t\u00f6rt\u00e9nete (Kv., 1897); Gy\u00f6rgy: A ferencrendiek; Kornis, Teutsch Friedrich: Geschichte der siebenb\u00fcrger Sachsen 2 (Hermannstadt, 1899)<\/br><\/p>\n","protected":false},"excerpt":{"rendered":"<p>? \u2020 1830.: cs. k. kamar\u00e1s, magyarb\u00fckk\u00f6si f\u00f6ldbirtokos, \u2013 Gergely (\u2020 1769) \u00e9s B\u00e1nffy M\u00e1ria fia. Feles\u00e9ge: Batty\u00e1nyi Ter\u00e9z gr. -n\u0151. Gyermekei J\u00f3zsef (1795\u20131855), a t\u00f6rt\u00e9n\u00e9sz \u00e9s Polix\u00e9nia, gr\u00f3fi rangot kapott (1808. aug. 12.). B\u00fckk\u00f6s\u00f6n ferences papok szolg\u00e1ltak (1809\u201324). Irod.: Castellum \u00c9rtes\u00edt\u0151 (2002. 7. sz.), Ferenczi Zolt\u00e1n: A kv.-i magyar sz\u00edn\u00e9szet \u00e9s sz\u00ednh\u00e1z t\u00f6rt\u00e9nete (Kv., [&hellip;]<\/p>\n","protected":false},"featured_media":0,"comment_status":"open","ping_status":"closed","template":"","meta":[],"product_brand":[],"product_cat":[137],"product_tag":[],"class_list":{"0":"post-11573","1":"product","2":"type-product","3":"status-publish","5":"product_cat-maros-megyei-eletrajzi-lexikon","7":"first","8":"instock","9":"shipping-taxable","10":"product-type-simple"},"_links":{"self":[{"href":"https:\/\/uj.adatbank.ro\/lexikon\/wp-json\/wp\/v2\/product\/11573","targetHints":{"allow":["GET"]}}],"collection":[{"href":"https:\/\/uj.adatbank.ro\/lexikon\/wp-json\/wp\/v2\/product"}],"about":[{"href":"https:\/\/uj.adatbank.ro\/lexikon\/wp-json\/wp\/v2\/types\/product"}],"replies":[{"embeddable":true,"href":"https:\/\/uj.adatbank.ro\/lexikon\/wp-json\/wp\/v2\/comments?post=11573"}],"wp:attachment":[{"href":"https:\/\/uj.adatbank.ro\/lexikon\/wp-json\/wp\/v2\/media?parent=11573"}],"wp:term":[{"taxonomy":"product_brand","embeddable":true,"href":"https:\/\/uj.adatbank.ro\/lexikon\/wp-json\/wp\/v2\/product_brand?post=11573"},{"taxonomy":"product_cat","embeddable":true,"href":"https:\/\/uj.adatbank.ro\/lexikon\/wp-json\/wp\/v2\/product_cat?post=11573"},{"taxonomy":"product_tag","embeddable":true,"href":"https:\/\/uj.adatbank.ro\/lexikon\/wp-json\/wp\/v2\/product_tag?post=11573"}],"curies":[{"name":"wp","href":"https:\/\/api.w.org\/{rel}","templated":true}]}}