{"id":11574,"date":"2025-06-29T13:57:43","date_gmt":"2025-06-29T11:57:43","guid":{"rendered":"https:\/\/uj.adatbank.ro\/lexikon\/termek\/kemeny-ferenc\/"},"modified":"2025-06-29T13:57:43","modified_gmt":"2025-06-29T11:57:43","slug":"kemeny-ferenc","status":"publish","type":"product","link":"https:\/\/uj.adatbank.ro\/lexikon\/termek\/kemeny-ferenc\/","title":{"rendered":"KEM\u00c9NY Ferenc"},"content":{"rendered":"<p>? \u2020 ? : r\u00e9szt vett a m\u00e1sodik Orsz\u00e1gos Tan\u00e1ri Kongresszuson. <br \/><strong>Irod.:<\/strong> Az 1910 \u00e9vi nov. 7\u20138 Bp.-en tartott m\u00e1sodik Orsz\u00e1gos Tan\u00e1ri Kongresszus napl\u00f3ja \u00e9s jegyz\u0151k\u00f6nyve (Bp., 1911), Magyar pedag\u00f3giai lexikon szerk. (Bp., 1933\u201334)<\/br><\/p>\n","protected":false},"excerpt":{"rendered":"<p>? \u2020 ? : r\u00e9szt vett a m\u00e1sodik Orsz\u00e1gos Tan\u00e1ri Kongresszuson. Irod.: Az 1910 \u00e9vi nov. 7\u20138 Bp.-en tartott m\u00e1sodik Orsz\u00e1gos Tan\u00e1ri Kongresszus napl\u00f3ja \u00e9s jegyz\u0151k\u00f6nyve (Bp., 1911), Magyar pedag\u00f3giai lexikon szerk. (Bp., 1933\u201334)<\/p>\n","protected":false},"featured_media":0,"comment_status":"open","ping_status":"closed","template":"","meta":[],"product_brand":[],"product_cat":[137],"product_tag":[],"class_list":{"0":"post-11574","1":"product","2":"type-product","3":"status-publish","5":"product_cat-maros-megyei-eletrajzi-lexikon","7":"first","8":"instock","9":"shipping-taxable","10":"product-type-simple"},"_links":{"self":[{"href":"https:\/\/uj.adatbank.ro\/lexikon\/wp-json\/wp\/v2\/product\/11574","targetHints":{"allow":["GET"]}}],"collection":[{"href":"https:\/\/uj.adatbank.ro\/lexikon\/wp-json\/wp\/v2\/product"}],"about":[{"href":"https:\/\/uj.adatbank.ro\/lexikon\/wp-json\/wp\/v2\/types\/product"}],"replies":[{"embeddable":true,"href":"https:\/\/uj.adatbank.ro\/lexikon\/wp-json\/wp\/v2\/comments?post=11574"}],"wp:attachment":[{"href":"https:\/\/uj.adatbank.ro\/lexikon\/wp-json\/wp\/v2\/media?parent=11574"}],"wp:term":[{"taxonomy":"product_brand","embeddable":true,"href":"https:\/\/uj.adatbank.ro\/lexikon\/wp-json\/wp\/v2\/product_brand?post=11574"},{"taxonomy":"product_cat","embeddable":true,"href":"https:\/\/uj.adatbank.ro\/lexikon\/wp-json\/wp\/v2\/product_cat?post=11574"},{"taxonomy":"product_tag","embeddable":true,"href":"https:\/\/uj.adatbank.ro\/lexikon\/wp-json\/wp\/v2\/product_tag?post=11574"}],"curies":[{"name":"wp","href":"https:\/\/api.w.org\/{rel}","templated":true}]}}