{"id":11575,"date":"2025-06-29T13:57:46","date_gmt":"2025-06-29T11:57:46","guid":{"rendered":"https:\/\/uj.adatbank.ro\/lexikon\/termek\/kemeny-ferenc-magyargyeromonostori-br\/"},"modified":"2025-06-29T13:57:46","modified_gmt":"2025-06-29T11:57:46","slug":"kemeny-ferenc-magyargyeromonostori-br","status":"publish","type":"product","link":"https:\/\/uj.adatbank.ro\/lexikon\/termek\/kemeny-ferenc-magyargyeromonostori-br\/","title":{"rendered":"KEM\u00c9NY Ferenc, magyargyer\u0151monostori br"},"content":{"rendered":"<p>Cintos, 1909. j\u00fan. 19., \u2020 Mv., 1986. dec. 15., a ref. temet\u0151ben temett\u00e9k: f\u00f6ldbirtokos. \u2013 K. P\u00e1l (1867\u20131934) \u00e9s Petrichevits Horv\u00e1th Eszter (1860\u20131952) fia. \u2013 A b\u00e1r\u00f3i rangot M\u00e1ria Ter\u00e9zi\u00e1t\u00f3l kapt\u00e1k. K\u00f6z\u00e9piskol\u00e1t Nagyenyeden v\u00e9gezte, majd Nancy-ban v\u00e9gzett kereskedelmi \u00e9s mez\u0151gazdas\u00e1gi akad\u00e9mi\u00e1t. El\u0151bb a csal\u00e1d Cintosi birtok\u00e1t vezette majd Malomfalv\u00e1n gazd\u00e1lkodott (1928\u2013), a malomfalvi udvarh\u00e1z tulajdonosa. A m. kult\u00fara, a szoci\u00e1lis egyes\u00fcletek lelkes t\u00e1mogat\u00f3ja, tagja a MP. \u00e9s az EGE -nek. Az \u00e1llamos\u00edt\u00e1s ut\u00e1n asztalos Mv.-en. <br \/><strong>Irod.:<\/strong> Gudenus; Mik\u00f3, Sz\u00e9kelyf\u00f6ld \u00ed. k.; [Nekrol\u00f3g] (V. Z., 1986. dec. 17.)<\/br><\/p>\n","protected":false},"excerpt":{"rendered":"<p>Cintos, 1909. j\u00fan. 19., \u2020 Mv., 1986. dec. 15., a ref. temet\u0151ben temett\u00e9k: f\u00f6ldbirtokos. \u2013 K. P\u00e1l (1867\u20131934) \u00e9s Petrichevits Horv\u00e1th Eszter (1860\u20131952) fia. \u2013 A b\u00e1r\u00f3i rangot M\u00e1ria Ter\u00e9zi\u00e1t\u00f3l kapt\u00e1k. K\u00f6z\u00e9piskol\u00e1t Nagyenyeden v\u00e9gezte, majd Nancy-ban v\u00e9gzett kereskedelmi \u00e9s mez\u0151gazdas\u00e1gi akad\u00e9mi\u00e1t. El\u0151bb a csal\u00e1d Cintosi birtok\u00e1t vezette majd Malomfalv\u00e1n gazd\u00e1lkodott (1928\u2013), a malomfalvi udvarh\u00e1z tulajdonosa. [&hellip;]<\/p>\n","protected":false},"featured_media":0,"comment_status":"open","ping_status":"closed","template":"","meta":[],"product_brand":[],"product_cat":[137],"product_tag":[],"class_list":{"0":"post-11575","1":"product","2":"type-product","3":"status-publish","5":"product_cat-maros-megyei-eletrajzi-lexikon","7":"first","8":"instock","9":"shipping-taxable","10":"product-type-simple"},"_links":{"self":[{"href":"https:\/\/uj.adatbank.ro\/lexikon\/wp-json\/wp\/v2\/product\/11575","targetHints":{"allow":["GET"]}}],"collection":[{"href":"https:\/\/uj.adatbank.ro\/lexikon\/wp-json\/wp\/v2\/product"}],"about":[{"href":"https:\/\/uj.adatbank.ro\/lexikon\/wp-json\/wp\/v2\/types\/product"}],"replies":[{"embeddable":true,"href":"https:\/\/uj.adatbank.ro\/lexikon\/wp-json\/wp\/v2\/comments?post=11575"}],"wp:attachment":[{"href":"https:\/\/uj.adatbank.ro\/lexikon\/wp-json\/wp\/v2\/media?parent=11575"}],"wp:term":[{"taxonomy":"product_brand","embeddable":true,"href":"https:\/\/uj.adatbank.ro\/lexikon\/wp-json\/wp\/v2\/product_brand?post=11575"},{"taxonomy":"product_cat","embeddable":true,"href":"https:\/\/uj.adatbank.ro\/lexikon\/wp-json\/wp\/v2\/product_cat?post=11575"},{"taxonomy":"product_tag","embeddable":true,"href":"https:\/\/uj.adatbank.ro\/lexikon\/wp-json\/wp\/v2\/product_tag?post=11575"}],"curies":[{"name":"wp","href":"https:\/\/api.w.org\/{rel}","templated":true}]}}