{"id":11576,"date":"2025-06-29T13:57:47","date_gmt":"2025-06-29T11:57:47","guid":{"rendered":"https:\/\/uj.adatbank.ro\/lexikon\/termek\/kemeny-ferenc-magyargyeromonostori-br-2\/"},"modified":"2025-06-29T13:57:47","modified_gmt":"2025-06-29T11:57:47","slug":"kemeny-ferenc-magyargyeromonostori-br-2","status":"publish","type":"product","link":"https:\/\/uj.adatbank.ro\/lexikon\/termek\/kemeny-ferenc-magyargyeromonostori-br-2\/","title":{"rendered":"KEM\u00c9NY Ferenc, magyargyer\u0151monostori br."},"content":{"rendered":"<p>Magyarb\u00fckk\u00f6s, 1795. jan., \u2020 Kv., 1875. jan. 2.: erd\u00e9lyi orsz\u00e1ggy\u0171l\u00e9si eln\u00f6k (1848) \u00e9s kancell\u00e1r. \u2013 K. Lajos (\u2020 1809) \u00e9s Wessel\u00e9nyi J\u00falia (1773\u20131809) fia. Farkas b\u00e1tyja. Feles\u00e9ge: bethleni gr. Bethlen Kata (1795. m\u00e1rc. 1. -Kv., 1830. m\u00e1rc. 6.), B. Farkas \u00e9s gr. Mik\u00f3 Kata l\u00e1nya; Bonyh\u00e1n temett\u00e9k el; halotti c\u00edmere a kv.-i Farkas utcai templomban tal\u00e1lhat\u00f3. \u2013 Nagyenyeden \u00e9s Kv.-on tanult, innen B\u00e9csbe ment egyetemre. B\u00e9csben az udvari Kancell\u00e1ri\u00e1n\u00e1l dolgozott (1820\u2013), Mv.-en a Kir. T\u00e1bl\u00e1n\u00e1l \u00fcln\u00f6k (\u20131829), a kv.-i F\u0151korm\u00e1nysz\u00e9k titk\u00e1ra (1829), tan\u00e1csossa (1833). Lemondott hivatal\u00e1r\u00f3l (1834), a nagyszebeni orsz\u00e1ggy\u0171l\u00e9sen mint Kolozsmegye k\u00f6vete jelent meg (1837), t\u00f6bb erd\u00e9lyi ogy., a rendek eln\u00f6ke volt (1843, 1846, 1848, 1865), hazafias \u00e9s alkotm\u00e1nyh\u0171 k\u00f6zvet\u00edt\u0151 volt a tr\u00f3n \u00e9s a nemzet k\u00f6z\u00f6tt; a v. b. t. t. c\u00edmet is megkapta, a ref. f\u0151konziszt\u00f3rium egyik eln\u00f6ke. Ref. egyh\u00e1zi f\u0151gondnok (1848\u2013). Az uni\u00f3t\u00f6rv\u00e9nnyel Erd\u00e9ly k\u00fcl\u00f6n t\u00f6rv\u00e9nyhoz\u00e1sa megsz\u00fcnt \u00e9s kv.-i h\u00e1z\u00e1ban visszavonultan csak az egyh\u00e1zi \u00fcgyeknek \u00e9lt (1848); az okt\u00f3beri diploma ut\u00e1n erd\u00e9lyi kancell\u00e1rr\u00e1 nevezt\u00e9k ki (1860), de mivel az alkotm\u00e1ny vissza\u00e1ll\u00edt\u00e1s\u00e1nak kis\u00e9rlete meghi\u00fasult visszavonult. Az utols\u00f3 erd\u00e9lyi orsz\u00e1ggy\u0171l\u00e9sen (1865) mint a rendek eln\u00f6ke \u00fajb\u00f3l eln\u00f6k\u00f6lt. Besz\u00e9dei a h\u00edrlapokban \u00e9s az orsz\u00e1ggy\u0171l\u00e9si Napl\u00f3ban. A Leopold \/ Lip\u00f3t-rend k\u00f6z\u00e9pkeresztes vit\u00e9ze. Halotti c\u00edmere a kv.-i Farkas utcai templomban. A magyarb\u00fckk\u00f6si udvarh\u00e1z birtokosa. <br \/><strong>Irod.:<\/strong> Entz\u2013Kov\u00e1cs; Gy\u00e1szjelent\u0151; Horv\u00e1th Janka: A r\u00e9gi Erd\u00e9ly (Bp., 1908); Id\u0151t\u00e1r 2, K\u0151v\u00e1ry L\u00e1szl\u00f3; Kr\u00f3n. F\u00fcz. (1939. 4\/6); Lev\u00e9lt\u00e1ri gy\u00e1szj.; Mentor (Kv., 1842\u201343); Mester Mikl\u00f3s : Az autonom Erd\u00e9ly \u00e9s a rom\u00e1n nemzeti k\u00f6vetel\u00e9sek az 1863\u201364 \u00e9vi nagyszebeni ogy.-en (P\u00e9cs, 1936); Mik\u00f3 Imre: Nemzetis\u00e9gi jog \u00e9s nemzetis\u00e9gi politika (Kv., 1944); Paget; P\u00e1lffy; P\u0103c\u0103\u0163ian; Politikai Mo. (Bp., 1912\u201314); Pu\u015fcariu, Ioan: Noti\u0163e despre \u00eent\u00e2mpl\u0103rile contemporane (Sibiu, 1913, 1919); RMK; S\u00e1ndor J\u00f3zsef: Okm\u00e1nyt\u00e1r Erd\u00e9ly leg\u00fajabb jogt\u00f6rt\u00e9nelm\u00e9hez (Kv., 1865); Sikl\u00f3ssy: Az orsz\u00e1ggy\u0171l\u00e9si besz\u00e9d \u00fatja (Bp., 1939); Szathm\u00e1ry Papp K\u00e1roly; Szinnyei, Szinnyei J; T\u00e1bori Korn\u00e9l: Titkosrend\u0151rs\u00e9g \u00e9s kamarilla (Bp., 1921); Teutsch F.: Geschichte der Ev. Kirche in Siebenb\u00fcrgen (Hermannstadt, 1921\u201322)<\/br><\/p>\n","protected":false},"excerpt":{"rendered":"<p>Magyarb\u00fckk\u00f6s, 1795. jan., \u2020 Kv., 1875. jan. 2.: erd\u00e9lyi orsz\u00e1ggy\u0171l\u00e9si eln\u00f6k (1848) \u00e9s kancell\u00e1r. \u2013 K. Lajos (\u2020 1809) \u00e9s Wessel\u00e9nyi J\u00falia (1773\u20131809) fia. Farkas b\u00e1tyja. Feles\u00e9ge: bethleni gr. Bethlen Kata (1795. m\u00e1rc. 1. -Kv., 1830. m\u00e1rc. 6.), B. Farkas \u00e9s gr. Mik\u00f3 Kata l\u00e1nya; Bonyh\u00e1n temett\u00e9k el; halotti c\u00edmere a kv.-i Farkas utcai templomban [&hellip;]<\/p>\n","protected":false},"featured_media":0,"comment_status":"open","ping_status":"closed","template":"","meta":[],"product_brand":[],"product_cat":[137],"product_tag":[],"class_list":{"0":"post-11576","1":"product","2":"type-product","3":"status-publish","5":"product_cat-maros-megyei-eletrajzi-lexikon","7":"first","8":"instock","9":"shipping-taxable","10":"product-type-simple"},"_links":{"self":[{"href":"https:\/\/uj.adatbank.ro\/lexikon\/wp-json\/wp\/v2\/product\/11576","targetHints":{"allow":["GET"]}}],"collection":[{"href":"https:\/\/uj.adatbank.ro\/lexikon\/wp-json\/wp\/v2\/product"}],"about":[{"href":"https:\/\/uj.adatbank.ro\/lexikon\/wp-json\/wp\/v2\/types\/product"}],"replies":[{"embeddable":true,"href":"https:\/\/uj.adatbank.ro\/lexikon\/wp-json\/wp\/v2\/comments?post=11576"}],"wp:attachment":[{"href":"https:\/\/uj.adatbank.ro\/lexikon\/wp-json\/wp\/v2\/media?parent=11576"}],"wp:term":[{"taxonomy":"product_brand","embeddable":true,"href":"https:\/\/uj.adatbank.ro\/lexikon\/wp-json\/wp\/v2\/product_brand?post=11576"},{"taxonomy":"product_cat","embeddable":true,"href":"https:\/\/uj.adatbank.ro\/lexikon\/wp-json\/wp\/v2\/product_cat?post=11576"},{"taxonomy":"product_tag","embeddable":true,"href":"https:\/\/uj.adatbank.ro\/lexikon\/wp-json\/wp\/v2\/product_tag?post=11576"}],"curies":[{"name":"wp","href":"https:\/\/api.w.org\/{rel}","templated":true}]}}