{"id":11578,"date":"2025-06-29T13:57:50","date_gmt":"2025-06-29T11:57:50","guid":{"rendered":"https:\/\/uj.adatbank.ro\/lexikon\/termek\/kemeny-geza-magyargyeromonostori-br\/"},"modified":"2025-06-29T13:57:50","modified_gmt":"2025-06-29T11:57:50","slug":"kemeny-geza-magyargyeromonostori-br","status":"publish","type":"product","link":"https:\/\/uj.adatbank.ro\/lexikon\/termek\/kemeny-geza-magyargyeromonostori-br\/","title":{"rendered":"KEM\u00c9NY G\u00e9za, magyargyer\u0151monostori br."},"content":{"rendered":"<p>Marosn\u00e9meti, 1906. j\u00fal. 8., \u2020 Kv., 1945. \u00e1pr. 4. (agyonvert\u00e9k),., Pusztakamar\u00e1son temett\u00e9k el: heged\u0171m\u0171v\u00e9sz. \u2013 J\u00f3zsef (1873\u20131925) \u00e9s Kem\u00e9ny Jol\u00e1n (1874\u20131929) fia. Feles\u00e9ge cs\u00edkszentdomokosi S\u00e1ndor Karolina ( 1907. febr. 28. \u2013 Mv. 2005). Gyermekeik: M\u00e1ria (Bp., 1934\u2013), J\u00f3zsef (Pusztakamar\u00e1s, 1939\u2013), Fruzsina (Pusztakamar\u00e1s, 1941\u2013). Bp.-en v\u00e9gezte a Zeneakad\u00e9mi\u00e1t. Els\u0151heged\u0171s volt a bp.-i Oper\u00e1n\u00e1l, meg\u00f6r\u00f6k\u00f6lte a K. Zsigmond birtok\u00e1t Pusztakamar\u00e1son (1935). Tan\u00edtott a kv.-i Zeneakad\u00e9mi\u00e1n. Elvitt\u00e9k munkaszolg\u00e1latra (1945\u2013), ott agyonvert\u00e9k. Csal\u00e1dja Mv.-en \u00e9lt mint kitelep\u00edtett. <br \/><strong>Irod.:<\/strong> Gudenus; Kornis<\/br><\/p>\n","protected":false},"excerpt":{"rendered":"<p>Marosn\u00e9meti, 1906. j\u00fal. 8., \u2020 Kv., 1945. \u00e1pr. 4. (agyonvert\u00e9k),., Pusztakamar\u00e1son temett\u00e9k el: heged\u0171m\u0171v\u00e9sz. \u2013 J\u00f3zsef (1873\u20131925) \u00e9s Kem\u00e9ny Jol\u00e1n (1874\u20131929) fia. Feles\u00e9ge cs\u00edkszentdomokosi S\u00e1ndor Karolina ( 1907. febr. 28. \u2013 Mv. 2005). Gyermekeik: M\u00e1ria (Bp., 1934\u2013), J\u00f3zsef (Pusztakamar\u00e1s, 1939\u2013), Fruzsina (Pusztakamar\u00e1s, 1941\u2013). Bp.-en v\u00e9gezte a Zeneakad\u00e9mi\u00e1t. Els\u0151heged\u0171s volt a bp.-i Oper\u00e1n\u00e1l, meg\u00f6r\u00f6k\u00f6lte a K. [&hellip;]<\/p>\n","protected":false},"featured_media":0,"comment_status":"open","ping_status":"closed","template":"","meta":[],"product_brand":[],"product_cat":[137],"product_tag":[],"class_list":{"0":"post-11578","1":"product","2":"type-product","3":"status-publish","5":"product_cat-maros-megyei-eletrajzi-lexikon","7":"first","8":"instock","9":"shipping-taxable","10":"product-type-simple"},"_links":{"self":[{"href":"https:\/\/uj.adatbank.ro\/lexikon\/wp-json\/wp\/v2\/product\/11578","targetHints":{"allow":["GET"]}}],"collection":[{"href":"https:\/\/uj.adatbank.ro\/lexikon\/wp-json\/wp\/v2\/product"}],"about":[{"href":"https:\/\/uj.adatbank.ro\/lexikon\/wp-json\/wp\/v2\/types\/product"}],"replies":[{"embeddable":true,"href":"https:\/\/uj.adatbank.ro\/lexikon\/wp-json\/wp\/v2\/comments?post=11578"}],"wp:attachment":[{"href":"https:\/\/uj.adatbank.ro\/lexikon\/wp-json\/wp\/v2\/media?parent=11578"}],"wp:term":[{"taxonomy":"product_brand","embeddable":true,"href":"https:\/\/uj.adatbank.ro\/lexikon\/wp-json\/wp\/v2\/product_brand?post=11578"},{"taxonomy":"product_cat","embeddable":true,"href":"https:\/\/uj.adatbank.ro\/lexikon\/wp-json\/wp\/v2\/product_cat?post=11578"},{"taxonomy":"product_tag","embeddable":true,"href":"https:\/\/uj.adatbank.ro\/lexikon\/wp-json\/wp\/v2\/product_tag?post=11578"}],"curies":[{"name":"wp","href":"https:\/\/api.w.org\/{rel}","templated":true}]}}