{"id":11579,"date":"2025-06-29T13:57:54","date_gmt":"2025-06-29T11:57:54","guid":{"rendered":"https:\/\/uj.adatbank.ro\/lexikon\/termek\/kemeny-gyorgy\/"},"modified":"2025-06-29T13:57:54","modified_gmt":"2025-06-29T11:57:54","slug":"kemeny-gyorgy","status":"publish","type":"product","link":"https:\/\/uj.adatbank.ro\/lexikon\/termek\/kemeny-gyorgy\/","title":{"rendered":"KEM\u00c9NY Gy\u00f6rgy"},"content":{"rendered":"<p>Nagyv\u00e1rad, 1925. okt. 3., \u2020 Bp., 1973. dec. 2.: orvos. \u2013 K\u00f6z\u00e9piskolai tanulm\u00e1nyait sz\u00fcl\u0151v\u00e1ros\u00e1ban \u00e9s Kecskem\u00e9ten v\u00e9gezte (1944); orvosi oklevel\u00e9t Mv.-en az OGYI-n szerezte (1950). Tan\u00e1rseg\u00e9d a MOGYI Sz\u00f6vettani Tansz\u00e9k\u00e9n (1959\u2013), majd adjunktus (1963\u2013); az Orvosi Szemle szerkeszt\u0151-titk\u00e1ra (1953\u201365) ; az orvostudom\u00e1nyok doktora (1962) ; el\u0151ad\u00f3tan\u00e1r (1970\u2013). A hazai hisztok\u00e9miai vizsg\u00e1latok egyik \u00fatt\u00f6r\u0151je : egyes h\u00e1mok hisztofiziol\u00f3gi\u00e1j\u00e1t, a m\u00e1j patol\u00f3gi\u00e1j\u00e1t, a heterotop csontosod\u00e1st kis\u00e9rleti \u00faton tanulm\u00e1nyozta. Szakcikkei, tanulm\u00e1nyai az : Orvosi Szemle-Revista Medical\u0103, Studii \u015fi Cercet\u0103ri de Inframicrobiologie, Microbiologie \u015fi Parazitologie, Orvosi Hetilap-ban, valamint a montecasinoi (1966), \u00e9s modenai hepatol\u00f3giai kongresszus k\u00f6tet\u00e9ben. Gy\u00f3gykezel\u00e9sre utazott Bp. -re (1973). \u2013 <strong>F. m.:<\/strong> <strong>t\u00e1rssz.:<\/strong> Sz\u00f6vettani gyakorlatok (Mv., 1956). <br \/><strong>Irod.:<\/strong> Kiss Cs. M 3.; RMIL<\/br><\/p>\n","protected":false},"excerpt":{"rendered":"<p>Nagyv\u00e1rad, 1925. okt. 3., \u2020 Bp., 1973. dec. 2.: orvos. \u2013 K\u00f6z\u00e9piskolai tanulm\u00e1nyait sz\u00fcl\u0151v\u00e1ros\u00e1ban \u00e9s Kecskem\u00e9ten v\u00e9gezte (1944); orvosi oklevel\u00e9t Mv.-en az OGYI-n szerezte (1950). Tan\u00e1rseg\u00e9d a MOGYI Sz\u00f6vettani Tansz\u00e9k\u00e9n (1959\u2013), majd adjunktus (1963\u2013); az Orvosi Szemle szerkeszt\u0151-titk\u00e1ra (1953\u201365) ; az orvostudom\u00e1nyok doktora (1962) ; el\u0151ad\u00f3tan\u00e1r (1970\u2013). A hazai hisztok\u00e9miai vizsg\u00e1latok egyik \u00fatt\u00f6r\u0151je : egyes [&hellip;]<\/p>\n","protected":false},"featured_media":0,"comment_status":"open","ping_status":"closed","template":"","meta":[],"product_brand":[],"product_cat":[137],"product_tag":[],"class_list":{"0":"post-11579","1":"product","2":"type-product","3":"status-publish","5":"product_cat-maros-megyei-eletrajzi-lexikon","7":"first","8":"instock","9":"shipping-taxable","10":"product-type-simple"},"_links":{"self":[{"href":"https:\/\/uj.adatbank.ro\/lexikon\/wp-json\/wp\/v2\/product\/11579","targetHints":{"allow":["GET"]}}],"collection":[{"href":"https:\/\/uj.adatbank.ro\/lexikon\/wp-json\/wp\/v2\/product"}],"about":[{"href":"https:\/\/uj.adatbank.ro\/lexikon\/wp-json\/wp\/v2\/types\/product"}],"replies":[{"embeddable":true,"href":"https:\/\/uj.adatbank.ro\/lexikon\/wp-json\/wp\/v2\/comments?post=11579"}],"wp:attachment":[{"href":"https:\/\/uj.adatbank.ro\/lexikon\/wp-json\/wp\/v2\/media?parent=11579"}],"wp:term":[{"taxonomy":"product_brand","embeddable":true,"href":"https:\/\/uj.adatbank.ro\/lexikon\/wp-json\/wp\/v2\/product_brand?post=11579"},{"taxonomy":"product_cat","embeddable":true,"href":"https:\/\/uj.adatbank.ro\/lexikon\/wp-json\/wp\/v2\/product_cat?post=11579"},{"taxonomy":"product_tag","embeddable":true,"href":"https:\/\/uj.adatbank.ro\/lexikon\/wp-json\/wp\/v2\/product_tag?post=11579"}],"curies":[{"name":"wp","href":"https:\/\/api.w.org\/{rel}","templated":true}]}}