{"id":11580,"date":"2025-06-29T13:57:56","date_gmt":"2025-06-29T11:57:56","guid":{"rendered":"https:\/\/uj.adatbank.ro\/lexikon\/termek\/kemeny-gyorgy-magyargyeromonostori-br\/"},"modified":"2025-06-29T13:57:56","modified_gmt":"2025-06-29T11:57:56","slug":"kemeny-gyorgy-magyargyeromonostori-br","status":"publish","type":"product","link":"https:\/\/uj.adatbank.ro\/lexikon\/termek\/kemeny-gyorgy-magyargyeromonostori-br\/","title":{"rendered":"KEM\u00c9NY Gy\u00f6rgy, magyargyer\u0151monostori br"},"content":{"rendered":"<p>Magyarb\u00fckk\u00f6s, 1872. \u2020 Magyarb\u00fckk\u00f6s, 1903. nov. 16. Tem. uo. 1903. nov. 18.: magyarb\u00fckk\u00f6si f\u00f6ldbirtokos, az udvarh\u00e1z tulajdonosa. \u2013 Endre (1845\u20131898) \u00e9s Barcsay Irma (1849\u20131895) fia. A magyarb\u00fckk\u00f6si ma is \u00e1ll\u00f3 \u00e1rk\u00e1dos kast\u00e9ly tulajdonosa. &#8211;<br \/><strong>Irod.:<\/strong> Bicsok-Orb\u00e1n; Bor\u00e1szati t\u00f6rzsk\u00f6nyv (Bp., 1883): Gudenus<\/br><\/p>\n","protected":false},"excerpt":{"rendered":"<p>Magyarb\u00fckk\u00f6s, 1872. \u2020 Magyarb\u00fckk\u00f6s, 1903. nov. 16. Tem. uo. 1903. nov. 18.: magyarb\u00fckk\u00f6si f\u00f6ldbirtokos, az udvarh\u00e1z tulajdonosa. \u2013 Endre (1845\u20131898) \u00e9s Barcsay Irma (1849\u20131895) fia. A magyarb\u00fckk\u00f6si ma is \u00e1ll\u00f3 \u00e1rk\u00e1dos kast\u00e9ly tulajdonosa. &#8211;Irod.: Bicsok-Orb\u00e1n; Bor\u00e1szati t\u00f6rzsk\u00f6nyv (Bp., 1883): Gudenus<\/p>\n","protected":false},"featured_media":0,"comment_status":"open","ping_status":"closed","template":"","meta":[],"product_brand":[],"product_cat":[137],"product_tag":[],"class_list":{"0":"post-11580","1":"product","2":"type-product","3":"status-publish","5":"product_cat-maros-megyei-eletrajzi-lexikon","7":"first","8":"instock","9":"shipping-taxable","10":"product-type-simple"},"_links":{"self":[{"href":"https:\/\/uj.adatbank.ro\/lexikon\/wp-json\/wp\/v2\/product\/11580","targetHints":{"allow":["GET"]}}],"collection":[{"href":"https:\/\/uj.adatbank.ro\/lexikon\/wp-json\/wp\/v2\/product"}],"about":[{"href":"https:\/\/uj.adatbank.ro\/lexikon\/wp-json\/wp\/v2\/types\/product"}],"replies":[{"embeddable":true,"href":"https:\/\/uj.adatbank.ro\/lexikon\/wp-json\/wp\/v2\/comments?post=11580"}],"wp:attachment":[{"href":"https:\/\/uj.adatbank.ro\/lexikon\/wp-json\/wp\/v2\/media?parent=11580"}],"wp:term":[{"taxonomy":"product_brand","embeddable":true,"href":"https:\/\/uj.adatbank.ro\/lexikon\/wp-json\/wp\/v2\/product_brand?post=11580"},{"taxonomy":"product_cat","embeddable":true,"href":"https:\/\/uj.adatbank.ro\/lexikon\/wp-json\/wp\/v2\/product_cat?post=11580"},{"taxonomy":"product_tag","embeddable":true,"href":"https:\/\/uj.adatbank.ro\/lexikon\/wp-json\/wp\/v2\/product_tag?post=11580"}],"curies":[{"name":"wp","href":"https:\/\/api.w.org\/{rel}","templated":true}]}}