{"id":11582,"date":"2025-06-29T13:57:59","date_gmt":"2025-06-29T11:57:59","guid":{"rendered":"https:\/\/uj.adatbank.ro\/lexikon\/termek\/kemeny-gyorgy-magyargyeromonostori-br-3\/"},"modified":"2025-06-29T13:57:59","modified_gmt":"2025-06-29T11:57:59","slug":"kemeny-gyorgy-magyargyeromonostori-br-3","status":"publish","type":"product","link":"https:\/\/uj.adatbank.ro\/lexikon\/termek\/kemeny-gyorgy-magyargyeromonostori-br-3\/","title":{"rendered":"KEM\u00c9NY Gy\u00f6rgy, magyargyer\u0151monostori br."},"content":{"rendered":"<p>1835, \u2020 L\u00e1ndor, 1893. \u00e1pr. 9.: f\u00f6ldbirtokos, sz\u0151l\u0151termeszt\u0151, bor\u00e1sz. <br \/><strong>Irod.:<\/strong> [Gy\u00e1szh\u00edr] (Marosv\u00e1s\u00e1rhely, 1983. \u00e1pr. 9.)<\/br><\/p>\n","protected":false},"excerpt":{"rendered":"<p>1835, \u2020 L\u00e1ndor, 1893. \u00e1pr. 9.: f\u00f6ldbirtokos, sz\u0151l\u0151termeszt\u0151, bor\u00e1sz. Irod.: [Gy\u00e1szh\u00edr] (Marosv\u00e1s\u00e1rhely, 1983. \u00e1pr. 9.)<\/p>\n","protected":false},"featured_media":0,"comment_status":"open","ping_status":"closed","template":"","meta":[],"product_brand":[],"product_cat":[137],"product_tag":[],"class_list":{"0":"post-11582","1":"product","2":"type-product","3":"status-publish","5":"product_cat-maros-megyei-eletrajzi-lexikon","7":"first","8":"instock","9":"shipping-taxable","10":"product-type-simple"},"_links":{"self":[{"href":"https:\/\/uj.adatbank.ro\/lexikon\/wp-json\/wp\/v2\/product\/11582","targetHints":{"allow":["GET"]}}],"collection":[{"href":"https:\/\/uj.adatbank.ro\/lexikon\/wp-json\/wp\/v2\/product"}],"about":[{"href":"https:\/\/uj.adatbank.ro\/lexikon\/wp-json\/wp\/v2\/types\/product"}],"replies":[{"embeddable":true,"href":"https:\/\/uj.adatbank.ro\/lexikon\/wp-json\/wp\/v2\/comments?post=11582"}],"wp:attachment":[{"href":"https:\/\/uj.adatbank.ro\/lexikon\/wp-json\/wp\/v2\/media?parent=11582"}],"wp:term":[{"taxonomy":"product_brand","embeddable":true,"href":"https:\/\/uj.adatbank.ro\/lexikon\/wp-json\/wp\/v2\/product_brand?post=11582"},{"taxonomy":"product_cat","embeddable":true,"href":"https:\/\/uj.adatbank.ro\/lexikon\/wp-json\/wp\/v2\/product_cat?post=11582"},{"taxonomy":"product_tag","embeddable":true,"href":"https:\/\/uj.adatbank.ro\/lexikon\/wp-json\/wp\/v2\/product_tag?post=11582"}],"curies":[{"name":"wp","href":"https:\/\/api.w.org\/{rel}","templated":true}]}}