{"id":11583,"date":"2025-06-29T13:58:03","date_gmt":"2025-06-29T11:58:03","guid":{"rendered":"https:\/\/uj.adatbank.ro\/lexikon\/termek\/kemeny-gyorgy-magyargyeromonostori-br-4\/"},"modified":"2025-06-29T13:58:03","modified_gmt":"2025-06-29T11:58:03","slug":"kemeny-gyorgy-magyargyeromonostori-br-4","status":"publish","type":"product","link":"https:\/\/uj.adatbank.ro\/lexikon\/termek\/kemeny-gyorgy-magyargyeromonostori-br-4\/","title":{"rendered":"KEM\u00c9NY Gy\u00f6rgy, magyargyer\u0151monostori br."},"content":{"rendered":"<p>? \u2020 ? : f\u00f6ldbirtokos. <br \/><strong>Irod.:<\/strong> Memoire de la Ligue pour la protection des minorit\u00e9s nationales au sujet de la r\u00e9forme agraire de Roumanie (Bp., 1921), Mik\u00f3 Imre: Nemzetis\u00e9gi jog \u00e9s nemzetis\u00e9gi politika (Kv., 1944), Szinnyei J.; <\/br><\/p>\n","protected":false},"excerpt":{"rendered":"<p>? \u2020 ? : f\u00f6ldbirtokos. Irod.: Memoire de la Ligue pour la protection des minorit\u00e9s nationales au sujet de la r\u00e9forme agraire de Roumanie (Bp., 1921), Mik\u00f3 Imre: Nemzetis\u00e9gi jog \u00e9s nemzetis\u00e9gi politika (Kv., 1944), Szinnyei J.;<\/p>\n","protected":false},"featured_media":0,"comment_status":"open","ping_status":"closed","template":"","meta":[],"product_brand":[],"product_cat":[137],"product_tag":[],"class_list":{"0":"post-11583","1":"product","2":"type-product","3":"status-publish","5":"product_cat-maros-megyei-eletrajzi-lexikon","7":"first","8":"instock","9":"shipping-taxable","10":"product-type-simple"},"_links":{"self":[{"href":"https:\/\/uj.adatbank.ro\/lexikon\/wp-json\/wp\/v2\/product\/11583","targetHints":{"allow":["GET"]}}],"collection":[{"href":"https:\/\/uj.adatbank.ro\/lexikon\/wp-json\/wp\/v2\/product"}],"about":[{"href":"https:\/\/uj.adatbank.ro\/lexikon\/wp-json\/wp\/v2\/types\/product"}],"replies":[{"embeddable":true,"href":"https:\/\/uj.adatbank.ro\/lexikon\/wp-json\/wp\/v2\/comments?post=11583"}],"wp:attachment":[{"href":"https:\/\/uj.adatbank.ro\/lexikon\/wp-json\/wp\/v2\/media?parent=11583"}],"wp:term":[{"taxonomy":"product_brand","embeddable":true,"href":"https:\/\/uj.adatbank.ro\/lexikon\/wp-json\/wp\/v2\/product_brand?post=11583"},{"taxonomy":"product_cat","embeddable":true,"href":"https:\/\/uj.adatbank.ro\/lexikon\/wp-json\/wp\/v2\/product_cat?post=11583"},{"taxonomy":"product_tag","embeddable":true,"href":"https:\/\/uj.adatbank.ro\/lexikon\/wp-json\/wp\/v2\/product_tag?post=11583"}],"curies":[{"name":"wp","href":"https:\/\/api.w.org\/{rel}","templated":true}]}}