{"id":11589,"date":"2025-06-29T13:58:14","date_gmt":"2025-06-29T11:58:14","guid":{"rendered":"https:\/\/uj.adatbank.ro\/lexikon\/termek\/kemeny-janos\/"},"modified":"2025-06-29T13:58:14","modified_gmt":"2025-06-29T11:58:14","slug":"kemeny-janos","status":"publish","type":"product","link":"https:\/\/uj.adatbank.ro\/lexikon\/termek\/kemeny-janos\/","title":{"rendered":"KEM\u00c9NY J\u00e1nos"},"content":{"rendered":"<p>? \u2020 1685. m\u00e1rc. 13. Kv.-on temett\u00e9k el (j\u00fan. 27.). A fejedelem az apja. Fia: K. Simon (\u2020 1688. aug. 19), le\u00e1nya K. Kata, Gyer\u0151fi Gy\u00f6rgyn\u00e9 (\u2020 Szamosfalva, 1714. m\u00e1rc. 26.). \u2013 Adom\u00e1nyt tett a kv.-i unit. iskola jav\u00e1ra (1684. j\u00fan. 12.). <br \/><strong>Irod.:<\/strong> K\u00e9nosi-Uzoni 2<\/br><\/p>\n","protected":false},"excerpt":{"rendered":"<p>? \u2020 1685. m\u00e1rc. 13. Kv.-on temett\u00e9k el (j\u00fan. 27.). A fejedelem az apja. Fia: K. Simon (\u2020 1688. aug. 19), le\u00e1nya K. Kata, Gyer\u0151fi Gy\u00f6rgyn\u00e9 (\u2020 Szamosfalva, 1714. m\u00e1rc. 26.). \u2013 Adom\u00e1nyt tett a kv.-i unit. iskola jav\u00e1ra (1684. j\u00fan. 12.). Irod.: K\u00e9nosi-Uzoni 2<\/p>\n","protected":false},"featured_media":0,"comment_status":"open","ping_status":"closed","template":"","meta":[],"product_brand":[],"product_cat":[137],"product_tag":[],"class_list":{"0":"post-11589","1":"product","2":"type-product","3":"status-publish","5":"product_cat-maros-megyei-eletrajzi-lexikon","7":"first","8":"instock","9":"shipping-taxable","10":"product-type-simple"},"_links":{"self":[{"href":"https:\/\/uj.adatbank.ro\/lexikon\/wp-json\/wp\/v2\/product\/11589","targetHints":{"allow":["GET"]}}],"collection":[{"href":"https:\/\/uj.adatbank.ro\/lexikon\/wp-json\/wp\/v2\/product"}],"about":[{"href":"https:\/\/uj.adatbank.ro\/lexikon\/wp-json\/wp\/v2\/types\/product"}],"replies":[{"embeddable":true,"href":"https:\/\/uj.adatbank.ro\/lexikon\/wp-json\/wp\/v2\/comments?post=11589"}],"wp:attachment":[{"href":"https:\/\/uj.adatbank.ro\/lexikon\/wp-json\/wp\/v2\/media?parent=11589"}],"wp:term":[{"taxonomy":"product_brand","embeddable":true,"href":"https:\/\/uj.adatbank.ro\/lexikon\/wp-json\/wp\/v2\/product_brand?post=11589"},{"taxonomy":"product_cat","embeddable":true,"href":"https:\/\/uj.adatbank.ro\/lexikon\/wp-json\/wp\/v2\/product_cat?post=11589"},{"taxonomy":"product_tag","embeddable":true,"href":"https:\/\/uj.adatbank.ro\/lexikon\/wp-json\/wp\/v2\/product_tag?post=11589"}],"curies":[{"name":"wp","href":"https:\/\/api.w.org\/{rel}","templated":true}]}}