{"id":11592,"date":"2025-06-29T13:58:21","date_gmt":"2025-06-29T11:58:21","guid":{"rendered":"https:\/\/uj.adatbank.ro\/lexikon\/termek\/kemeny-janos-%c2%a7-magyargyeromonostori-br\/"},"modified":"2025-07-16T13:31:50","modified_gmt":"2025-07-16T11:31:50","slug":"kemeny-janos-%c2%a7-magyargyeromonostori-br","status":"publish","type":"product","link":"https:\/\/uj.adatbank.ro\/lexikon\/termek\/kemeny-janos-%c2%a7-magyargyeromonostori-br\/","title":{"rendered":"KEM\u00c9NY J\u00e1nos, \u00a7 magyargyer\u0151monostori br."},"content":{"rendered":"<p>Pittsburgh (Amerikai Egyes\u00fclt \u00c1llamok), 1903. szept. 5., \u2020 Mv., 1971. okt. 13., marosv\u00e9csi v\u00e1rkast\u00e9ly parkj\u00e1ban temett\u00e9k el: \u00edr\u00f3, k\u00f6lt\u0151, sz\u00ednigazigat\u00f3, az erd\u00e9lyi m. irodalom, a Helikon \u00edr\u00f3i munkak\u00f6z\u00f6ss\u00e9g jelent\u0151s szervez\u0151je, megalap\u00edt\u00f3ja \u00e9s mec\u00e9n\u00e1sa. \u2013 Istv\u00e1n (1863\u20131904 \u00e9s Mitchell Ida Berenice (1871\u20131956) fia. Feles\u00e9ge a sk\u00f3t sz\u00e1rmaz\u00e1s\u00fa Augusta Paton of Grandhome (1923), William Paton G\u00f6r\u00f6go.-ban \u00e9l\u0151 angol archeol\u00f3gus \u00e9s m\u0171ford\u00edt\u00f3 le\u00e1nya hat gyermek\u00fck sz\u00fcletett: Mikolt (Mv., 1926. nov. 23. \u2013 P\u00e1rizs, 1986. nov. 5.), Kli\u00f3 (Marosv\u00e9cs, 1929. \u00e1pr. 6. \u2013 Bp., 2000. \u00e1pr. 4.), J\u00e1nos (1930.?- Marosv\u00e9cs, 1932. dec. 26.); Zsuzsa (Kv., 1934. jan. 18. \u2013 Mv., 1979. j\u00fan. 4.), \u00c1rp\u00e1d (Kv., 1937. j\u00fal. 24. \u2013 Bp., 1995. \u00e1pr. 24.), Mikl\u00f3s (Kv., 1940. dec. 1. \u2013 Bp., 2010. m\u00e1j. 29.). Apja fiatalon \u00f6sszek\u00fcl\u00f6mb\u00f6zve csal\u00e1dj\u00e1val kiv\u00e1ndorolt Amerik\u00e1ba; apja hal\u00e1la ut\u00e1n, \u00f6zvegy \u00e9desanyj\u00e1val \u00e9s h\u00e1rom testv\u00e9r\u00e9vel visszat\u00e9rt Erd\u00e9lybe (1904), ahol nagyapja, Kem\u00e9ny \u00d6d\u00f6n fogadta be a csal\u00e1dot \u00e9s nevelte Als\u00f3j\u00e1r\u00e1n, t\u00edz\u00e9ves kor\u00e1ig. A d\u00e9dnagyapja K\u00e1li Nagy L\u00e1z\u00e1r sz\u00ednh\u00e1zigazgat\u00f3 volt. Mag\u00e1ntanul\u00f3k\u00e9nt kezdett tanulni, vizsg\u00e1zni Nagyenyedre ment a Tan\u00edt\u00f3k\u00e9pz\u0151 gyakorl\u00f3 iskol\u00e1j\u00e1ba, majd kintlak\u00f3 tanul\u00f3k\u00e9nt a kv.-i Ref. Koll. -ba j\u00e1rt \u00e9s szerkesztette a Rem\u00e9ny-t a koll. \u00f6nk\u00e9pz\u0151k\u00f6ri lapj\u00e1t, itt jelent meg els\u0151 verse (1921), az Unit\u00e1rius Koll.-ban tett \u00e9retts\u00e9gi ut\u00e1n (1921) El\u0151re cimmel irodalmi foly\u00f3iratot ind\u00edtott. Rajzolt, verseket \u00edrt, \u00e9l\u00e9nk fant\u00e1zi\u00e1j\u00fa volt. Csal\u00e1dja k\u00edv\u00e1ns\u00e1g\u00e1nak engedve a b\u00e9csi mez\u0151g. f\u0151isk. erd\u0151m\u00e9rn\u00f6ki fakult\u00e1s\u00e1n tanult k\u00e9t \u00e9vet (1921\u201323), majd Kv.-on elv\u00e9gezte a ref. teol\u00f3gi\u00e1t (1929). B\u00e9csben kapcsolatba ker\u00fclt az emigr\u00e1ci\u00f3ban \u00e9l\u0151 m\u0171v\u00e9szekkel, \u00edr\u00f3kkal, \u00edr\u00e1s\u00e1val szerepelt a Tizenegyek antol\u00f3gi\u00e1j\u00e1ban (1923). Egyik gyermektelen nagyb\u00e1tyja, K. \u00c1kos hal\u00e1la ut\u00e1n \u00f6r\u00f6k\u00f6lte a marosv\u00e9csi v\u00e1rat, a hozz\u00e1 tartoz\u00f3 \u00f3ri\u00e1si birtokokkal, a 24814 holdb\u00f3l a rom\u00e1n \u00e1llam az imp\u00e9rium v\u00e1ltoz\u00e1s ut\u00e1n, a f\u00f6ldreformmal kisaj\u00e1t\u00edtotta a birtok t\u00f6bb mint 33 % -\u00e1t (1921). Bek\u00f6lt\u00f6z\u00f6tt (1923) a marosv\u00e9csi rensz\u00e1nsz st\u00edlus\u00fa Kem\u00e9ny v\u00e1rkast\u00e9lyba (kor\u00e1bbi alapokon a 16. sz.-ban \u00e9p\u00fclt. A k\u00e9t vil\u00e1gh\u00e1bor\u00fa k\u00f6z\u00f6tt s csal\u00e1d f\u0151leg Marosv\u00e9csen \u00e9s Kv.-on \u00e9lt; t\u00f6bbsz\u00f6r j\u00e1rtak g\u00f6r\u00f6gorsz\u00e1gi, angliai, sk\u00f3ciai utakon; a h\u00e1bor\u00fa ut\u00e1n Mv.-en telepedtek le. Az erd\u00e9lyi irodalmi megmozdul\u00e1sok \u00e9l\u00e9re \u00e1llt (1926\u2013). Vagyona nagyr\u00e9sz\u00e9t az erd\u00e9lyi m. irodalom \u00e9s a sz\u00ednh\u00e1z szervez\u00e9s\u00e9re, t\u00e1mogat\u00e1s\u00e1ra, fejleszt\u00e9s\u00e9re ford\u00edtotta, a marosv\u00e9csi kast\u00e9ly\u00e1ban 30 erd\u00e9lyi m. \u00edr\u00f3val megalap\u00edtotta az Erd\u00e9lyi Helikon szabad \u00edr\u00f3i k\u00f6z\u00f6ss\u00e9get, mely minden \u00e9vben \u00f6sszej\u00f6vetelt \u00e9s megbesz\u00e9l\u00e9st tartott Marosv\u00e9csen. Megh\u00edvta kast\u00e9ly\u00e1ba az erd\u00e9lyi \u00edr\u00f3kat (\u00c1prily Lajos, B\u00e1nffy Mikl\u00f3s, Berde M\u00e1ria, Kacs\u00f3 S\u00e1ndor, K\u00f3s K\u00e1roly, Kuncz Alad\u00e1r, Makkai S\u00e1ndor, Molter K\u00e1roly, Ligeti Ern\u0151, Ny\u00edr\u0151 J\u00f3zsef, Olosz Lajos, Rem\u00e9nyik S\u00e1ndor, Tam\u00e1si \u00c1ron, Tompa L\u00e1szl\u00f3), ez lett a kezdete az Erd\u00e9lyi Helikon n\u00e9ven ismertt\u00e9 v\u00e1lt \u00edr\u00f3i visszapollant\u00e1smunkak\u00f6z\u00f6ss\u00e9g mozgalm\u00e1nak (1926. j\u00fal. 16\u201318.). Marosv\u00e9cs az otthona a minden \u00e9v nyar\u00e1n megtartott Helikoni \u00cdr\u00f3sz\u00f6vets\u00e9g, az Erd\u00e9lyi Sz\u00e9pm\u00edves C\u00e9h \u00edr\u00f3tal\u00e1lkoz\u00f3inak 15 alkalommal (az els\u0151, 1926. j\u00fal. 16\u201318- az utols\u00f3 1942. aug. 1), a kv.-i Kem\u00e9ny otthonban gy\u00fcltek \u00f6ssze a helikonist\u00e1k m\u00e9g n\u00e9gy alkalommal (1940, 1941, 1943, 1944). Kiadt\u00e1k az Erd\u00e9lyi Helikon c. foly\u00f3iratot (1928. m\u00e1j. \u2013 1944. szept.). K\u00f6nyvkiad\u00e1s, lapalap\u00edt\u00e1s, felolvas\u00f3- \u00e9s irodalmiestek, szabadegyetem tartozott megval\u00f3s\u00edt\u00e1saik k\u00f6z\u00e9. Kiv\u00e1l\u00f3bb \u00edr\u00f3i term\u00e9kek jutalmaz\u00e1s\u00e1ra 30 ezer lejes d\u00edjat alap\u00edtott, amit minden \u00e9vben m\u00e1s-m\u00e1s \u00edr\u00f3nak it\u00e9ltek oda: pl. a legjobb alkot\u00e1s\u00e9rt (1926, Kacs\u00f3 S\u00e1ndor), a m. t\u00f6rt\u00e9nelem meg\u00edr\u00e1s\u00e1\u00e9rt (Szerb Antal ), \u00e1gyalap\u00edtv\u00e1ny a mv.-i Czak\u00f3-klinik\u00e1n m\u0171v\u00e9szek, \u00edr\u00f3k gy\u00f3gykezeltet\u00e9s\u00e9re. Zongor\u00e1t v\u00e1s\u00e1rolt a KZST sz\u00e1m\u00e1ra hitelezte, a koll\u00e9gium d\u00edszterm\u00e9be helyezt\u00e9k el (1932). R\u00e9szt vett a V\u00e1s\u00e1rhelyi Tal\u00e1lkoz\u00f3n (1937), az arisztokr\u00e1ci\u00e1t k\u00e9pviselte br. Acz\u00e9l Endre, gr. Teleki \u00c1d\u00e1m \u00e9s gr. Wass Albert mellett. Megalap\u00edtotta az els\u0151 erd\u00e9lyi n\u00e9pipari telepet, mely modern sz\u0151nyegek k\u00e9sz\u00edt\u00e9s\u00e9vel foglalkozott. Tagja \u00e9s eln\u00f6ke volt a KZST-nek (1928. m\u00e1rc. 18. \u201348) \u00e9s az Erd\u00e9lyi Irod. T\u00e1rs. eln\u00f6ke (1937-t\u0151l), az ESZC igazgat\u00f3s\u00e1gi tagja, a mv.-i Agr\u00e1r Takar\u00e9kp\u00e9nzt\u00e1r aleln\u00f6ke, a Galonyai Rt eln\u00f6ke, aref. Egyh\u00e1zker\u00fcletben is vezet\u0151 szerepet t\u00f6lt\u00f6tt be, az Orsz\u00e1gos Magyar Dalossz\u00f6vets\u00e9g sz\u00e9kelyf\u00f6ldi ker\u00fclet\u00e9nek eln\u00f6ke volt. A Corvin-koszor\u00fa (1940) birtokosa. Elbesz\u00e9l\u00e9seket, reg\u00e9nyeket, \u00f6n\u00e9letrajzot, \u00fati \u00e9lm\u00e9nyeket jelentetett meg az: Erd\u00e9lyi Szemle, Ellenz\u00e9k, Ifj\u00fa Erd\u00e9ly- ben. Irodalmi tev\u00e9kenys\u00e9ge mellett a sz\u00ednj\u00e1tsz\u00e1st is p\u00e1rtolta t\u00f6bb mint 35 \u00e9vig. Kinevezt\u00e9k a kv.-i Th\u00e1lia M. Sz\u00ednh\u00e1z eln\u00f6kigazgat\u00f3j\u00e1nak (1930\u201341), majd a Nemzeti Sz\u00ednh\u00e1z f\u0151igazgat\u00f3ja volt (1940\u201344). A Mv.-en a szervezked\u0151 Sz\u00e9kely Sz\u00ednh\u00e1z egyik alap\u00edt\u00f3ja Tompa Mikl\u00f3ssal egy\u00fctt s ugyanakkor dramaturgja volt (1945\u201352), hossz\u00fa \u00e9vek ut\u00e1n eml\u00e9k\u00e9re Bioeel kozmetikum \u2013 \u00e9s gy\u00f3gyszergy\u00e1rt\u00f3 c\u00e9g, a sz\u00ednh\u00e1z t\u00e1mogat\u00f3ja jelent\u0151s \u00f6sszeggel, Kem\u00e9ny-d\u00edjat l\u00e9tes\u00edtett \u00e9s \u00e9venk\u00e9nt jutalmazta a kiv\u00e1l\u00f3 sz\u00edn\u00e9szeket. Amikor mint nem k\u00edv\u00e1natos szem\u00e9lyt elt\u00e1vol\u00edtott\u00e1k a sz\u00ednh\u00e1zt\u00f3l \u00e9s napsz\u00e1mos lett a mv.-i m\u00e9sz\u00e9get\u0151kn\u00e9l (1952-\u2013). A mv.-i Szentgy\u00f6rgyi Istv\u00e1n Sz\u00ednm\u0171v\u00e9szeti F\u0151iskola k\u00f6nyvt\u00e1rosa (1954\u201358), S\u00fct\u0151 Andr\u00e1s megh\u00edv\u00e1s\u00e1ra a M\u0171v\u00e9szet \u00e9s k\u00e9s\u0151bb az \u00daj \u00c9let c. k\u00e9peslap sz\u00ednh\u00e1zi \u00e9s m\u0171v\u00e9szeti rovat\u00e1nak vezet\u0151je lett nyugd\u00edjaz\u00e1s\u00e1ig (1958\u201368) [Sz\u00e9pr\u00e9ti Lilla szerint 1960\u201368-ban volt szerkeszt\u0151]. A Mv.-i \u00cdr\u00f3i Egyes\u00fclet vezet\u0151s\u00e9g\u00e9nek tagja. \u00c9lete harmadik nagy szenved\u00e9lye az \u00edr\u00e1s volt. \u00cdrt verseket, elbesz\u00e9l\u00e9seket, reg\u00e9nyeket, \u00fati \u00e9lm\u00e9nyeket, tervezett \u00f6n\u00e9letrajzi reg\u00e9\u00adny\u00e9b\u0151l csak a gyermekkort \u00e9s az ifj\u00fakort bemutat\u00f3 r\u00e9szt tudta meg\u00edrni. Sz\u00e1mos reg\u00e9nye \u00e9s elbesz\u00e9l\u00e9se mellett t\u00f6bbsz\u00e1z sz\u00ednh\u00e1zi cikke jelent meg. P\u00e9ter c\u00edm\u0171 sz\u00ednm\u0171v\u00e9t a bp.-i Nemzeti Sz\u00ednh\u00e1z mutatta be N\u00e9meth Antal rendez\u00e9s\u00e9ben (1944. m\u00e1j. 20.). Hagyat\u00e9k\u00e1ban tal\u00e1lt\u00e1k meg az Ostoros ap\u00f3 c. dr\u00e1m\u00e1j\u00e1nak k\u00e9zirat\u00e1t. A v\u00e9csi s\u00edreml\u00e9ket Sz\u0151ke J\u00f3zsef szobr\u00e1szm\u0171v\u00e9sz k\u00e9sz\u00edtette (1991). K. J. Gimn\u00e1ziumnak nevezt\u00e9k el a marosh\u00e9v\u00edzi \u00f6n\u00e1ll\u00f3 m. iskol\u00e1t (1993); a marosv\u00e9csi v\u00e1rkast\u00e9ly fal\u00e1ra helyezt\u00e9k Hunyadi L\u00e1szl\u00f3 szobr\u00e1szm\u0171v\u00e9sz K. J.-r\u00f3l k\u00e9sz\u00fclt domborm\u0171v\u00e9t (1995). A kast\u00e9ly melletti \u00e9p\u00fcletben eml\u00e9kszob\u00e1t rendeztek be. Megalakult \u00e9s m\u0171k\u00f6dik Sz\u00e1szr\u00e9genben a K. J. M\u0171vel\u0151d\u00e9si Egyes\u00fclet (1991. febr. \u2013), a mv.-i Helikon \u2013 Kem\u00e9ny J\u00e1nos Alap\u00edtv\u00e1ny (2000), a Marosv\u00e9csi Kem\u00e9ny J\u00e1nos Alap\u00edtv\u00e1ny. Sz\u00e1szr\u00e9genben, az egykori B\u00e1lh\u00e1z utc\u00e1ban K. J. eml\u00e9kt\u00e1bl\u00e1t avattak (2000. szept. 23.). Sz\u00fclet\u00e9s\u00e9nek sz\u00e1zadik \u00e9vfordul\u00f3j\u00e1r\u00f3l \u00fcnneps\u00e9gsorozatban eml\u00e9keztek meg Mv.-en, Marosv\u00e9csen, Sz\u00e1szr\u00e9genben. Posztumusz M. \u00d6r\u00f6ks\u00e9g-d\u00edjjal t\u00fcntett\u00e9k ki (2008). \u00c9venk\u00e9nt szervezik meg a marosv\u00e9csi kast\u00e9lynapokat. \u2013 <strong>F. m.:<\/strong> K\u00f6ltem\u00e9nyek (Kv., 1920); K\u00e1k\u00f3c Kis Mih\u00e1ly (reg.; Kv., 1929); Kutyakom\u00e9dia (reg.; Kv., 1934; Cs\u00edkszereda, 2011); It\u00e9letid\u0151 (elb.; Bp., 1938; Kv., 1939); Kok\u00f3 \u00e9s Szokrat\u00e9sz: D\u00e9ltengeri t\u00f6rt\u00e9netek (Kv., 1940; Bp., 1941); A havas dics\u00e9rete (novel.; Mv., 1957); Vadp\u00e1va (reg.; Mv., 1958; Buk., 1987); Kicsiknek (gyermekversek; Buk., 1958, 1989); Ursule\u0163ul juc\u0103u\u015f ( ford. Ion Horea; Buc., 1958); Feny\u0151muzsika (verses mese; Buk., 1960, 1987); Kicsiknek. (A. Tollas J\u00falia rajzaival. Buk., 1961, 1962); Farkasv\u00f6lgy (reg.; Buk., 1963); V\u00edziboszork\u00e1ny (reg.; Buk., 1965, 1979, 1990; Vr\u0103jitoarea apelor; Buc., 1970); Hal\u00e1sz, vad\u00e1sz, madar\u00e1sz (novel.; Buk., 1968); Kakukkfi\u00f3k\u00e1k (\u00f6n\u00e9let\u00edr\u00e1s, Buk., 1972); Apoll\u00f3 megt\u00e9r\u00e9se (\u00f6sszegy\u0171jt\u00f6tt nov.; Buk., 1972; \u00centoarcerea lui Apolo; Buc., 1987); V\u00e1s\u00e1rhelyt\u0151l Lazacorsz\u00e1gig: \u00datirajz. (Kv., 1972); K\u00e1k\u00f3c Kis Mih\u00e1ly (Cs\u00edkszereda, 2010); <strong>ford.:<\/strong> Uspenszki, G.: A Rasztyerjajeva utca erk\u00f6lcsei (ford. Sz\u00e1nt\u00f3 Ir\u00e9nnel; Bp., 1958); <strong>antol\u00f3g.:<\/strong> Versek, elbesz\u00e9l\u00e9sek, tanulm\u00e1nyok tizenegy fiatal erd\u00e9lyi \u00edr\u00f3t\u00f3l erd\u00e9lyi m\u0171v\u00e9szek rajzaival (Kv., 1923); Erd\u00e9lyi Helikon antol\u00f3gi\u00e1ja (Kv., 1927); Styef\u00e1n Lukr\u00e9ci\u00e1ra gondol = \u00dcnnepi k\u00f6nyv; F\u00e9lsz\u00e1za\u00addos jubileuma eml\u00e9k\u00e9\u00fcl kiadta a KZST. (Mv., 1930); Koszor\u00fa (Bp., 1931); Az Erd\u00e9lyi Helikon magyaro.-i bar\u00e1tainak aranyk\u00f6nyve (Kv., 1937); Tilink\u00f3 (Bp., 1939); S\u00e9ta a b\u00f6lcs\u0151helyem k\u00f6r\u00fcl (Bp., 1939, 1940); Erd\u00e9lyi H\u00edrmond\u00f3k (Mv., 1942); Erd\u00e9lyi elbesz\u00e9l\u0151k (Bp., 1941, 2004); M\u0171v\u00e9szeti hetek Kv. 1942. (Kv., 1942); Erd\u00e9lyi elbesz\u00e9l\u0151k v\u00e1logatott munk\u00e1i (Bp., s. a.); Pet\u0151fi-eml\u00e9ksorok (Mv., s. a.); K. J. M\u0171vei 1.: K\u00e1koc Kis Mih\u00e1ly (Cs\u00edkszereda, 2010.); szerk.: \u00c1prily Lajos legszebb versei (v\u00e1l., bev.; Buk., 1969). \u2013 Irod.: 1924\u20131944 Helikon; Adamovits; \u00c1tadt\u00e1k az idei bioeel-Kem\u00e9ny-d\u00edjakat (N\u00fa., 2022. dec. 20.); Balogh Edg\u00e1r 1974; B\u00e9rczes; Besz\u00e9lget\u00e9s Kom\u00e1n J\u00e1nossal, a Kem\u00e9ny J\u00e1nos Alap\u00edtv\u00e1ny eln\u00f6k\u00e9vel (Polg\u00e1ri \u00c9let, 2006. szept. 15.); B\u00edr\u00f3 J\u00f3zsef; B\u00edr\u00f3-Balogh Tam\u00e1s: Egy n\u00e9vsor faggat\u00e1sa Kod\u00e1ly Zolt\u00e1n \u00e9letrajz\u00e1hoz (Korunk, 2020. j\u00fan, 6. sz.); Bottoni 2008; B\u00f6l\u00f6ni Domokos: K. J. \u00e9s Marosv\u00e9cs (N\u00fa., Sz\u00ednes Vil\u00e1g, 2010. aug. 14.); Chereji Peris; Chinezu; Az elfelejtett sz\u00ednh\u00e1z. K. J. hajdani k\u00e9rd\u00e9seire v\u00e1laszol Kov\u00e1cs Gy\u00f6rgy. Lejegyezte Marosi Ildik\u00f3 (A H\u00e9t, 1977); Csif\u00f3; Csinta 2016; Dsida; EM; Az EME h\u00e1romnegyedsz\u00e1zados tudom\u00e1nyos m\u0171k\u00f6d\u00e9se (Kv., 1937); Erd\u00e9lyi csillagok (Kv., 1935); Erd\u00e9lyi L 2009, Erd\u00e9lyi Sz\u00e9pm\u00edves C\u00e9h eml\u00e9kk\u00f6nyv (Kv., 1934); F\u00fcl\u00f6p-Ferencz; Gudenus; Guly\u00e1s; A H\u00e9t \u00e9vk\u00f6nyve (1982); Halasy; K. J.: \u201eMindig megillet\u0151dve fogok visszagondolni\u201d (V. Z., 1957. jan. 12.); Helikon 1924\u20131944; Helikoni arck\u00e9pcsarnok 1.; Id\u0151t\u00e1r 3; Imreh Ern\u0151: Sorok K. J.-r\u00f3l (Erd\u00e9lyi Figyel\u0151, 2. sz., 1992); K. J. [Nekrol\u00f3g] (V. Z., 1971. okt. 14.); K. J. eml\u00e9kezete (Igaz Sz\u00f3, 1971); K\u00e1d\u00e1r Zsombor: \u201eKi a havasok erd\u0151rengeteg\u00e9t az olvas\u00f3l\u00e1mp\u00e1k f\u00e9nyk\u00f6r\u00e9be lopta\u201d = K\u00e1d\u00e1r Zsombor: Sz\u00e9kelyf\u00f6ldi erd\u00e9szeti arck\u00e9pcsarnok (Bp., 1999); K\u00e1ntor-L\u00e1ng; Katona Szab\u00f3; Kem\u00e9ny Endre: R\u00e1galom helyett M. \u00d6r\u00f6ks\u00e9g-d\u00edj (Erd\u00e9lyi Napl\u00f3, 2008. okt. 1.); K\u00e1szoni 2009; Ki kicsoda?; Kornis; Kort\u00e1rs M\u00cdKL; Kov\u00e1cs Levente; Kusz\u00e1lik; KZST1930; Lev\u00e9lt\u00e1ri gy\u00e1szj.; Lokodi Imre: A b\u00e1r\u00f3 35 ezer hold erdeje. A Mec\u00e9n\u00e1s \u2013 Kem\u00e9ny J\u00e1nos \u00e9s a Helikon (N\u00fa., 2002. m\u00e1rc. 12.); Magyar Erd\u00e9lyben; Maros megye; Marosi Ildik\u00f3: Utols\u00f3 besz\u00e9lget\u00e9s K. J. -sal (Igaz Sz\u00f3, 1973); Marosi Ildik\u00f3: Az erd\u00e9lyi Helikon k\u00e9pesk\u00f6nyve (Cs\u00edkszereda, 2005); Marosi Ildik\u00f3: Kis\/Helikon \/K\u00f6nyv, Versailles-i repk\u00e9ny: Dokumentumok K. J.-r\u00f3l (Cs\u00edkszereda, 2004); Marosi-Helikon; Marosi-KZST; M\u00e1ln\u00e1si; A Mec\u00e9n\u00e1s eml\u00e9k\u00e9re (N\u00fa, M\u00fazsa, 27. sz., 1991. okt. 11.); : A Mec\u00e9n\u00e1s: K. J. \u00e9s a Helikon (Mv., 2001); Molter K\u00e1roly: B\u00facs\u00fa a Helikon gazd\u00e1j\u00e1t\u00f3l (El\u0151re, 1971. okt. 21.); A Mec\u00e9n\u00e1s. K. J. \u00e9s a Helikon (szerk. Nagy Mikl\u00f3s Kund; ?, 2002); M\u00e9hes Gy\u00f6rgy: \u00d6regek kincse az eml\u00e9kez\u00e9s (Hitel 9. sz., 2003.); Mik\u00f3 Zsuzs\u00e1nna: \u201eAki akart \u00e9s tudott szolg\u00e1lni a magyars\u00e1gnak, az a mi\u00e9nk volt, azt v\u00e1llaltuk magunk\u00e9nak\u201d; Molter 1\u20132.; MSZL; Msz\u00ednL; Mv. Molter; Nagy P\u00e1l: Bet\u0171vet\u00e9s; Nagy P\u00e1l: Visszan\u00e9z\u0151; Nagyap\u00e1mat mai napig p\u00e9ldak\u00e9pemnek tartom \/ Ol\u00e1h-G\u00e1l Elvira besz\u00e9lget\u00e9se V\u00e9csi Nagy Zolt\u00e1nnal (Sz\u00e9kelyf\u00f6ld, 6. sz., 2012); Nagyjaink; Ol\u00e1h-G\u00e1l Elvira = Nobile officium; Osv\u00e1th; \u00d6kr\u00f6s; Pan\u0103; Parlagi Lajos: Sz\u00ednh\u00e1z (Nagyv\u00e1rad, 1941); Peris Ter\u00e9z: K. J. (V. Z., 1974. \u00e1pr. 27.); Pint\u00e9r; Polg\u00e1r Istv\u00e1n: Megk\u00e9sett riport K. J.-r\u00f3l (\u00daj \u00c9let, 20. sz., 1971); Pomog\u00e1ts 1.; Pomog\u00e1ts B\u00e9la: A fejedelem: K. J. sz\u00fclet\u00e9s\u00e9nek sz\u00e1zadik \u00e9vfordul\u00f3j\u00e1n (Helikon, 20. sz., 2003. okt. 25.); R\u00e9thy-\u00dajv\u00e1ri-V\u00e1czi ; R\u00e9thy-V\u00e1czy; RM\u00c9L; RMIL; R\u00daL; Sch\u00f6pflin A : A magyar irodalom t\u00f6rt\u00e9nete a XX. sz.-ban (Bp., 1937); Sebesty\u00e9n Mih\u00e1ly: B\u00e1r\u00f3 Kem\u00e9ny J\u00e1nos (N\u00fa., M\u00fazsa 461. sz 2000. szept 30); S\u00fct\u0151 Andr\u00e1s: Sorok K. J.-r\u00f3l (Igaz Sz\u00f3, 1968); S\u00fct\u0151 And\u00adr\u00e1s: A mec\u00e9n\u00e1s metamorf\u00f3zisa (Igaz Sz\u00f3, 1971); S\u00fct\u0151 Andr\u00e1s: F\u00f6ldi asztal, \u00e9gisz\u00e9k: Harminc \u00e9ve hunyt el K. J.) (N\u00fa., M\u00fazsa, 2001. okt. 13), Sz\u00e9pr\u00e9ti: R\u00e9gi \u00e9s \u00faj vil\u00e1g; Szerb; Sz\u00e9kelyf\u00f6ld \u00ed. k.; Sz\u00e9pr\u00e9ti Lilla: K. J. szerencs\u00e9je (N\u00fa., M\u00fazsa, 29. sz., 1991. okt. 25.); Sz\u0151cs K\u00e1lm\u00e1n: A Vad\u00e1sz hal\u00e1la: K. J. eml\u00e9k\u00e9re (V. Z., 1971. okt. 17.); Tab\u00e9ry G\u00e9zsa. Eml\u00e9kk\u00f6nyv (Kv., 1930); T\u00f6r\u00f6k L\u00e1szl\u00f3: A hajdani Helikon demiurgosza (N\u00fa., M\u00fazsa, 32. sz., 1991. nov. 15.); \u00daj lexikon; Valentiny 1935; Varga Imre: Megk\u00e9sett sorok egy \u00e9vfordul\u00f3 kapcs\u00e1n (N\u00fa., M\u00fazsa, 273. sz., 1996. nov. 29.); VI. marosv\u00e9csi kast\u00e9lynap (N\u00fa., 2023. okt. 18.). A Pet\u0151fi Irodalmi M\u00fazeum K\u00e9ziratt\u00e1r\u00e1ban tal\u00e1lhat\u00f3k k\u00e9ziratai.<\/p>\n","protected":false},"excerpt":{"rendered":"<p>Pittsburgh (Amerikai Egyes\u00fclt \u00c1llamok), 1903. szept. 5., \u2020 Mv., 1971. okt. 13., marosv\u00e9csi v\u00e1rkast\u00e9ly parkj\u00e1ban temett\u00e9k el: \u00edr\u00f3, k\u00f6lt\u0151, sz\u00ednigazigat\u00f3, az erd\u00e9lyi m. irodalom, a Helikon \u00edr\u00f3i munkak\u00f6z\u00f6ss\u00e9g jelent\u0151s szervez\u0151je, megalap\u00edt\u00f3ja \u00e9s mec\u00e9n\u00e1sa. \u2013 Istv\u00e1n (1863\u20131904 \u00e9s Mitchell Ida Berenice (1871\u20131956) fia. Feles\u00e9ge a sk\u00f3t sz\u00e1rmaz\u00e1s\u00fa Augusta Paton of Grandhome (1923), William Paton G\u00f6r\u00f6go.-ban \u00e9l\u0151 [&hellip;]<\/p>\n","protected":false},"featured_media":0,"comment_status":"open","ping_status":"closed","template":"","meta":[],"product_brand":[],"product_cat":[137],"product_tag":[],"class_list":{"0":"post-11592","1":"product","2":"type-product","3":"status-publish","5":"product_cat-maros-megyei-eletrajzi-lexikon","7":"first","8":"instock","9":"shipping-taxable","10":"product-type-simple"},"_links":{"self":[{"href":"https:\/\/uj.adatbank.ro\/lexikon\/wp-json\/wp\/v2\/product\/11592","targetHints":{"allow":["GET"]}}],"collection":[{"href":"https:\/\/uj.adatbank.ro\/lexikon\/wp-json\/wp\/v2\/product"}],"about":[{"href":"https:\/\/uj.adatbank.ro\/lexikon\/wp-json\/wp\/v2\/types\/product"}],"replies":[{"embeddable":true,"href":"https:\/\/uj.adatbank.ro\/lexikon\/wp-json\/wp\/v2\/comments?post=11592"}],"wp:attachment":[{"href":"https:\/\/uj.adatbank.ro\/lexikon\/wp-json\/wp\/v2\/media?parent=11592"}],"wp:term":[{"taxonomy":"product_brand","embeddable":true,"href":"https:\/\/uj.adatbank.ro\/lexikon\/wp-json\/wp\/v2\/product_brand?post=11592"},{"taxonomy":"product_cat","embeddable":true,"href":"https:\/\/uj.adatbank.ro\/lexikon\/wp-json\/wp\/v2\/product_cat?post=11592"},{"taxonomy":"product_tag","embeddable":true,"href":"https:\/\/uj.adatbank.ro\/lexikon\/wp-json\/wp\/v2\/product_tag?post=11592"}],"curies":[{"name":"wp","href":"https:\/\/api.w.org\/{rel}","templated":true}]}}