{"id":11593,"date":"2025-06-29T13:58:24","date_gmt":"2025-06-29T11:58:24","guid":{"rendered":"https:\/\/uj.adatbank.ro\/lexikon\/termek\/kemeny-janos-ii-magyargyeromonostori\/"},"modified":"2025-06-29T13:58:24","modified_gmt":"2025-06-29T11:58:24","slug":"kemeny-janos-ii-magyargyeromonostori","status":"publish","type":"product","link":"https:\/\/uj.adatbank.ro\/lexikon\/termek\/kemeny-janos-ii-magyargyeromonostori\/","title":{"rendered":"KEM\u00c9NY J\u00e1nos, II magyargyer\u0151monostori"},"content":{"rendered":"<p>? \u2020 ?: f\u0151k\u00f6vet. \u2013 K. P\u00e9ter \u00e9s Bagdy Kata fia. Feles\u00e9ge Ombrozi Magdolna. Fiai: Istv\u00e1n \u00e9s J\u00f3zsef. \u2013 B\u00e1thori Istv\u00e1n fejedelem t\u00f6r\u00f6ko.-i f\u0151k\u00f6vete volt (1548, 1553). <br \/><strong>Irod.:<\/strong> Erd\u00e9lyi testamentumok 2.<\/br><\/p>\n","protected":false},"excerpt":{"rendered":"<p>? \u2020 ?: f\u0151k\u00f6vet. \u2013 K. P\u00e9ter \u00e9s Bagdy Kata fia. Feles\u00e9ge Ombrozi Magdolna. Fiai: Istv\u00e1n \u00e9s J\u00f3zsef. \u2013 B\u00e1thori Istv\u00e1n fejedelem t\u00f6r\u00f6ko.-i f\u0151k\u00f6vete volt (1548, 1553). Irod.: Erd\u00e9lyi testamentumok 2.<\/p>\n","protected":false},"featured_media":0,"comment_status":"open","ping_status":"closed","template":"","meta":[],"product_brand":[],"product_cat":[137],"product_tag":[],"class_list":{"0":"post-11593","1":"product","2":"type-product","3":"status-publish","5":"product_cat-maros-megyei-eletrajzi-lexikon","7":"first","8":"instock","9":"shipping-taxable","10":"product-type-simple"},"_links":{"self":[{"href":"https:\/\/uj.adatbank.ro\/lexikon\/wp-json\/wp\/v2\/product\/11593","targetHints":{"allow":["GET"]}}],"collection":[{"href":"https:\/\/uj.adatbank.ro\/lexikon\/wp-json\/wp\/v2\/product"}],"about":[{"href":"https:\/\/uj.adatbank.ro\/lexikon\/wp-json\/wp\/v2\/types\/product"}],"replies":[{"embeddable":true,"href":"https:\/\/uj.adatbank.ro\/lexikon\/wp-json\/wp\/v2\/comments?post=11593"}],"wp:attachment":[{"href":"https:\/\/uj.adatbank.ro\/lexikon\/wp-json\/wp\/v2\/media?parent=11593"}],"wp:term":[{"taxonomy":"product_brand","embeddable":true,"href":"https:\/\/uj.adatbank.ro\/lexikon\/wp-json\/wp\/v2\/product_brand?post=11593"},{"taxonomy":"product_cat","embeddable":true,"href":"https:\/\/uj.adatbank.ro\/lexikon\/wp-json\/wp\/v2\/product_cat?post=11593"},{"taxonomy":"product_tag","embeddable":true,"href":"https:\/\/uj.adatbank.ro\/lexikon\/wp-json\/wp\/v2\/product_tag?post=11593"}],"curies":[{"name":"wp","href":"https:\/\/api.w.org\/{rel}","templated":true}]}}