{"id":11594,"date":"2025-06-29T13:58:26","date_gmt":"2025-06-29T11:58:26","guid":{"rendered":"https:\/\/uj.adatbank.ro\/lexikon\/termek\/kemeny-janos-magyargyeromonostori-br\/"},"modified":"2025-06-29T13:58:26","modified_gmt":"2025-06-29T11:58:26","slug":"kemeny-janos-magyargyeromonostori-br","status":"publish","type":"product","link":"https:\/\/uj.adatbank.ro\/lexikon\/termek\/kemeny-janos-magyargyeromonostori-br\/","title":{"rendered":"KEM\u00c9NY J\u00e1nos, magyargyer\u0151monostori br."},"content":{"rendered":"<p>1662 \u2020 ? 1701. nov. 6,.: f\u0151isp\u00e1n, nagysaj\u00f3i f\u00f6ldbirtokos. &#8211; K Simon (1633\u20131675) \u00e9s Per\u00e9nyi Katalin (\u2020 1693) fia, a fejedelem K. J. unok\u00e1ja, Feles\u00e9ge Teleki Anna (1661\u20131720). Gyermekei: Zsigmond (\u2020 1736), S\u00e1muel (\u2020 1744), Krisztina Bethlen J\u00f3zsefn\u00e9 (\u20201752), Zsuzsa B\u00e1nffy Ferencn\u00e9 (1692\u20131759). A korm\u00e1ny tan\u00e1csosa (1686); Bels\u0151-Szolnok vm. f\u0151isp\u00e1nja, t\u00e1blai \u00fcln\u00f6k, a hatalmas Teleki Mih\u00e1ly le\u00e1ny\u00e1t vette n\u0151\u00fcl, s alapit\u00f3ja lett a gr\u00f3fi-\u00e1gnak. Tagja volt annak a bizotts\u00e1gnak amelyet a F\u0151korm\u00e1nysz\u00e9k k\u00fcld\u00f6tt Mv. -re a polg\u00e1rok \u00e9s a v\u00e1rosi el\u0151lj\u00e1r\u00f3k k\u00f6z\u00f6tti r\u00e9g\u00f3ta h\u00fazod\u00f3 konfliktust (1699). Vall\u00e1soss\u00e1g\u00e1t jelzik Enyedre, Kv.-ra tett alapitv\u00e1nyai. Meghalt kora 39. \u00e9v\u00e9ben. A nagysaj\u00f3i kast\u00e9ly tulajdonosa. <br \/><strong>Irod.:<\/strong> Gudenus; Id\u0151t\u00e1r 1; Kempelen, Kornis; Kov\u00e1cs Kiss Gy\u00f6ngy: Kem\u00e9nyJ\u00e1nos ravatalai (Korunk, 6. sz., 2006. j\u00fan.); Lukinich; Sebesty\u00e9n Mih\u00e1ly: Ifj. Kem\u00e9ny J\u00e1nos temet\u00e9se 1701-ben = Eml\u00e9kk\u00f6nyv Imreh Istv\u00e1n nyolcvanadik sz\u00fclet\u00e9snapj\u00e1ra. (Kv., 1999); Teleki Mih\u00e1ly udvartart\u00e1si napl\u00f3ja (1673\u20131681) (Kv., 2007); Tr\u00f3cs\u00e1nyi 1988<\/br><\/p>\n","protected":false},"excerpt":{"rendered":"<p>1662 \u2020 ? 1701. nov. 6,.: f\u0151isp\u00e1n, nagysaj\u00f3i f\u00f6ldbirtokos. &#8211; K Simon (1633\u20131675) \u00e9s Per\u00e9nyi Katalin (\u2020 1693) fia, a fejedelem K. J. unok\u00e1ja, Feles\u00e9ge Teleki Anna (1661\u20131720). Gyermekei: Zsigmond (\u2020 1736), S\u00e1muel (\u2020 1744), Krisztina Bethlen J\u00f3zsefn\u00e9 (\u20201752), Zsuzsa B\u00e1nffy Ferencn\u00e9 (1692\u20131759). A korm\u00e1ny tan\u00e1csosa (1686); Bels\u0151-Szolnok vm. f\u0151isp\u00e1nja, t\u00e1blai \u00fcln\u00f6k, a hatalmas Teleki [&hellip;]<\/p>\n","protected":false},"featured_media":0,"comment_status":"open","ping_status":"closed","template":"","meta":[],"product_brand":[],"product_cat":[137],"product_tag":[],"class_list":{"0":"post-11594","1":"product","2":"type-product","3":"status-publish","5":"product_cat-maros-megyei-eletrajzi-lexikon","7":"first","8":"instock","9":"shipping-taxable","10":"product-type-simple"},"_links":{"self":[{"href":"https:\/\/uj.adatbank.ro\/lexikon\/wp-json\/wp\/v2\/product\/11594","targetHints":{"allow":["GET"]}}],"collection":[{"href":"https:\/\/uj.adatbank.ro\/lexikon\/wp-json\/wp\/v2\/product"}],"about":[{"href":"https:\/\/uj.adatbank.ro\/lexikon\/wp-json\/wp\/v2\/types\/product"}],"replies":[{"embeddable":true,"href":"https:\/\/uj.adatbank.ro\/lexikon\/wp-json\/wp\/v2\/comments?post=11594"}],"wp:attachment":[{"href":"https:\/\/uj.adatbank.ro\/lexikon\/wp-json\/wp\/v2\/media?parent=11594"}],"wp:term":[{"taxonomy":"product_brand","embeddable":true,"href":"https:\/\/uj.adatbank.ro\/lexikon\/wp-json\/wp\/v2\/product_brand?post=11594"},{"taxonomy":"product_cat","embeddable":true,"href":"https:\/\/uj.adatbank.ro\/lexikon\/wp-json\/wp\/v2\/product_cat?post=11594"},{"taxonomy":"product_tag","embeddable":true,"href":"https:\/\/uj.adatbank.ro\/lexikon\/wp-json\/wp\/v2\/product_tag?post=11594"}],"curies":[{"name":"wp","href":"https:\/\/api.w.org\/{rel}","templated":true}]}}