{"id":11595,"date":"2025-06-29T13:58:28","date_gmt":"2025-06-29T11:58:28","guid":{"rendered":"https:\/\/uj.adatbank.ro\/lexikon\/termek\/kemeny-janos-magyargyeromonostori-br-2\/"},"modified":"2025-06-29T13:58:28","modified_gmt":"2025-06-29T11:58:28","slug":"kemeny-janos-magyargyeromonostori-br-2","status":"publish","type":"product","link":"https:\/\/uj.adatbank.ro\/lexikon\/termek\/kemeny-janos-magyargyeromonostori-br-2\/","title":{"rendered":"KEM\u00c9NY J\u00e1nos, magyargyer\u0151monostori br."},"content":{"rendered":"<p>1778., \u2020 Nagyb\u00e1nya, 1850. jan. 27.: sz\u00edn\u00e9sz, a m. nyelv\u0171 sz\u00ednj\u00e1tsz\u00e1s egyik \u00fatt\u00f6r\u0151je. \u2013 Feles\u00e9ge: homor\u00f3dszentp\u00e1li Szentp\u00e1li \u00c1gnes (1782. \u2013 Marosv\u00e9cs, 1802. jan. 13.). Le\u00e1nyuk K. \u00c1gnes (1802. jan. 10. -?). \u2013 A kv.-i t\u00e1rsulat tagja (1803\u201306); Magyaro.-on v\u00e1ndort\u00e1rsulatokn\u00e1l m\u0171k\u00f6d\u00f6tt, Pesten is sikert aratva (1806\u201310); Benke J\u00f3zsef mellett Kom\u00e1\u00adromban a sz\u00edn\u00e9sz csapatot ir\u00e1ny\u00edtotta (1811); Gy\u0151r\u00f6tt is j\u00e1tszottak (1811\u201312). Kv.-r\u00f3l Mv. -re ment az ottani tan\u00e1csot k\u00e9rlelni, hogy seg\u00edtsen a sz\u00edn\u00e9szet \u00fcgy\u00e9n. J\u00e1tszott Mv.-en (1815\u201319), Kv-on (1819\u201330). K\u00fclf\u00f6ldi k\u00f6r\u00fatra ment kv.-i t\u00e1rsulat\u00e1val, visszat\u00e9rve Kv.-on alak\u00edtott intrikusokat, majd jel\u00adlemszerepeket. \u2013 <strong>F. sz.:<\/strong> Jago (Shakes\u00adpeare: Othello); \u00c1rvai (Soden-Dugonics A.: B\u00e1tori M\u00e1ria); Kloska (Andr\u00e1d E.: H\u00f3ravil\u00e1g Erd\u00e9lyben); Evald (Raupach: Moln\u00e1r \u00e9s gyer\u00admeke). <br \/><strong>Irod.:<\/strong> Enyedi S\u00e1ndor: D\u00e9ryn\u00e9 erd\u00e9lyi sz\u00ednpadokon (Buk., 1975); Halotti besz\u00e9dek; Lev\u00e9lt\u00e1ri gy\u00e1szj.; Maros megyei m. t\u00f6rt. 5.; M\u00c9L; MSz\u00ednL; P\u00e1pai Istv\u00e1n: Sch\u00f6pflin; Szekeres Attila Istv\u00e1n: C\u00edmerek a marosv\u00e9csi reform\u00e1tus templomban = Maros megyei t\u00f6rt; \u00daM\u00c9L<\/br><\/p>\n","protected":false},"excerpt":{"rendered":"<p>1778., \u2020 Nagyb\u00e1nya, 1850. jan. 27.: sz\u00edn\u00e9sz, a m. nyelv\u0171 sz\u00ednj\u00e1tsz\u00e1s egyik \u00fatt\u00f6r\u0151je. \u2013 Feles\u00e9ge: homor\u00f3dszentp\u00e1li Szentp\u00e1li \u00c1gnes (1782. \u2013 Marosv\u00e9cs, 1802. jan. 13.). Le\u00e1nyuk K. \u00c1gnes (1802. jan. 10. -?). \u2013 A kv.-i t\u00e1rsulat tagja (1803\u201306); Magyaro.-on v\u00e1ndort\u00e1rsulatokn\u00e1l m\u0171k\u00f6d\u00f6tt, Pesten is sikert aratva (1806\u201310); Benke J\u00f3zsef mellett Kom\u00e1\u00adromban a sz\u00edn\u00e9sz csapatot ir\u00e1ny\u00edtotta (1811); Gy\u0151r\u00f6tt [&hellip;]<\/p>\n","protected":false},"featured_media":0,"comment_status":"open","ping_status":"closed","template":"","meta":[],"product_brand":[],"product_cat":[137],"product_tag":[],"class_list":{"0":"post-11595","1":"product","2":"type-product","3":"status-publish","5":"product_cat-maros-megyei-eletrajzi-lexikon","7":"first","8":"instock","9":"shipping-taxable","10":"product-type-simple"},"_links":{"self":[{"href":"https:\/\/uj.adatbank.ro\/lexikon\/wp-json\/wp\/v2\/product\/11595","targetHints":{"allow":["GET"]}}],"collection":[{"href":"https:\/\/uj.adatbank.ro\/lexikon\/wp-json\/wp\/v2\/product"}],"about":[{"href":"https:\/\/uj.adatbank.ro\/lexikon\/wp-json\/wp\/v2\/types\/product"}],"replies":[{"embeddable":true,"href":"https:\/\/uj.adatbank.ro\/lexikon\/wp-json\/wp\/v2\/comments?post=11595"}],"wp:attachment":[{"href":"https:\/\/uj.adatbank.ro\/lexikon\/wp-json\/wp\/v2\/media?parent=11595"}],"wp:term":[{"taxonomy":"product_brand","embeddable":true,"href":"https:\/\/uj.adatbank.ro\/lexikon\/wp-json\/wp\/v2\/product_brand?post=11595"},{"taxonomy":"product_cat","embeddable":true,"href":"https:\/\/uj.adatbank.ro\/lexikon\/wp-json\/wp\/v2\/product_cat?post=11595"},{"taxonomy":"product_tag","embeddable":true,"href":"https:\/\/uj.adatbank.ro\/lexikon\/wp-json\/wp\/v2\/product_tag?post=11595"}],"curies":[{"name":"wp","href":"https:\/\/api.w.org\/{rel}","templated":true}]}}