{"id":11596,"date":"2025-06-29T13:58:31","date_gmt":"2025-06-29T11:58:31","guid":{"rendered":"https:\/\/uj.adatbank.ro\/lexikon\/termek\/kemeny-janos-magyargyeromonostori-br-3\/"},"modified":"2025-06-29T13:58:31","modified_gmt":"2025-06-29T11:58:31","slug":"kemeny-janos-magyargyeromonostori-br-3","status":"publish","type":"product","link":"https:\/\/uj.adatbank.ro\/lexikon\/termek\/kemeny-janos-magyargyeromonostori-br-3\/","title":{"rendered":"KEM\u00c9NY J\u00e1nos, magyargyer\u0151monostori br."},"content":{"rendered":"<p>Pusztakamar\u00e1s, 1825., \u2020 Bp., 1896. m\u00e1rc. 26.: ogy.-i k\u00e9pvisel\u0151, K. Zsigmond \u00f6ccse. \u2013 S\u00e1muel (\u2020 1758) \u00e9s Cs\u00f3ka R\u00f3za (1780\u20131855) fia. N\u0151tlen. Pusztakamar\u00e1son csal\u00e1dja szer\u00e9ny birtok\u00e1n gazd\u00e1lkodott, rendbe hozta a csal\u00e1d anyagi viszonyait, emellett r\u00e9szt vett Kolozsmegye k\u00f6zgy\u0171l\u00e9sein; a kolozsi ker\u00fclet orsz\u00e1ggy\u0171l\u00e9si k\u00e9pvisel\u0151je (1878), a Szabedelv\u0171 P\u00e1rt tagja \u00e9s az orsz\u00e1ggy\u0171l\u00e9s eln\u00f6ke lett; a dics\u0151szentm\u00e1rtoni, majd a tekei ker\u00fcletet k\u00e9pviselte az orsz\u00e1ggy\u0171l\u00e9sben (1884\u201387); bels\u0151 titkos tan\u00e1csos (1884); a Kisfaludy T\u00e1rsas\u00e1g alap\u00edt\u00f3tagja; Pusztakamar\u00e1son k\u00f6zs\u00e9gi jegyz\u0151, majd b\u00edr\u00f3 (1878), testv\u00e9r\u00e9t Zsigmondot \u00e1polta \u00e9lete utols\u00f3 \u00e9veiben, munk\u00e1i kiad\u00e1s\u00e1ra alap\u00edtv\u00e1nyt tett. Cikkeit a Koszor\u00fa, Magyar H\u00edrlap, besz\u00e9deit az Orsz\u00e1ggy\u0171l\u00e9si Napl\u00f3 k\u00f6z\u00f6lte. <br \/><strong>Irod.:<\/strong> Gudenus; Szinnyei., \u00daj orsz\u00e1ggy\u0171l\u00e9si almanach 1887\u201392.<\/br><\/p>\n","protected":false},"excerpt":{"rendered":"<p>Pusztakamar\u00e1s, 1825., \u2020 Bp., 1896. m\u00e1rc. 26.: ogy.-i k\u00e9pvisel\u0151, K. Zsigmond \u00f6ccse. \u2013 S\u00e1muel (\u2020 1758) \u00e9s Cs\u00f3ka R\u00f3za (1780\u20131855) fia. N\u0151tlen. Pusztakamar\u00e1son csal\u00e1dja szer\u00e9ny birtok\u00e1n gazd\u00e1lkodott, rendbe hozta a csal\u00e1d anyagi viszonyait, emellett r\u00e9szt vett Kolozsmegye k\u00f6zgy\u0171l\u00e9sein; a kolozsi ker\u00fclet orsz\u00e1ggy\u0171l\u00e9si k\u00e9pvisel\u0151je (1878), a Szabedelv\u0171 P\u00e1rt tagja \u00e9s az orsz\u00e1ggy\u0171l\u00e9s eln\u00f6ke lett; a dics\u0151szentm\u00e1rtoni, [&hellip;]<\/p>\n","protected":false},"featured_media":0,"comment_status":"open","ping_status":"closed","template":"","meta":[],"product_brand":[],"product_cat":[137],"product_tag":[],"class_list":{"0":"post-11596","1":"product","2":"type-product","3":"status-publish","5":"product_cat-maros-megyei-eletrajzi-lexikon","7":"first","8":"instock","9":"shipping-taxable","10":"product-type-simple"},"_links":{"self":[{"href":"https:\/\/uj.adatbank.ro\/lexikon\/wp-json\/wp\/v2\/product\/11596","targetHints":{"allow":["GET"]}}],"collection":[{"href":"https:\/\/uj.adatbank.ro\/lexikon\/wp-json\/wp\/v2\/product"}],"about":[{"href":"https:\/\/uj.adatbank.ro\/lexikon\/wp-json\/wp\/v2\/types\/product"}],"replies":[{"embeddable":true,"href":"https:\/\/uj.adatbank.ro\/lexikon\/wp-json\/wp\/v2\/comments?post=11596"}],"wp:attachment":[{"href":"https:\/\/uj.adatbank.ro\/lexikon\/wp-json\/wp\/v2\/media?parent=11596"}],"wp:term":[{"taxonomy":"product_brand","embeddable":true,"href":"https:\/\/uj.adatbank.ro\/lexikon\/wp-json\/wp\/v2\/product_brand?post=11596"},{"taxonomy":"product_cat","embeddable":true,"href":"https:\/\/uj.adatbank.ro\/lexikon\/wp-json\/wp\/v2\/product_cat?post=11596"},{"taxonomy":"product_tag","embeddable":true,"href":"https:\/\/uj.adatbank.ro\/lexikon\/wp-json\/wp\/v2\/product_tag?post=11596"}],"curies":[{"name":"wp","href":"https:\/\/api.w.org\/{rel}","templated":true}]}}