{"id":11599,"date":"2025-06-29T13:58:34","date_gmt":"2025-06-29T11:58:34","guid":{"rendered":"https:\/\/uj.adatbank.ro\/lexikon\/termek\/kemeny-janosne-patton-augusta-of-grandhome\/"},"modified":"2025-06-29T13:58:34","modified_gmt":"2025-06-29T11:58:34","slug":"kemeny-janosne-patton-augusta-of-grandhome","status":"publish","type":"product","link":"https:\/\/uj.adatbank.ro\/lexikon\/termek\/kemeny-janosne-patton-augusta-of-grandhome\/","title":{"rendered":"KEM\u00c9NY J\u00e1nosn\u00e9, Patton, Augusta, of Grandhome"},"content":{"rendered":"<p>Kalymnos (G\u00f6r\u00f6go.), 1900 aug. 16., \u2020 Mv., 1989. j\u00fal. 24. Eltemett\u00e9k a marosv\u00e9csi parkban. \u2013 Apja William Patton angol nagyiparos, f\u00f6ldbirtokos, archeol\u00f3gus. Anyja Irene Olompiti. Mindig angol \u00e1llampolg\u00e1r maradt. Kem\u00e9ny J\u00e1nos \u00edr\u00f3 feles\u00e9ge, esk\u00fcv\u0151: Gyeke (Kolozs) (1923). Hat gyermek anyja: J\u00e1nos, Mikolt, Kli\u00f3, Zsuzsa, \u00c1rp\u00e1d \u00e9s Mikl\u00f3s. \u2013 Megtanult magyarul, de nem besz\u00e9lt teljesen helyesen. Anekdot\u00e1k keringtek nyelvbotl\u00e1sair\u00f3l. F\u00e9rj\u00e9nek t\u00e1masza volt sz\u00ednh\u00e1zi \u00e9s irodalmi \u00fcgyekben. A Helikon tal\u00e1lkoz\u00f3k h\u00e1ziasszonya, az erd\u00e9lyi \u00edr\u00f3k \u00e9s m\u0171v\u00e9szek t\u00e1mogat\u00f3ja. A II. vh. ut\u00e1n elkobozt\u00e1k vagyonukat, kitett\u00e9k a csal\u00e1dot a v\u00e9csi v\u00e1rb\u00f3l, egy ideig nagy n\u00e9lk\u00fcl\u0151z\u00e9sek k\u00f6zepette \u00e9ltek, a csal\u00e1d eltart\u00e1s\u00e1nak f\u0151 forr\u00e1sa az \u00e1ltala tartott nyelvleck\u00e9kb\u0151l kapott j\u00f6vedelem volt. <br \/><strong>Irod.:<\/strong> A h\u00e1z kedves asszonya=Adamovits S\u00e1ndor: Helikoni nagyasszonyok (Gyergy\u00f3szentmikl\u00f3s, 2006); B\u00e1nffy \u2013 Marosi; Gudenus, Molter 2.; Nagyap\u00e1mat mai napig p\u00e9ldak\u00e9pemnek tartom \/ Ol\u00e1h-G\u00e1l Elvira besz\u00e9lget\u00e9se V\u00e9csi Nagy Zolt\u00e1nnal (Sz\u00e9kelyf\u00f6ld, 6. sz., 2012); [Nekrol\u00f3g] (V. Z., 1989. j\u00fal. 26.)<\/br><\/p>\n","protected":false},"excerpt":{"rendered":"<p>Kalymnos (G\u00f6r\u00f6go.), 1900 aug. 16., \u2020 Mv., 1989. j\u00fal. 24. Eltemett\u00e9k a marosv\u00e9csi parkban. \u2013 Apja William Patton angol nagyiparos, f\u00f6ldbirtokos, archeol\u00f3gus. Anyja Irene Olompiti. Mindig angol \u00e1llampolg\u00e1r maradt. Kem\u00e9ny J\u00e1nos \u00edr\u00f3 feles\u00e9ge, esk\u00fcv\u0151: Gyeke (Kolozs) (1923). Hat gyermek anyja: J\u00e1nos, Mikolt, Kli\u00f3, Zsuzsa, \u00c1rp\u00e1d \u00e9s Mikl\u00f3s. \u2013 Megtanult magyarul, de nem besz\u00e9lt teljesen helyesen. [&hellip;]<\/p>\n","protected":false},"featured_media":0,"comment_status":"open","ping_status":"closed","template":"","meta":[],"product_brand":[],"product_cat":[137],"product_tag":[],"class_list":{"0":"post-11599","1":"product","2":"type-product","3":"status-publish","5":"product_cat-maros-megyei-eletrajzi-lexikon","7":"first","8":"instock","9":"shipping-taxable","10":"product-type-simple"},"_links":{"self":[{"href":"https:\/\/uj.adatbank.ro\/lexikon\/wp-json\/wp\/v2\/product\/11599","targetHints":{"allow":["GET"]}}],"collection":[{"href":"https:\/\/uj.adatbank.ro\/lexikon\/wp-json\/wp\/v2\/product"}],"about":[{"href":"https:\/\/uj.adatbank.ro\/lexikon\/wp-json\/wp\/v2\/types\/product"}],"replies":[{"embeddable":true,"href":"https:\/\/uj.adatbank.ro\/lexikon\/wp-json\/wp\/v2\/comments?post=11599"}],"wp:attachment":[{"href":"https:\/\/uj.adatbank.ro\/lexikon\/wp-json\/wp\/v2\/media?parent=11599"}],"wp:term":[{"taxonomy":"product_brand","embeddable":true,"href":"https:\/\/uj.adatbank.ro\/lexikon\/wp-json\/wp\/v2\/product_brand?post=11599"},{"taxonomy":"product_cat","embeddable":true,"href":"https:\/\/uj.adatbank.ro\/lexikon\/wp-json\/wp\/v2\/product_cat?post=11599"},{"taxonomy":"product_tag","embeddable":true,"href":"https:\/\/uj.adatbank.ro\/lexikon\/wp-json\/wp\/v2\/product_tag?post=11599"}],"curies":[{"name":"wp","href":"https:\/\/api.w.org\/{rel}","templated":true}]}}