{"id":11600,"date":"2025-06-29T13:58:35","date_gmt":"2025-06-29T11:58:35","guid":{"rendered":"https:\/\/uj.adatbank.ro\/lexikon\/termek\/kemeny-jozsef-magyargyeromonostori-gr\/"},"modified":"2025-06-29T13:58:35","modified_gmt":"2025-06-29T11:58:35","slug":"kemeny-jozsef-magyargyeromonostori-gr","status":"publish","type":"product","link":"https:\/\/uj.adatbank.ro\/lexikon\/termek\/kemeny-jozsef-magyargyeromonostori-gr\/","title":{"rendered":"KEM\u00c9NY J\u00f3zsef, magyargyer\u0151monostori gr."},"content":{"rendered":"<p>Aranyosgerend (Kolozs), ezt tiszt\u00e1zni kell!!! Vagy Gerendkereszt\u00far, 1795. szept. 11., \u2020 Gerendkereszt\u00far, 1855. szept. 12.: kincst\u00e1ri titk\u00e1r, r\u00e9gis\u00e9g \u00e9s t\u00f6rt\u00e9netb\u00fav\u00e1r. \u2013 K. Farkas \u00e9s gr. Batthy\u00e1ny \/ Batty\u00e1ni Ter\u00e9zia fia. Testv\u00e9re: K. Polixena. Feles\u00e9ge: L\u00e1ng Anna. \u2013 Kincst\u00e1ri titk\u00e1r Nagyszebenben (1827); Aranyosgerenden \u00e9s B\u00fckk\u00f6s\u00f6n tartott ferences h\u00e1zik\u00e1pl\u00e1nt (1824\u201350). Als\u00f3feh\u00e9rmegye k\u00f6vete az erd\u00e9lyi orsz\u00e1ggy\u0171l\u00e9sen (1831\u2013), az ellenz\u00e9k soraiban foglalt helyet, ahol k\u00e9s\u0151bb is megjelent (1837, 1841, 1846); a konzervativ p\u00e1rthoz l\u00e9pett \u00e1t (1846). Az erd\u00e9lyi orsz\u00e1ggy\u0171l\u00e9sen a szabads\u00e1gharc alatt tagja volt a debreceni fels\u0151h\u00e1znak; ezut\u00e1n mint bizalmi f\u00e9rfiu B\u00e9csben tev\u00e9kenykedett. Udvarh\u00e1za volt Gerendkereszt\u00faron, amelybe az osztr\u00e1k csapatok vez\u00e9rl\u0151 tisztjei sz\u00e1ll\u00e1solt\u00e1k be magukat (1848. nov.) \u00e9s szabad zs\u00e1km\u00e1nyol\u00e1st, m\u00e9sz\u00e1rl\u00e1st enged\u00e9lyeztek a rom\u00e1n t\u00e1bor vezet\u0151inek. Visszavonult \u00e9s Erd\u00e9ly t\u00f6rt\u00e9nete \u00e9s r\u00e9gis\u00e9geinek kutatt\u00e1s\u00e1val foglalkozott; a MTA levelez\u0151 (1831), majd rendes tagja lett (1844). Unokatestv\u00e9r\u00e9vel, K. S\u00e1muellel az erd\u00e9lyi ogy. -nek felaj\u00e1nlott\u00e1k mag\u00e1ngy\u0171jtem\u00e9ny\u00fcket, a gazdag k\u00e9ziratt\u00e1rat \u00e9s oklev\u00e9lgy\u0171jtem\u00e9nyt az Erd\u00e9lyi Nemzeti M\u00fazeum jav\u00e1ra (1841. nov. 3.), ami megalakult Erd\u00e9lyi M\u00fazeum-Egyes\u00fclet (EME) n\u00e9ven (1859). A MTA-\u00e1n Mik\u00f3 Imre mondott felette eml\u00e9kbesz\u00e9det (1860). Cikkei, tanulm\u00e1nyai \u00e9s \u00e9rtekez\u00e9sei : A Tudom\u00e1nyos Gy\u0171jtem\u00e9ny, Transs\u00edlvania, \u00c1rp\u00e1dia, Szeml\u00e9l\u0151, Erd\u00e9lyi Nemzeti T\u00e1rsalkod\u00f3, Tudom\u00e1nyt\u00e1r, Kurz Magazinj\u00e1ban, Archiv des Vereins f\u00fcr Siebenb\u00fcrg. Landeskunden, \u00daj Magyar M\u00fazeum-ban, Kr\u00f3nosz, Irisz c. \u00e9vk\u00f6nyvekben. \u2013 <strong>F. m.:<\/strong> Notitia Historico-diplomatica archivi et literalium capituli Albensisi Transilvaniae (Cibinii, 1836); Deutsches Fundgruben der Geschichte Siebenb\u00fcrgens Herausgegeben. (Klausenburg, 1839); T\u00f6rt\u00e9nelmi \u00e9s irodalmi kal\u00e1szatok (Pest, 1861); Mih\u00e1ly vajda jelleme s tetteire vonatkoz\u00f3 okm\u00e1nyok (1600. 1601) = M. t\u00f6rt. t\u00e1r 3.; <strong>szerk.:<\/strong> Erd\u00e9lyorsz\u00e1g T\u00f6rt\u00e9neti T\u00e1ra. 2. k\u00f6t. (Kv., 1837, 1845), <strong>K\u00e9ziratban:<\/strong> eredeti oklev\u00e9lgy\u0171jtem\u00e9ny a XII-XVI. sz. -b\u00f3l; oklev\u00e9lm\u00e1solatok; magyaro.-i \u00e9s erd\u00e9lyi lev\u00e9lt\u00e1rakban l\u00e9v\u0151 oklev\u00e9ljegyz\u00e9k \u00e9s kivonatok; b\u00e9kek\u00f6t\u00e9si oklevelek ; egykor\u00fa t\u00f6rt\u00e9neti levelek m\u00e1solatai; t\u00f6rt\u00e9neti k\u00e9ziratok, napl\u00f3k ; orsz\u00e1ggy\u0171l\u00e9si t\u00f6rv\u00e9nycikkek. <br \/><strong>Irod.:<\/strong> B\u00e9nyei; Castellum \u00c9rtes\u00edt\u0151 (7. sz., 2002); Czirj\u00e1k 3.; EME t\u00f6rt.; Erd\u00e9lyi f\u00e9niks; Jak\u00f3 1976; Kornis; Kov\u00e1cs Andr\u00e1s; Lev\u00e9lt\u00e1ri gy\u00e1szj.; M. okl. Rom.; Okm\u00e1nyt\u00e1r; P\u00e1lffy; Sebesty\u00e9n Mih\u00e1ly 2000; Szinnyei; Tolok\u00e1n Jen\u0151: Adal\u00e9kok Ludas helyt\u00f6rt\u00e9net\u00e9hez (N\u00fa., 1998. m\u00e1j. 15.)<\/br><\/p>\n","protected":false},"excerpt":{"rendered":"<p>Aranyosgerend (Kolozs), ezt tiszt\u00e1zni kell!!! Vagy Gerendkereszt\u00far, 1795. szept. 11., \u2020 Gerendkereszt\u00far, 1855. szept. 12.: kincst\u00e1ri titk\u00e1r, r\u00e9gis\u00e9g \u00e9s t\u00f6rt\u00e9netb\u00fav\u00e1r. \u2013 K. Farkas \u00e9s gr. Batthy\u00e1ny \/ Batty\u00e1ni Ter\u00e9zia fia. Testv\u00e9re: K. Polixena. Feles\u00e9ge: L\u00e1ng Anna. \u2013 Kincst\u00e1ri titk\u00e1r Nagyszebenben (1827); Aranyosgerenden \u00e9s B\u00fckk\u00f6s\u00f6n tartott ferences h\u00e1zik\u00e1pl\u00e1nt (1824\u201350). Als\u00f3feh\u00e9rmegye k\u00f6vete az erd\u00e9lyi orsz\u00e1ggy\u0171l\u00e9sen (1831\u2013), az [&hellip;]<\/p>\n","protected":false},"featured_media":0,"comment_status":"open","ping_status":"closed","template":"","meta":[],"product_brand":[],"product_cat":[137],"product_tag":[],"class_list":{"0":"post-11600","1":"product","2":"type-product","3":"status-publish","5":"product_cat-maros-megyei-eletrajzi-lexikon","7":"first","8":"instock","9":"shipping-taxable","10":"product-type-simple"},"_links":{"self":[{"href":"https:\/\/uj.adatbank.ro\/lexikon\/wp-json\/wp\/v2\/product\/11600","targetHints":{"allow":["GET"]}}],"collection":[{"href":"https:\/\/uj.adatbank.ro\/lexikon\/wp-json\/wp\/v2\/product"}],"about":[{"href":"https:\/\/uj.adatbank.ro\/lexikon\/wp-json\/wp\/v2\/types\/product"}],"replies":[{"embeddable":true,"href":"https:\/\/uj.adatbank.ro\/lexikon\/wp-json\/wp\/v2\/comments?post=11600"}],"wp:attachment":[{"href":"https:\/\/uj.adatbank.ro\/lexikon\/wp-json\/wp\/v2\/media?parent=11600"}],"wp:term":[{"taxonomy":"product_brand","embeddable":true,"href":"https:\/\/uj.adatbank.ro\/lexikon\/wp-json\/wp\/v2\/product_brand?post=11600"},{"taxonomy":"product_cat","embeddable":true,"href":"https:\/\/uj.adatbank.ro\/lexikon\/wp-json\/wp\/v2\/product_cat?post=11600"},{"taxonomy":"product_tag","embeddable":true,"href":"https:\/\/uj.adatbank.ro\/lexikon\/wp-json\/wp\/v2\/product_tag?post=11600"}],"curies":[{"name":"wp","href":"https:\/\/api.w.org\/{rel}","templated":true}]}}