{"id":11602,"date":"2025-06-29T13:58:38","date_gmt":"2025-06-29T11:58:38","guid":{"rendered":"https:\/\/uj.adatbank.ro\/lexikon\/termek\/kemeny-judit-magyargyeromonostori-br-lazar-laszlone\/"},"modified":"2025-06-29T13:58:38","modified_gmt":"2025-06-29T11:58:38","slug":"kemeny-judit-magyargyeromonostori-br-lazar-laszlone","status":"publish","type":"product","link":"https:\/\/uj.adatbank.ro\/lexikon\/termek\/kemeny-judit-magyargyeromonostori-br-lazar-laszlone\/","title":{"rendered":"KEM\u00c9NY Judit, magyargyer\u0151monostori br, L\u00e1z\u00e1r L\u00e1szl\u00f3n\u00e9"},"content":{"rendered":"<p>Cintos, 1910. nov. 16., \u2020 2002, D\u00e9v\u00e1n temett\u00e9k: b\u00e1r\u00f3n\u0151. \u2013 P\u00e1l (1867\u20131934) \u00e9s Petrichevich Horv\u00e1th Eszter (1880\u20131952) l\u00e1nya. F\u00e9rjhez ment Malomfalv\u00e1n (1937) csiktapl\u00f3cai L\u00e1z\u00e1r L\u00e1szl\u00f3 mez\u0151gazdas\u00e1gi m\u00e9rn\u00f6kh\u00f6z. (1981\u20131963). <br \/><strong>Irod.:<\/strong> Gudenus<\/br><\/p>\n","protected":false},"excerpt":{"rendered":"<p>Cintos, 1910. nov. 16., \u2020 2002, D\u00e9v\u00e1n temett\u00e9k: b\u00e1r\u00f3n\u0151. \u2013 P\u00e1l (1867\u20131934) \u00e9s Petrichevich Horv\u00e1th Eszter (1880\u20131952) l\u00e1nya. F\u00e9rjhez ment Malomfalv\u00e1n (1937) csiktapl\u00f3cai L\u00e1z\u00e1r L\u00e1szl\u00f3 mez\u0151gazdas\u00e1gi m\u00e9rn\u00f6kh\u00f6z. (1981\u20131963). Irod.: Gudenus<\/p>\n","protected":false},"featured_media":0,"comment_status":"open","ping_status":"closed","template":"","meta":[],"product_brand":[],"product_cat":[137],"product_tag":[],"class_list":{"0":"post-11602","1":"product","2":"type-product","3":"status-publish","5":"product_cat-maros-megyei-eletrajzi-lexikon","7":"first","8":"instock","9":"shipping-taxable","10":"product-type-simple"},"_links":{"self":[{"href":"https:\/\/uj.adatbank.ro\/lexikon\/wp-json\/wp\/v2\/product\/11602","targetHints":{"allow":["GET"]}}],"collection":[{"href":"https:\/\/uj.adatbank.ro\/lexikon\/wp-json\/wp\/v2\/product"}],"about":[{"href":"https:\/\/uj.adatbank.ro\/lexikon\/wp-json\/wp\/v2\/types\/product"}],"replies":[{"embeddable":true,"href":"https:\/\/uj.adatbank.ro\/lexikon\/wp-json\/wp\/v2\/comments?post=11602"}],"wp:attachment":[{"href":"https:\/\/uj.adatbank.ro\/lexikon\/wp-json\/wp\/v2\/media?parent=11602"}],"wp:term":[{"taxonomy":"product_brand","embeddable":true,"href":"https:\/\/uj.adatbank.ro\/lexikon\/wp-json\/wp\/v2\/product_brand?post=11602"},{"taxonomy":"product_cat","embeddable":true,"href":"https:\/\/uj.adatbank.ro\/lexikon\/wp-json\/wp\/v2\/product_cat?post=11602"},{"taxonomy":"product_tag","embeddable":true,"href":"https:\/\/uj.adatbank.ro\/lexikon\/wp-json\/wp\/v2\/product_tag?post=11602"}],"curies":[{"name":"wp","href":"https:\/\/api.w.org\/{rel}","templated":true}]}}