{"id":11605,"date":"2025-06-29T13:58:47","date_gmt":"2025-06-29T11:58:47","guid":{"rendered":"https:\/\/uj.adatbank.ro\/lexikon\/termek\/kemeny-kata-gyerofi-gyorgyne\/"},"modified":"2025-06-29T13:58:47","modified_gmt":"2025-06-29T11:58:47","slug":"kemeny-kata-gyerofi-gyorgyne","status":"publish","type":"product","link":"https:\/\/uj.adatbank.ro\/lexikon\/termek\/kemeny-kata-gyerofi-gyorgyne\/","title":{"rendered":"KEM\u00c9NY Kata, Gyer\u0151fi Gy\u00f6rgyn\u00e9"},"content":{"rendered":"<p>? \u2020 Szamosfalva, 1714. m\u00e1rc. 26.: birtokos. \u2013 Kem\u00e9ny J\u00e1nos fejedelem unokah\u00faga. F\u00e9rje Gyer\u0151fi Gy\u00f6rgy szamosfalvi birtokos. Le\u00e1nyuk: Gy. Borb\u00e1la, Gyulaffi L\u00e1szl\u00f3n\u00e9. Majd egy \u00e9vtizedig v\u00e1rt rend\u00fcletlen\u00fcl a II. R\u00e1k\u00f3czi Gy\u00f6rgy lengyelo.-i szerencs\u00e9tlen hadj\u00e1rat\u00e1ban r\u00e9szt vev\u0151 \u00e9s a lengyel kir. udvar\u00e1ban kezes\u00fcl marad\u00f3 f\u00e9rj\u00e9re (1648\u2013). Abosfalv\u00e1n volt a birtoka. Unit. vall\u00e1s\u00fa, iskol\u00e1k j\u00f3tev\u0151je. volt. Abosfalva unit\u00e1rius volt (16. \u00e9s 17. sz.). <br \/><strong>Irod.:<\/strong> Kelemen Lajos 2009; K\u00e9nosi-Uzoni 2.<\/br><\/p>\n","protected":false},"excerpt":{"rendered":"<p>? \u2020 Szamosfalva, 1714. m\u00e1rc. 26.: birtokos. \u2013 Kem\u00e9ny J\u00e1nos fejedelem unokah\u00faga. F\u00e9rje Gyer\u0151fi Gy\u00f6rgy szamosfalvi birtokos. Le\u00e1nyuk: Gy. Borb\u00e1la, Gyulaffi L\u00e1szl\u00f3n\u00e9. Majd egy \u00e9vtizedig v\u00e1rt rend\u00fcletlen\u00fcl a II. R\u00e1k\u00f3czi Gy\u00f6rgy lengyelo.-i szerencs\u00e9tlen hadj\u00e1rat\u00e1ban r\u00e9szt vev\u0151 \u00e9s a lengyel kir. udvar\u00e1ban kezes\u00fcl marad\u00f3 f\u00e9rj\u00e9re (1648\u2013). Abosfalv\u00e1n volt a birtoka. Unit. vall\u00e1s\u00fa, iskol\u00e1k j\u00f3tev\u0151je. volt. Abosfalva [&hellip;]<\/p>\n","protected":false},"featured_media":0,"comment_status":"open","ping_status":"closed","template":"","meta":[],"product_brand":[],"product_cat":[137],"product_tag":[],"class_list":{"0":"post-11605","1":"product","2":"type-product","3":"status-publish","5":"product_cat-maros-megyei-eletrajzi-lexikon","7":"first","8":"instock","9":"shipping-taxable","10":"product-type-simple"},"_links":{"self":[{"href":"https:\/\/uj.adatbank.ro\/lexikon\/wp-json\/wp\/v2\/product\/11605","targetHints":{"allow":["GET"]}}],"collection":[{"href":"https:\/\/uj.adatbank.ro\/lexikon\/wp-json\/wp\/v2\/product"}],"about":[{"href":"https:\/\/uj.adatbank.ro\/lexikon\/wp-json\/wp\/v2\/types\/product"}],"replies":[{"embeddable":true,"href":"https:\/\/uj.adatbank.ro\/lexikon\/wp-json\/wp\/v2\/comments?post=11605"}],"wp:attachment":[{"href":"https:\/\/uj.adatbank.ro\/lexikon\/wp-json\/wp\/v2\/media?parent=11605"}],"wp:term":[{"taxonomy":"product_brand","embeddable":true,"href":"https:\/\/uj.adatbank.ro\/lexikon\/wp-json\/wp\/v2\/product_brand?post=11605"},{"taxonomy":"product_cat","embeddable":true,"href":"https:\/\/uj.adatbank.ro\/lexikon\/wp-json\/wp\/v2\/product_cat?post=11605"},{"taxonomy":"product_tag","embeddable":true,"href":"https:\/\/uj.adatbank.ro\/lexikon\/wp-json\/wp\/v2\/product_tag?post=11605"}],"curies":[{"name":"wp","href":"https:\/\/api.w.org\/{rel}","templated":true}]}}