{"id":11606,"date":"2025-06-29T13:58:48","date_gmt":"2025-06-29T11:58:48","guid":{"rendered":"https:\/\/uj.adatbank.ro\/lexikon\/termek\/kemeny-kata-gyeromonostori-br-losonczi-br-banffy-zsigmondne\/"},"modified":"2025-06-29T13:58:48","modified_gmt":"2025-06-29T11:58:48","slug":"kemeny-kata-gyeromonostori-br-losonczi-br-banffy-zsigmondne","status":"publish","type":"product","link":"https:\/\/uj.adatbank.ro\/lexikon\/termek\/kemeny-kata-gyeromonostori-br-losonczi-br-banffy-zsigmondne\/","title":{"rendered":"KEM\u00c9NY Kata, gyer\u0151monostori br., losonczi br. B\u00e1nffy Zsigmondn\u00e9"},"content":{"rendered":"<p>1700., \u2020 Szeben, 1746. m\u00e1rc. 4. Marosszentkir\u00e1lyon temett\u00e9k 1746. Sz. Jakab hava. 3.): f\u00f6ldbirtokos. \u2013 K. Simon \u00e9s Vaji \/ Vay Anna le\u00e1nya. Testv\u00e9rei: K. Erzs\u00e9bet B\u00e1rtzai J\u00e1nosn\u00e9; \u00c1d\u00e1m; Krisztina br. B\u00e1nffy Boldizs\u00e1rn\u00e9. F\u00e9rje: losonczi br. B\u00e1nffy Zsigmond, consili\u00e1rius. Esk\u00fcv\u0151: 1725. Sz. Gy\u00f6rgy hava, 22. Le\u00e1nyaik: B. Anna Ugron Istv\u00e1nn\u00e9; M\u00e1ria br. Rad\u00e1k L\u0151rincn\u00e9; Judit (\u2020 temet\u00e9se: Mez\u0151z\u00e1h, 1744. Sz. Mih\u00e1ly hava, 13.), Kl\u00e1ra, Kata, Drusiana, Erzs\u00e9bet. <br \/><strong>Irod.:<\/strong> B\u00e1natra adott b\u00e1nat: Halotti besz\u00e9dek melyeket baronissa M. Gyer\u0151monostori K. K. \u00e9s \u00e9s Losonctzi B\u00e1nffi Judit kisasszony felett tartottak Maros Szent-Kir\u00e1lyon \u00e9s Z\u00e1hon \/ T\u0151ke M\u00e1rton, N\u00e1n\u00e1si Lov\u00e1sz Andr\u00e1s, Borosnyai N. \u2019Sigmond, Zal\u00e1nyi Miskoltzi J\u00f3s\u2019ef (Kv., 1747); Halotti besz\u00e9dek; Teleki Mih\u00e1ly levelez\u00e9se (Bp., 1906\u201316); Verest\u00f3i Gy\u00f6rgy: Holtakkal val\u00f3 bar\u00e1ts\u00e1g (Kv., 1783)<\/br><\/p>\n","protected":false},"excerpt":{"rendered":"<p>1700., \u2020 Szeben, 1746. m\u00e1rc. 4. Marosszentkir\u00e1lyon temett\u00e9k 1746. Sz. Jakab hava. 3.): f\u00f6ldbirtokos. \u2013 K. Simon \u00e9s Vaji \/ Vay Anna le\u00e1nya. Testv\u00e9rei: K. Erzs\u00e9bet B\u00e1rtzai J\u00e1nosn\u00e9; \u00c1d\u00e1m; Krisztina br. B\u00e1nffy Boldizs\u00e1rn\u00e9. F\u00e9rje: losonczi br. B\u00e1nffy Zsigmond, consili\u00e1rius. Esk\u00fcv\u0151: 1725. Sz. Gy\u00f6rgy hava, 22. Le\u00e1nyaik: B. Anna Ugron Istv\u00e1nn\u00e9; M\u00e1ria br. Rad\u00e1k L\u0151rincn\u00e9; Judit [&hellip;]<\/p>\n","protected":false},"featured_media":0,"comment_status":"open","ping_status":"closed","template":"","meta":[],"product_brand":[],"product_cat":[137],"product_tag":[],"class_list":{"0":"post-11606","1":"product","2":"type-product","3":"status-publish","5":"product_cat-maros-megyei-eletrajzi-lexikon","7":"first","8":"instock","9":"shipping-taxable","10":"product-type-simple"},"_links":{"self":[{"href":"https:\/\/uj.adatbank.ro\/lexikon\/wp-json\/wp\/v2\/product\/11606","targetHints":{"allow":["GET"]}}],"collection":[{"href":"https:\/\/uj.adatbank.ro\/lexikon\/wp-json\/wp\/v2\/product"}],"about":[{"href":"https:\/\/uj.adatbank.ro\/lexikon\/wp-json\/wp\/v2\/types\/product"}],"replies":[{"embeddable":true,"href":"https:\/\/uj.adatbank.ro\/lexikon\/wp-json\/wp\/v2\/comments?post=11606"}],"wp:attachment":[{"href":"https:\/\/uj.adatbank.ro\/lexikon\/wp-json\/wp\/v2\/media?parent=11606"}],"wp:term":[{"taxonomy":"product_brand","embeddable":true,"href":"https:\/\/uj.adatbank.ro\/lexikon\/wp-json\/wp\/v2\/product_brand?post=11606"},{"taxonomy":"product_cat","embeddable":true,"href":"https:\/\/uj.adatbank.ro\/lexikon\/wp-json\/wp\/v2\/product_cat?post=11606"},{"taxonomy":"product_tag","embeddable":true,"href":"https:\/\/uj.adatbank.ro\/lexikon\/wp-json\/wp\/v2\/product_tag?post=11606"}],"curies":[{"name":"wp","href":"https:\/\/api.w.org\/{rel}","templated":true}]}}