{"id":11607,"date":"2025-06-29T13:58:50","date_gmt":"2025-06-29T11:58:50","guid":{"rendered":"https:\/\/uj.adatbank.ro\/lexikon\/termek\/kemeny-kata-magyargyeromonostori-br-betleni-bethlen-ferencne\/"},"modified":"2025-06-29T13:58:50","modified_gmt":"2025-06-29T11:58:50","slug":"kemeny-kata-magyargyeromonostori-br-betleni-bethlen-ferencne","status":"publish","type":"product","link":"https:\/\/uj.adatbank.ro\/lexikon\/termek\/kemeny-kata-magyargyeromonostori-br-betleni-bethlen-ferencne\/","title":{"rendered":"KEM\u00c9NY Kata, magyargyer\u0151monostori br., betleni Bethlen Ferencn\u00e9"},"content":{"rendered":"<p>1614. m\u00e1j. 15., \u2020 1679: f\u00f6ldbirtokos. \u2013 Boldizs\u00e1r (1576\u20131630) \u00e9s Tornya Zs\u00f3fia l\u00e1nya. F\u00e9rje bethleni Bethlen Ferenc (1601\u201302\u20131653 v. 54) Gyermekei: Farkas (1639\u20131679), Gergely (1641\u20131697), Elek (1643\u20131696), Krisztina (\u2020 1698), A keresdi kast\u00e9ly \u00e9p\u00edt\u00e9sben, f\u00e9rje mellett neki is r\u00e9sze lehetett (1640. k.). <br \/><strong>Irod.:<\/strong> K\u00e9nosi-Uzoni 2.; Kov\u00e1cs Andr\u00e1s; Lukinich<\/br><\/p>\n","protected":false},"excerpt":{"rendered":"<p>1614. m\u00e1j. 15., \u2020 1679: f\u00f6ldbirtokos. \u2013 Boldizs\u00e1r (1576\u20131630) \u00e9s Tornya Zs\u00f3fia l\u00e1nya. F\u00e9rje bethleni Bethlen Ferenc (1601\u201302\u20131653 v. 54) Gyermekei: Farkas (1639\u20131679), Gergely (1641\u20131697), Elek (1643\u20131696), Krisztina (\u2020 1698), A keresdi kast\u00e9ly \u00e9p\u00edt\u00e9sben, f\u00e9rje mellett neki is r\u00e9sze lehetett (1640. k.). Irod.: K\u00e9nosi-Uzoni 2.; Kov\u00e1cs Andr\u00e1s; Lukinich<\/p>\n","protected":false},"featured_media":0,"comment_status":"open","ping_status":"closed","template":"","meta":[],"product_brand":[],"product_cat":[137],"product_tag":[],"class_list":{"0":"post-11607","1":"product","2":"type-product","3":"status-publish","5":"product_cat-maros-megyei-eletrajzi-lexikon","7":"first","8":"instock","9":"shipping-taxable","10":"product-type-simple"},"_links":{"self":[{"href":"https:\/\/uj.adatbank.ro\/lexikon\/wp-json\/wp\/v2\/product\/11607","targetHints":{"allow":["GET"]}}],"collection":[{"href":"https:\/\/uj.adatbank.ro\/lexikon\/wp-json\/wp\/v2\/product"}],"about":[{"href":"https:\/\/uj.adatbank.ro\/lexikon\/wp-json\/wp\/v2\/types\/product"}],"replies":[{"embeddable":true,"href":"https:\/\/uj.adatbank.ro\/lexikon\/wp-json\/wp\/v2\/comments?post=11607"}],"wp:attachment":[{"href":"https:\/\/uj.adatbank.ro\/lexikon\/wp-json\/wp\/v2\/media?parent=11607"}],"wp:term":[{"taxonomy":"product_brand","embeddable":true,"href":"https:\/\/uj.adatbank.ro\/lexikon\/wp-json\/wp\/v2\/product_brand?post=11607"},{"taxonomy":"product_cat","embeddable":true,"href":"https:\/\/uj.adatbank.ro\/lexikon\/wp-json\/wp\/v2\/product_cat?post=11607"},{"taxonomy":"product_tag","embeddable":true,"href":"https:\/\/uj.adatbank.ro\/lexikon\/wp-json\/wp\/v2\/product_tag?post=11607"}],"curies":[{"name":"wp","href":"https:\/\/api.w.org\/{rel}","templated":true}]}}