{"id":11608,"date":"2025-06-29T13:58:53","date_gmt":"2025-06-29T11:58:53","guid":{"rendered":"https:\/\/uj.adatbank.ro\/lexikon\/termek\/kemeny-kata-magyargyeromonostori-br-gr-osdolai-kun-jozsefne\/"},"modified":"2025-06-29T13:58:53","modified_gmt":"2025-06-29T11:58:53","slug":"kemeny-kata-magyargyeromonostori-br-gr-osdolai-kun-jozsefne","status":"publish","type":"product","link":"https:\/\/uj.adatbank.ro\/lexikon\/termek\/kemeny-kata-magyargyeromonostori-br-gr-osdolai-kun-jozsefne\/","title":{"rendered":"KEM\u00c9NY Kata, magyargyer\u0151monostori br., gr. osdolai K\u00fan J\u00f3zsefn\u00e9"},"content":{"rendered":"<p>Kv., 1788. m\u00e1rc. 19., \u2020 Aranyosgerend, 1815. nov. 6. \u00e9s nov. 9. a temet\u00e9s napja: K. S\u00e1muel (1739\u20131817), az Erd\u00e9lyi Kir. T\u00e1bla eln\u00f6ke \u00e9s gr. Bethlen Kata (1754\u20131797) le\u00e1nya. F\u00e9rje: osdolai Kun J\u00f3zsef (1788\u20131851), kamar\u00e1s \u00e9s Kir. T\u00e1blai adsessor. H\u00e1zass\u00e1gukb\u00f3l \u00f6t gyermek sz\u00fcletett: Katalin, br. Schaller L\u00f6venthal S\u00e1mueln\u00e9, Vilma, Jozefa Thumburgi gr. Klebersber Vilmosn\u00e9 (1816\u20131881), Karolina \u00e9s S\u00e1muel. Halotti c\u00edmere a kv.-i Farkas utcai templomban. \u2013 A vajdaszentiv\u00e1nyi \u00e9s aranyosgerendi kast\u00e9ly \u00f6r\u00f6k\u00f6se, tulajdonosa. <br \/><strong>Irod.:<\/strong> Bicsok-Orb\u00e1n; Entz\u2013Kov\u00e1cs; Halotti besz\u00e9dek; Lev\u00e9lt\u00e1ri gy\u00e1szj.; Vajdaszentiv\u00e1ny<\/br><\/p>\n","protected":false},"excerpt":{"rendered":"<p>Kv., 1788. m\u00e1rc. 19., \u2020 Aranyosgerend, 1815. nov. 6. \u00e9s nov. 9. a temet\u00e9s napja: K. S\u00e1muel (1739\u20131817), az Erd\u00e9lyi Kir. T\u00e1bla eln\u00f6ke \u00e9s gr. Bethlen Kata (1754\u20131797) le\u00e1nya. F\u00e9rje: osdolai Kun J\u00f3zsef (1788\u20131851), kamar\u00e1s \u00e9s Kir. T\u00e1blai adsessor. H\u00e1zass\u00e1gukb\u00f3l \u00f6t gyermek sz\u00fcletett: Katalin, br. Schaller L\u00f6venthal S\u00e1mueln\u00e9, Vilma, Jozefa Thumburgi gr. Klebersber Vilmosn\u00e9 (1816\u20131881), [&hellip;]<\/p>\n","protected":false},"featured_media":0,"comment_status":"open","ping_status":"closed","template":"","meta":[],"product_brand":[],"product_cat":[137],"product_tag":[],"class_list":{"0":"post-11608","1":"product","2":"type-product","3":"status-publish","5":"product_cat-maros-megyei-eletrajzi-lexikon","7":"first","8":"instock","9":"shipping-taxable","10":"product-type-simple"},"_links":{"self":[{"href":"https:\/\/uj.adatbank.ro\/lexikon\/wp-json\/wp\/v2\/product\/11608","targetHints":{"allow":["GET"]}}],"collection":[{"href":"https:\/\/uj.adatbank.ro\/lexikon\/wp-json\/wp\/v2\/product"}],"about":[{"href":"https:\/\/uj.adatbank.ro\/lexikon\/wp-json\/wp\/v2\/types\/product"}],"replies":[{"embeddable":true,"href":"https:\/\/uj.adatbank.ro\/lexikon\/wp-json\/wp\/v2\/comments?post=11608"}],"wp:attachment":[{"href":"https:\/\/uj.adatbank.ro\/lexikon\/wp-json\/wp\/v2\/media?parent=11608"}],"wp:term":[{"taxonomy":"product_brand","embeddable":true,"href":"https:\/\/uj.adatbank.ro\/lexikon\/wp-json\/wp\/v2\/product_brand?post=11608"},{"taxonomy":"product_cat","embeddable":true,"href":"https:\/\/uj.adatbank.ro\/lexikon\/wp-json\/wp\/v2\/product_cat?post=11608"},{"taxonomy":"product_tag","embeddable":true,"href":"https:\/\/uj.adatbank.ro\/lexikon\/wp-json\/wp\/v2\/product_tag?post=11608"}],"curies":[{"name":"wp","href":"https:\/\/api.w.org\/{rel}","templated":true}]}}