{"id":11609,"date":"2025-06-29T13:58:54","date_gmt":"2025-06-29T11:58:54","guid":{"rendered":"https:\/\/uj.adatbank.ro\/lexikon\/termek\/kemeny-katalin\/"},"modified":"2025-06-29T13:58:54","modified_gmt":"2025-06-29T11:58:54","slug":"kemeny-katalin","status":"publish","type":"product","link":"https:\/\/uj.adatbank.ro\/lexikon\/termek\/kemeny-katalin\/","title":{"rendered":"KEM\u00c9NY Katalin"},"content":{"rendered":"<p>Nagyenyed, 1907. dec. 29. \u2020 ?: f\u0151\u00fari asszony, f\u00f6ldbirtokos. \u2013 K. P\u00e1l (1867\u20131934) \u00e9s Petrichevich Horv\u00e1th Eszter (1880\u20131952) l\u00e1nya. F\u00e9rjhez ment (Malomfalva, 1939. m\u00e1j. 7) Sepsikilly\u00e9nyi \u00e9s sepsiszentgy\u00f6rgyi nemes Czak\u00f3 J\u00f3zsefhez (Sz\u00e9kelyk\u00f6vesd, Maros-Torda vm., 1895. jan. 4. &#8211; Mv., 1976. dec. 23). Dr. med., k\u00f3rh\u00e1zigazgat\u00f3 Mv.-en. Gyermekei : J\u00falia, J\u00f3zsef (1941\u2013). \u2013 <strong>F. m.:<\/strong> Erd\u00e9lyi eml\u00e9k\u00edr\u00f3k (Kv., 1932). <br \/><strong>Irod.:<\/strong> Gudenus<\/br><\/p>\n","protected":false},"excerpt":{"rendered":"<p>Nagyenyed, 1907. dec. 29. \u2020 ?: f\u0151\u00fari asszony, f\u00f6ldbirtokos. \u2013 K. P\u00e1l (1867\u20131934) \u00e9s Petrichevich Horv\u00e1th Eszter (1880\u20131952) l\u00e1nya. F\u00e9rjhez ment (Malomfalva, 1939. m\u00e1j. 7) Sepsikilly\u00e9nyi \u00e9s sepsiszentgy\u00f6rgyi nemes Czak\u00f3 J\u00f3zsefhez (Sz\u00e9kelyk\u00f6vesd, Maros-Torda vm., 1895. jan. 4. &#8211; Mv., 1976. dec. 23). Dr. med., k\u00f3rh\u00e1zigazgat\u00f3 Mv.-en. Gyermekei : J\u00falia, J\u00f3zsef (1941\u2013). \u2013 F. m.: Erd\u00e9lyi [&hellip;]<\/p>\n","protected":false},"featured_media":0,"comment_status":"open","ping_status":"closed","template":"","meta":[],"product_brand":[],"product_cat":[137],"product_tag":[],"class_list":{"0":"post-11609","1":"product","2":"type-product","3":"status-publish","5":"product_cat-maros-megyei-eletrajzi-lexikon","7":"first","8":"instock","9":"shipping-taxable","10":"product-type-simple"},"_links":{"self":[{"href":"https:\/\/uj.adatbank.ro\/lexikon\/wp-json\/wp\/v2\/product\/11609","targetHints":{"allow":["GET"]}}],"collection":[{"href":"https:\/\/uj.adatbank.ro\/lexikon\/wp-json\/wp\/v2\/product"}],"about":[{"href":"https:\/\/uj.adatbank.ro\/lexikon\/wp-json\/wp\/v2\/types\/product"}],"replies":[{"embeddable":true,"href":"https:\/\/uj.adatbank.ro\/lexikon\/wp-json\/wp\/v2\/comments?post=11609"}],"wp:attachment":[{"href":"https:\/\/uj.adatbank.ro\/lexikon\/wp-json\/wp\/v2\/media?parent=11609"}],"wp:term":[{"taxonomy":"product_brand","embeddable":true,"href":"https:\/\/uj.adatbank.ro\/lexikon\/wp-json\/wp\/v2\/product_brand?post=11609"},{"taxonomy":"product_cat","embeddable":true,"href":"https:\/\/uj.adatbank.ro\/lexikon\/wp-json\/wp\/v2\/product_cat?post=11609"},{"taxonomy":"product_tag","embeddable":true,"href":"https:\/\/uj.adatbank.ro\/lexikon\/wp-json\/wp\/v2\/product_tag?post=11609"}],"curies":[{"name":"wp","href":"https:\/\/api.w.org\/{rel}","templated":true}]}}