{"id":11610,"date":"2025-06-29T13:58:56","date_gmt":"2025-06-29T11:58:56","guid":{"rendered":"https:\/\/uj.adatbank.ro\/lexikon\/termek\/kemeny-klio-%c2%a7-magyargyeromonostori-br\/"},"modified":"2025-06-29T13:58:56","modified_gmt":"2025-06-29T11:58:56","slug":"kemeny-klio-%c2%a7-magyargyeromonostori-br","status":"publish","type":"product","link":"https:\/\/uj.adatbank.ro\/lexikon\/termek\/kemeny-klio-%c2%a7-magyargyeromonostori-br\/","title":{"rendered":"KEM\u00c9NY Kli\u00f3, \u00a7 magyargyer\u0151monostori br."},"content":{"rendered":"<p>Marosv\u00e9cs, 1929. \u00e1pr. 6., \u2020 Bp., 2000. m\u00e1rc. 29. B\u00facs\u00faztat\u00e1sa a bp.-i Hazat\u00e9r\u00e9s templom\u00e1ban ( 2000. \u00e1pr. 18.), Marosv\u00e9csen nyugszik (2000. j\u00fan 6.): opera\u00e9nekesn\u0151. \u2013 Kem\u00e9ny J\u00e1nos (1903\u20131971) \u00e9s Patton, Augusta of Grandhome, le\u00e1nya. \u2013 Zenei tanulm\u00e1nyait mag\u00e1n\u00faton v\u00e9gezte, tanult Bed\u0151 Emm\u00e1n\u00e1l, Tr\u00f3zner J\u00f3zsefn\u00e9l, D\u2019Andr\u00e9 Albertn\u00e9l \u00e9s Maczalik Gabriell\u00e1n\u00e1l Tagja volt a kv.-i \u00c1llami Magyar Oper\u00e1nak (1948\u201361), majd a Szegedi Nemzeti Sz\u00ednh\u00e1znak mag\u00e1n\u00e9nekese (1961\u201369); a Magyar Sz\u00ednh\u00e1zi Int\u00e9zet tagja (1969\u201373). Sz\u00e1mtalan \u00f6n\u00e1ll\u00f3 hangversenyt adott. Els\u0151 egy\u00e9ni fell\u00e9p\u00e9se a buk.-i \u00c1llami Filharm\u00f3nis keret\u00e9ben rendezett Dalesten volt. Sz\u00e1mos hangversenyen szerepelt Mv.-en \u00e9s Kv.-on (1961\u2013), a bp.-i Filharm\u00f3nia Kamaraterm\u00e9ben; hangversenyk\u00f6r\u00faton volt Angli\u00e1ban; \u00e1ri\u00e1kkal, dalokkal t\u00f6bbsz\u00f6r l\u00e9pett fel a bp.-i r\u00e1di\u00f3ban. Ferjei: Maresch B\u00e9la (Kv., 1949), elv. 1954); Erkel Lajos (Kv., 1961. elv.); Asztalos S\u00e1ndor \u00edr\u00f3 (Bp., 1968, meghalt 1970). \u2013 <strong>F. sz.:<\/strong> Estrella b\u00e1r\u00f3n\u0151 (Kod\u00e1ly Zolt\u00e1n: H\u00e1ry J\u00e1nos); Pir\u00f3k mad\u00e1r (Kraszev: T\u00e9lap\u00f3), Fen\u00e9na (Verdi: Nabucco), Lucia (Mascagni: Parasztbecs\u00fclet); Zita (Puccini: Gianni Schicchi); Linetta (Prokofiev: A h\u00e1rom narancs szerelme); Koncsakova (Borogyin Igor herceg); Eboli (Vedi: Don Carlos); Azucena (Verdi : A trubadur), F\u0151n\u00f6kn\u0151 (Puccini: Angelica n\u0151v\u00e9r); Amneris (Verdi: Aida). <br \/><strong>Irod.:<\/strong> Enyedi; Gudenus; Imreh Ern\u0151: Volt egyszer egy Kem\u00e9ny Kli\u00f3 (\u00c1talvet\u0151, 2000. j\u00fan.); Katona Szab\u00f3 Istv\u00e1n: Az \u00daj \u00c9let lexikona, 89. (\u00daj \u00c9let, 5. sz. 1974.); Kornis; [Nekrol\u00f3g] (N\u00fa., 2000. m\u00e1rc. 31.)<\/br><\/p>\n","protected":false},"excerpt":{"rendered":"<p>Marosv\u00e9cs, 1929. \u00e1pr. 6., \u2020 Bp., 2000. m\u00e1rc. 29. B\u00facs\u00faztat\u00e1sa a bp.-i Hazat\u00e9r\u00e9s templom\u00e1ban ( 2000. \u00e1pr. 18.), Marosv\u00e9csen nyugszik (2000. j\u00fan 6.): opera\u00e9nekesn\u0151. \u2013 Kem\u00e9ny J\u00e1nos (1903\u20131971) \u00e9s Patton, Augusta of Grandhome, le\u00e1nya. \u2013 Zenei tanulm\u00e1nyait mag\u00e1n\u00faton v\u00e9gezte, tanult Bed\u0151 Emm\u00e1n\u00e1l, Tr\u00f3zner J\u00f3zsefn\u00e9l, D\u2019Andr\u00e9 Albertn\u00e9l \u00e9s Maczalik Gabriell\u00e1n\u00e1l Tagja volt a kv.-i \u00c1llami Magyar [&hellip;]<\/p>\n","protected":false},"featured_media":0,"comment_status":"open","ping_status":"closed","template":"","meta":[],"product_brand":[],"product_cat":[137],"product_tag":[],"class_list":{"0":"post-11610","1":"product","2":"type-product","3":"status-publish","5":"product_cat-maros-megyei-eletrajzi-lexikon","7":"first","8":"instock","9":"shipping-taxable","10":"product-type-simple"},"_links":{"self":[{"href":"https:\/\/uj.adatbank.ro\/lexikon\/wp-json\/wp\/v2\/product\/11610","targetHints":{"allow":["GET"]}}],"collection":[{"href":"https:\/\/uj.adatbank.ro\/lexikon\/wp-json\/wp\/v2\/product"}],"about":[{"href":"https:\/\/uj.adatbank.ro\/lexikon\/wp-json\/wp\/v2\/types\/product"}],"replies":[{"embeddable":true,"href":"https:\/\/uj.adatbank.ro\/lexikon\/wp-json\/wp\/v2\/comments?post=11610"}],"wp:attachment":[{"href":"https:\/\/uj.adatbank.ro\/lexikon\/wp-json\/wp\/v2\/media?parent=11610"}],"wp:term":[{"taxonomy":"product_brand","embeddable":true,"href":"https:\/\/uj.adatbank.ro\/lexikon\/wp-json\/wp\/v2\/product_brand?post=11610"},{"taxonomy":"product_cat","embeddable":true,"href":"https:\/\/uj.adatbank.ro\/lexikon\/wp-json\/wp\/v2\/product_cat?post=11610"},{"taxonomy":"product_tag","embeddable":true,"href":"https:\/\/uj.adatbank.ro\/lexikon\/wp-json\/wp\/v2\/product_tag?post=11610"}],"curies":[{"name":"wp","href":"https:\/\/api.w.org\/{rel}","templated":true}]}}