{"id":11611,"date":"2025-06-29T13:58:57","date_gmt":"2025-06-29T11:58:57","guid":{"rendered":"https:\/\/uj.adatbank.ro\/lexikon\/termek\/kemeny-krisztina-%c2%a7-magyargyeromonostori-magyargyeromonostori-br-bethlen-palne\/"},"modified":"2025-06-29T13:58:57","modified_gmt":"2025-06-29T11:58:57","slug":"kemeny-krisztina-%c2%a7-magyargyeromonostori-magyargyeromonostori-br-bethlen-palne","status":"publish","type":"product","link":"https:\/\/uj.adatbank.ro\/lexikon\/termek\/kemeny-krisztina-%c2%a7-magyargyeromonostori-magyargyeromonostori-br-bethlen-palne\/","title":{"rendered":"KEM\u00c9NY Krisztina, \u00a7 magyargyer\u0151monostori magyargyer\u0151monostori br. Bethlen P\u00e1ln\u00e9"},"content":{"rendered":"<p>1756.? \u2020 Kv., 1811. m\u00e1rc. 25. Nagysaj\u00f3n temett\u00e9k: Bethlen P\u00e1l (1735\u20131795) cs. k. kamar\u00e1s \u00e9s gener\u00e1lis feles\u00e9ge. 6 gyereke \u00e9s 13 unok\u00e1ja volt. <br \/><strong>Irod.:<\/strong> Fogarasi; Lev\u00e9lt\u00e1ri gy\u00e1szj.<\/br><\/p>\n","protected":false},"excerpt":{"rendered":"<p>1756.? \u2020 Kv., 1811. m\u00e1rc. 25. Nagysaj\u00f3n temett\u00e9k: Bethlen P\u00e1l (1735\u20131795) cs. k. kamar\u00e1s \u00e9s gener\u00e1lis feles\u00e9ge. 6 gyereke \u00e9s 13 unok\u00e1ja volt. Irod.: Fogarasi; Lev\u00e9lt\u00e1ri gy\u00e1szj.<\/p>\n","protected":false},"featured_media":0,"comment_status":"open","ping_status":"closed","template":"","meta":[],"product_brand":[],"product_cat":[137],"product_tag":[],"class_list":{"0":"post-11611","1":"product","2":"type-product","3":"status-publish","5":"product_cat-maros-megyei-eletrajzi-lexikon","7":"first","8":"instock","9":"shipping-taxable","10":"product-type-simple"},"_links":{"self":[{"href":"https:\/\/uj.adatbank.ro\/lexikon\/wp-json\/wp\/v2\/product\/11611","targetHints":{"allow":["GET"]}}],"collection":[{"href":"https:\/\/uj.adatbank.ro\/lexikon\/wp-json\/wp\/v2\/product"}],"about":[{"href":"https:\/\/uj.adatbank.ro\/lexikon\/wp-json\/wp\/v2\/types\/product"}],"replies":[{"embeddable":true,"href":"https:\/\/uj.adatbank.ro\/lexikon\/wp-json\/wp\/v2\/comments?post=11611"}],"wp:attachment":[{"href":"https:\/\/uj.adatbank.ro\/lexikon\/wp-json\/wp\/v2\/media?parent=11611"}],"wp:term":[{"taxonomy":"product_brand","embeddable":true,"href":"https:\/\/uj.adatbank.ro\/lexikon\/wp-json\/wp\/v2\/product_brand?post=11611"},{"taxonomy":"product_cat","embeddable":true,"href":"https:\/\/uj.adatbank.ro\/lexikon\/wp-json\/wp\/v2\/product_cat?post=11611"},{"taxonomy":"product_tag","embeddable":true,"href":"https:\/\/uj.adatbank.ro\/lexikon\/wp-json\/wp\/v2\/product_tag?post=11611"}],"curies":[{"name":"wp","href":"https:\/\/api.w.org\/{rel}","templated":true}]}}