{"id":11612,"date":"2025-06-29T13:58:59","date_gmt":"2025-06-29T11:58:59","guid":{"rendered":"https:\/\/uj.adatbank.ro\/lexikon\/termek\/kemeny-lajos-magyargyeromonostori-br\/"},"modified":"2025-06-29T13:58:59","modified_gmt":"2025-06-29T11:58:59","slug":"kemeny-lajos-magyargyeromonostori-br","status":"publish","type":"product","link":"https:\/\/uj.adatbank.ro\/lexikon\/termek\/kemeny-lajos-magyargyeromonostori-br\/","title":{"rendered":"KEM\u00c9NY Lajos, magyargyer\u0151monostori br."},"content":{"rendered":"<p>S\u00e1msond, 1799. szept. 29. v. 1811 \u2020 Vajdahunyad, 1879. j\u00fal. 7.: f\u00f6ldbirtokos, honv\u00e9d\u0151rnagy. \u2013 J\u00f3zsef \u00e9s R\u00e9ti Zsuzsanna fia. Feles\u00e9ge marosszentgy\u00f6rgyi Makray Eszter. Gyermekei: Mikl\u00f3s, Elek, Karolina, Borb\u00e1la. D\u00e9va f\u0151parancsnoka, a r\u00f6gt\u00f6n\u00edt\u00e9l\u0151 b\u00edr\u00f3s\u00e1g eln\u00f6ke (1849). Vil\u00e1gos ut\u00e1n k\u00f6t\u00e9l\u00e1ltali hal\u00e1lra \u00edt\u00e9lt\u00e9k, ezt 15 \u00e9vi v\u00e1rfogs\u00e1gra v\u00e1ltoztatt\u00e1k. <br \/><strong>Irod.:<\/strong> Gracza Gy\u00f6rgy : Az 1848\u201349-iki magyar szabads\u00e1gharc t\u00f6rt\u00e9nete (Bp., 1894\u201398); MNZsK; PIM; RNL; \u00daIL<\/br><\/p>\n","protected":false},"excerpt":{"rendered":"<p>S\u00e1msond, 1799. szept. 29. v. 1811 \u2020 Vajdahunyad, 1879. j\u00fal. 7.: f\u00f6ldbirtokos, honv\u00e9d\u0151rnagy. \u2013 J\u00f3zsef \u00e9s R\u00e9ti Zsuzsanna fia. Feles\u00e9ge marosszentgy\u00f6rgyi Makray Eszter. Gyermekei: Mikl\u00f3s, Elek, Karolina, Borb\u00e1la. D\u00e9va f\u0151parancsnoka, a r\u00f6gt\u00f6n\u00edt\u00e9l\u0151 b\u00edr\u00f3s\u00e1g eln\u00f6ke (1849). Vil\u00e1gos ut\u00e1n k\u00f6t\u00e9l\u00e1ltali hal\u00e1lra \u00edt\u00e9lt\u00e9k, ezt 15 \u00e9vi v\u00e1rfogs\u00e1gra v\u00e1ltoztatt\u00e1k. Irod.: Gracza Gy\u00f6rgy : Az 1848\u201349-iki magyar szabads\u00e1gharc t\u00f6rt\u00e9nete (Bp., [&hellip;]<\/p>\n","protected":false},"featured_media":0,"comment_status":"open","ping_status":"closed","template":"","meta":[],"product_brand":[],"product_cat":[137],"product_tag":[],"class_list":{"0":"post-11612","1":"product","2":"type-product","3":"status-publish","5":"product_cat-maros-megyei-eletrajzi-lexikon","7":"first","8":"instock","9":"shipping-taxable","10":"product-type-simple"},"_links":{"self":[{"href":"https:\/\/uj.adatbank.ro\/lexikon\/wp-json\/wp\/v2\/product\/11612","targetHints":{"allow":["GET"]}}],"collection":[{"href":"https:\/\/uj.adatbank.ro\/lexikon\/wp-json\/wp\/v2\/product"}],"about":[{"href":"https:\/\/uj.adatbank.ro\/lexikon\/wp-json\/wp\/v2\/types\/product"}],"replies":[{"embeddable":true,"href":"https:\/\/uj.adatbank.ro\/lexikon\/wp-json\/wp\/v2\/comments?post=11612"}],"wp:attachment":[{"href":"https:\/\/uj.adatbank.ro\/lexikon\/wp-json\/wp\/v2\/media?parent=11612"}],"wp:term":[{"taxonomy":"product_brand","embeddable":true,"href":"https:\/\/uj.adatbank.ro\/lexikon\/wp-json\/wp\/v2\/product_brand?post=11612"},{"taxonomy":"product_cat","embeddable":true,"href":"https:\/\/uj.adatbank.ro\/lexikon\/wp-json\/wp\/v2\/product_cat?post=11612"},{"taxonomy":"product_tag","embeddable":true,"href":"https:\/\/uj.adatbank.ro\/lexikon\/wp-json\/wp\/v2\/product_tag?post=11612"}],"curies":[{"name":"wp","href":"https:\/\/api.w.org\/{rel}","templated":true}]}}